{"id":4173,"date":"2022-03-29T11:44:23","date_gmt":"2022-03-29T08:44:23","guid":{"rendered":"https:\/\/antandros.org\/?page_id=4173"},"modified":"2022-03-29T11:44:42","modified_gmt":"2022-03-29T08:44:42","slug":"altinoluk-tarihi-antandros-sehrini-kurtarma-koruma-ve-yasatma-dernegi-ortaokullar-arasi-resim-yarismasi-yarisma-sartnamesi","status":"publish","type":"page","link":"https:\/\/antandros.org\/en\/altinoluk-tarihi-antandros-sehrini-kurtarma-koruma-ve-yasatma-dernegi-ortaokullar-arasi-resim-yarismasi-yarisma-sartnamesi\/","title":{"rendered":"ALTINOLUK TAR\u0130H\u0130 ANTANDROS \u015eEHR\u0130N\u0130 KURTARMA, KORUMA ve YA\u015eATMA DERNE\u011e\u0130 ORTAOKULLAR ARASI RES\u0130M YARI\u015eMASI YARI\u015eMA \u015eARTNAMES\u0130"},"content":{"rendered":"<p>-Alt\u0131noluk Tarihi Antandros \u015eehrini Kurtarma, Koruma ve Ya\u015fatma Derne\u011fi taraf\u0131ndan bu y\u0131l ilki d\u00fczenlenecek ve dijital platform \u00fczerinden y\u00fcr\u00fct\u00fclecek, ortaokullar (5.6.7. ve 8. s\u0131n\u0131f) aras\u0131 resim yar\u0131\u015fmas\u0131na, Bal\u0131kesir ili Edremit il\u00e7esinde yer alan kurumlarda e\u011fitim g\u00f6ren \u00f6\u011frenciler kat\u0131labilecektir.<\/p>\n\n\n\n<p>2-Yar\u0131\u015fman\u0131n Konusu (\u0130\u00e7eri\u011fi): \u2018K\u00fclt\u00fcrel Miras\u0131m\u0131z Antandros; Mitoloji ve Arkeoloji\u2019.<\/p>\n\n\n\n<p>3-\u00c7al\u0131\u015fmalar, \u00f6\u011frencilerin kendisine ait olacak ve grup \u00e7al\u0131\u015fmas\u0131\/\u00e7al\u0131\u015fmalar\u0131, yar\u0131\u015fma d\u0131\u015f\u0131 b\u0131rak\u0131lacakt\u0131r.<\/p>\n\n\n\n<p>4-Kat\u0131l\u0131mc\u0131lar, malzeme ve teknik se\u00e7iminde serbesttir.<\/p>\n\n\n\n<p>5-\u00c7al\u0131\u015fmalar\u0131n boyutlar\u0131, A4 formundan (210\u00d7297 mm) k\u00fc\u00e7\u00fck, 50\u00d770 cm\u2019den b\u00fcy\u00fck olmayacakt\u0131r.<\/p>\n\n\n\n<p>6-\u00d6\u011frenciler, yar\u0131\u015fmaya en fazla iki \u00e7al\u0131\u015fma ile kat\u0131labilir.<\/p>\n\n\n\n<p>7-Son ba\u015fvuru tarihi, 15 May\u0131s 2022\u2019dir. Kat\u0131l\u0131mc\u0131lar, \u00e7al\u0131\u015fmalar\u0131na ili\u015fkin g\u00f6rselleri, belirtilen tarihe kadar derne\u011fin e-posta (antandrosdernegi@gmail.com) adresine g\u00f6nderecekler ve her \u00e7al\u0131\u015fma i\u00e7in a\u015fa\u011f\u0131da belirtilen kalemlerden olu\u015fan k\u00fcnyeyi ekleyeceklerdir.<\/p>\n\n\n\n<p>a-\u00d6\u011frencinin ad\u0131 ve soyad\u0131,<\/p>\n\n\n\n<p>b-Ya\u015f\u0131,<\/p>\n\n\n\n<p>c-E\u011fitim kurumu ad\u0131 ve s\u0131n\u0131f\u0131,<\/p>\n\n\n\n<p>d-\u0130leti\u015fim bilgileri (okul, ev, cep telefonu ve e-posta adresi),<\/p>\n\n\n\n<p>e-\u00c7al\u0131\u015fman\u0131n ad\u0131, boyutu, malzeme ve tekni\u011fi.<\/p>\n\n\n\n<p>8-\u00c7al\u0131\u015fmalar\u0131n, en iyi \u015fekilde temsil edilmesi\/belgelenmesi i\u00e7in, yap\u0131tlara ili\u015fkin g\u00f6rsellerin m\u00fcmk\u00fcn oldu\u011funca y\u00fcksek \u00e7\u00f6z\u00fcn\u00fcrl\u00fckte olmas\u0131na \u00f6zen g\u00f6sterilmelidir.<\/p>\n\n\n\n<p>9-De\u011ferlendirme sonu\u00e7lar\u0131, 01 Haziran 2022 tarihinde kat\u0131l\u0131mc\u0131lara ve kamuoyuna duyurulacakt\u0131r. Dereceye giren (ilk \u00fc\u00e7 \u00e7al\u0131\u015fma), mansiyona lay\u0131k g\u00f6r\u00fclen (4, 5, 6, 7 ve 8.li\u011fe) ve sergilenmeye hak kazanan \u00e7al\u0131\u015fmalar, 15-30 Haziran 2022 tarihleri aras\u0131nda derne\u011fin web sitesi ve sosyal medya hesaplar\u0131 \u00fczerinden kamuoyunun takdirine sunulacakt\u0131r.<\/p>\n\n\n\n<p>Yan\u0131 s\u0131ra \u00f6d\u00fcl ve mansiyon almaya lay\u0131k g\u00f6r\u00fclen ve sergilenme hakk\u0131 kazanan \u00e7al\u0131\u015fmalar, Derne\u011fin salonlar\u0131nda e\u015fzamanl\u0131 olarak sergilenecektir. Bu nedenle, an\u0131lan kategorilere giren yap\u0131tlar, Dernek y\u00f6netimine en ge\u00e7 10 Haziran 2022 tarihine kadar \u00e7er\u00e7eveli olarak teslim edilmelidir.<\/p>\n\n\n\n<p>Yar\u0131\u015fmaya katk\u0131 sa\u011flayan \u00f6\u011frencilere \u2018Kat\u0131l\u0131mc\u0131\/Te\u015fekk\u00fcr Belgesi\u2019 verilecektir.<\/p>\n\n\n\n<p>10-Birincilik \u00f6d\u00fcl\u00fc: 3.000.-, ikincilik \u00f6d\u00fcl\u00fc 2.000.- ve \u00fc\u00e7\u00fcnc\u00fcl\u00fck \u00f6d\u00fcl\u00fc 1.000.- lirad\u0131r; mansiyon almaya hak kazanan \u00f6\u011frenciler, sanatsal malzemeyle (defter, tuval, boya vb) \u00f6d\u00fcllendirilecektir.<\/p>\n\n\n\n<p>\u0130lk \u00fc\u00e7 dereceye giren \u00e7al\u0131\u015fmalar, Dernek koleksiyonuna dahil edilecektir.<\/p>\n\n\n\n<p>12-Se\u00e7ici Kurul \u00dcyeleri (soyad\u0131 esas al\u0131narak alfabetik):<\/p>\n\n\n\n<p>Latife Ak\u0131n<\/p>\n\n\n\n<p>Alp Bartu<\/p>\n\n\n\n<p>Halilhan Dostal<\/p>\n\n\n\n<p>Filiz Pelit<\/p>\n\n\n\n<p>Assoc. Prof. Yasemin POLAT<\/p>","protected":false},"excerpt":{"rendered":"<div class=\"entry-summary\">\n<div class=\"entry-summary\">\n-Alt\u0131noluk Tarihi Antandros \u015eehrini Kurtarma, Koruma ve Ya\u015fatma Derne\u011fi taraf\u0131ndan bu y\u0131l ilki d\u00fczenlenecek ve dijital platform \u00fczerinden y\u00fcr\u00fct\u00fclecek, ortaokullar (5.6.7. ve 8. s\u0131n\u0131f) aras\u0131 resim yar\u0131\u015fmas\u0131na, Bal\u0131kesir ili Edremit il\u00e7esinde yer alan kurumlarda e\u011fitim g\u00f6ren \u00f6\u011frenciler kat\u0131labilecektir. 2-Yar\u0131\u015fman\u0131n Konusu&hellip;\n<\/div>\n<div class=\"link-more\"><a href=\"https:\/\/antandros.org\/en\/altinoluk-tarihi-antandros-sehrini-kurtarma-koruma-ve-yasatma-dernegi-ortaokullar-arasi-resim-yarismasi-yarisma-sartnamesi\/\" class=\"more-link\">Devam\u0131<span class=\"screen-reader-text\"> &ldquo;ALTINOLUK TAR\u0130H\u0130 ANTANDROS \u015eEHR\u0130N\u0130 KURTARMA, KORUMA ve YA\u015eATMA DERNE\u011e\u0130 ORTAOKULLAR ARASI RES\u0130M YARI\u015eMASI YARI\u015eMA \u015eARTNAMES\u0130&rdquo;<\/span>&hellip;<\/a><\/div>\n<\/div>\n<div class=\"link-more\"><a href=\"https:\/\/antandros.org\/en\/altinoluk-tarihi-antandros-sehrini-kurtarma-koruma-ve-yasatma-dernegi-ortaokullar-arasi-resim-yarismasi-yarisma-sartnamesi\/\" class=\"more-link\">Devam\u0131<span class=\"screen-reader-text\"> &ldquo;ALTINOLUK TAR\u0130H\u0130 ANTANDROS \u015eEHR\u0130N\u0130 KURTARMA, KORUMA ve YA\u015eATMA DERNE\u011e\u0130 ORTAOKULLAR ARASI RES\u0130M YARI\u015eMASI YARI\u015eMA \u015eARTNAMES\u0130&rdquo;<\/span>&hellip;<\/a><\/div>","protected":false},"author":1,"featured_media":0,"parent":0,"menu_order":0,"comment_status":"closed","ping_status":"closed","template":"","meta":{"footnotes":""},"class_list":["post-4173","page","type-page","status-publish","hentry","entry"],"wps_subtitle":"","_links":{"self":[{"href":"https:\/\/antandros.org\/en\/wp-json\/wp\/v2\/pages\/4173","targetHints":{"allow":["GET"]}}],"collection":[{"href":"https:\/\/antandros.org\/en\/wp-json\/wp\/v2\/pages"}],"about":[{"href":"https:\/\/antandros.org\/en\/wp-json\/wp\/v2\/types\/page"}],"author":[{"embeddable":true,"href":"https:\/\/antandros.org\/en\/wp-json\/wp\/v2\/users\/1"}],"replies":[{"embeddable":true,"href":"https:\/\/antandros.org\/en\/wp-json\/wp\/v2\/comments?post=4173"}],"version-history":[{"count":1,"href":"https:\/\/antandros.org\/en\/wp-json\/wp\/v2\/pages\/4173\/revisions"}],"predecessor-version":[{"id":4174,"href":"https:\/\/antandros.org\/en\/wp-json\/wp\/v2\/pages\/4173\/revisions\/4174"}],"wp:attachment":[{"href":"https:\/\/antandros.org\/en\/wp-json\/wp\/v2\/media?parent=4173"}],"curies":[{"name":"wp","href":"https:\/\/api.w.org\/{rel}","templated":true}]}}