{"id":4102,"date":"2021-12-27T17:09:02","date_gmt":"2021-12-27T14:09:02","guid":{"rendered":"https:\/\/antandros.org\/?page_id=4102"},"modified":"2021-12-27T18:15:24","modified_gmt":"2021-12-27T15:15:24","slug":"kazi-ekibi-2021-2019","status":"publish","type":"page","link":"https:\/\/antandros.org\/en\/kazi-ekibi-2021-2019\/","title":{"rendered":"Kaz\u0131 Ekibi 2021-2019"},"content":{"rendered":"<h2>Excavation <strong>Team <\/strong>2021-2019<\/h2>\n<h3><mark>2021<\/mark><\/h3>\n<p>\t\t\t\t<img loading=\"lazy\" decoding=\"async\" src=\"https:\/\/antandros.org\/wp-content\/uploads\/2021\/12\/ekip2021.jpg\" alt=\"Kaz\u0131 Ekibi 2021 Toplu Foto\u011fraf\" itemprop=\"image\" height=\"599\" width=\"1280\" title=\"Kaz\u0131 Ekibi 2021 Toplu Foto\u011fraf\" onerror=\"this.style.display='none'\"  \/><\/p>\n<p><strong>Prof. Dr. G\u00fcrcan Polat<\/strong> (Kaz\u0131 Ba\u015fkan\u0131 &#8211; Klasik Arkeoloji \/ Heykel-Seramik)<br \/>\n<strong>Research Assist. Evren A\u00e7ar<\/strong> (Kaz\u0131 Ba\u015fkan Yard\u0131mc\u0131s\u0131 &#8211; Kaz\u0131 Ba\u015fkan Yard\u0131mc\u0131s\u0131 \u2013 Doktora \u00d6\u011frencisi \u2013 Ege \u00dcniversitesi)<br \/>\n<strong>Assoc. Prof. Yasemin POLAT<\/strong> (Classical Archaeology \/ Ceramics-Mythology)<br \/>\n<strong>Assoc. Prof. Kahraman Ya\u011f\u0131z<\/strong> (Classical Archaeology \/ Burial Traditions)<br \/>\n<strong>Melis \u00c7obano\u011fullar\u0131<\/strong> (Archaelogist, Masters in Classical Archaelogy)<br \/>\n<strong>Murat Karag\u00f6z<\/strong> (Graduate Student \u2013 Ege University)\n<\/p>\n<p><strong>Habib Koyuncu<\/strong> (Archaeologist)<br \/>\n<strong>Nadire \u0130nci Tutar<\/strong> (Graduate Student \u2013 Ege University)<br \/>\n<strong>Tuana Zara Eren<\/strong> (Ege University Classical Archaelogy \u2013 Undergraduate Student, 4th year)<br \/>\n<strong>Okan Emre G\u00fcney<\/strong> (Ege University Classical Archaelogy \u2013 Undergraduate Student, 3rd year)<br \/>\n<strong>\u00c7a\u011f\u0131l Kurut<\/strong> (Ege University Classical Archaelogy \u2013 Undergraduate Student, 2nd year)<br \/>\n<strong>Hakan Korkmaz<\/strong> (Ege University Classical Archaelogy \u2013 Undergraduate Student, 2nd year)<br \/>\n<strong>Jasmin Lara G\u00f6rdesligil<\/strong> (Ege University Classical Archaelogy \u2013 1st year)\n<\/p>\n<p><strong>Gizem Sel\u00e7uk<\/strong> (Ege University Classical Archaelogy \u2013 1st year)<br \/>\n<strong>\u00d6zge \u015eenses<\/strong> (Ko\u00e7 Univesity Archaelogy and History of Arts \u2013 4th year)<br \/>\n<strong>\u00c7i\u011fdem Ertem<\/strong> (Restorator)<br \/>\n<strong>Sebahattin Yavuz<\/strong> (\u0130stanbul University Molecular Biology and Genetics \u2013 4th year)<br \/>\n<strong>Yi\u011fit Kara<\/strong> (\u0130stanbul University Conservation and Restoration of Cultural Heritage \u2013 1st year)<br \/>\n<strong>Sadullah Alimahmuto\u011fullar\u0131<\/strong> (Efes Archaelogy Museum - Ministry Representative)\n<\/p>\n<h3><mark>2020<\/mark><\/h3>\n<p>\t\t\t\t<img loading=\"lazy\" decoding=\"async\" src=\"https:\/\/antandros.org\/wp-content\/uploads\/2021\/12\/ekip2020.jpg\" alt=\"Kaz\u0131 Ekibi 2020 Toplu Foto\u011fraf\" itemprop=\"image\" height=\"599\" width=\"1280\" title=\"Kaz\u0131 Ekibi 2020 Toplu Foto\u011fraf\" onerror=\"this.style.display='none'\"  \/><\/p>\n<p><strong>Prof. Dr. G\u00fcrcan Polat<\/strong> (Head of Excavations \u2013 Classical Archaeology<br \/>\n<strong>Assoc. Prof. Kahraman Ya\u011f\u0131z<\/strong> (Vice Head of Excavation \u2013 Classical Archaeology \/ Burial Traditions)<br \/>\n<strong>Assoc. Prof. Yasemin POLAT<\/strong> (Classical Archaeology \/ Ceramics-Mythology)<br \/>\n<strong>Research Assist. Evren A\u00e7ar<\/strong> (PhD Student \u2013 Ege University)<br \/>\n<strong>Melis \u00c7obano\u011fullar\u0131<\/strong> (Graduate Student \u2013 Mimar Sinan University)\n<\/p>\n<p><strong>Murat Karag\u00f6z <\/strong> (Graduate Student \u2013 Ege University)<br \/>\n<strong>Habib Koyuncu<\/strong> (Archaeologist)<br \/>\n<strong>Nadire \u0130nci Tutar<\/strong> (Ege University Classical Archaelogy \u2013 Undergraduate Student, 4th year)<br \/>\n<strong>Tuana Zara Eren<\/strong> (Ege University Classical Archaelogy \u2013 Undergraduate Student, 3rd year)<br \/>\n<strong>Okan Emre G\u00fcney<\/strong> (Ege University Classical Archaelogy \u2013 Undergraduate Student, 2nd year)<br \/>\n<strong>\u00c7a\u011f\u0131l \u00d6ztabak<\/strong> (Ege University Classical Archaelogy \u2013 1st year)\n<\/p>\n<p><strong>Hakan Korkmaz<\/strong> (Ege University Classical Archaelogy \u2013 1st year)<br \/>\n<strong>Utku Selek<\/strong> (Ege University Classical Archaelogy \u2013 1st year)<br \/>\n<strong>Ya\u011fmur Yap\u0131c\u0131<\/strong> (Ege University Classical Archaelogy \u2013 1st year)<br \/>\n<strong>Zeliha Do\u011fan<\/strong> (Band\u0131rma Archaelogy Museum - Ministry Representative)<br \/>\n<strong>Derya Nikolayidis<\/strong> (\u0130stanbul Archaelogy Museum - Ministry Representative)\n<\/p>\n<h3><mark>2019<\/mark><\/h3>\n<p>\t\t\t\t<img loading=\"lazy\" decoding=\"async\" src=\"https:\/\/antandros.org\/wp-content\/uploads\/2021\/12\/ekip2019.jpg\" alt=\"Kaz\u0131 Ekibi 2019 Toplu Foto\u011fraf\" itemprop=\"image\" height=\"599\" width=\"1280\" title=\"Kaz\u0131 Ekibi 2019 Toplu Foto\u011fraf\" onerror=\"this.style.display='none'\"  \/><\/p>\n<p><strong>Prof. Dr. G\u00fcrcan Polat<\/strong> (Head of Excavations \u2013 Classical Archaeology<br \/>\n<strong>Dr. Lecturer Kahraman Ya\u011f\u0131z<\/strong> (Vice Head of Excavation \u2013 Classical Archaeology \/ Burial Traditions)<br \/>\n<strong>Assoc. Prof. Yasemin POLAT<\/strong> (Classical Archaeology \/ Ceramics-Mythology)<br \/>\n<strong>Dr. \u00d6\u011fr. \u00dcyesi Se\u00e7il \u00c7oko\u011fullu<\/strong> (Classical Archeology \/ Mosaic, Figurine \/ Harran University )<br \/>\n<strong>Research Assist. Evren A\u00e7ar<\/strong> (PhD Student \u2013 Ege University)\n<\/p>\n<p><strong>Ecem Baysu<\/strong> (Graduate Student \u2013 Ege University)<br \/>\n<strong>Melis \u00c7obano\u011fullar\u0131<\/strong> (Graduate Student \u2013 Mimar Sinan University)<br \/>\n<strong>Murat Karag\u00f6z<\/strong> (Graduate Student \u2013 Ege University)<br \/>\n<strong>Elif Erdo\u011fan<\/strong> (Graduate Student \u2013 Celal Bayar University)<br \/>\n<strong>Habib Koyuncu<\/strong> (Archaeologist)<br \/>\n<strong>Nadire \u0130nci Tutar<\/strong> (Ege University Classical Archaelogy \u2013 Undergraduate Student, 3rd year)\n<\/p>\n<p><strong>Tuana Zara Eren<\/strong> (Ege University Classical Archaelogy \u2013 Undergraduate Student, 2nd year)<br \/>\n<strong>Bur\u00e7in G\u00fczel<\/strong> (Ege University Classical Archaelogy \u2013 Undergraduate Student, 2nd year)<br \/>\n<strong>Ra\u015fit Caner Kol<\/strong> (Ege University Classical Archaelogy \u2013 1st year)<br \/>\n<strong>Yaren Ak\u00e7u<\/strong> (Ege University Classical Archaelogy \u2013 1st year)<br \/>\n<strong>Okan Emre G\u00fcney<\/strong> (Dokuz Eyl\u00fcl Classical Archaelogy \u2013 1st year)<br \/>\n<strong>Ersin Karap\u0131nar<\/strong> (Bal\u0131kesir Kuvayi Milliye Museum - Ministry Representative)\n<\/p>\n<p><a href=\"https:\/\/antandros.org\/en\/kazi-ekibi-2018-2015\/\" class=\"wm-button size-large button\"><span class=\"icon-ion-android-arrow-dropright\" aria-hidden=\"true\"> <\/span>2018-2015<\/a><\/p>","protected":false},"excerpt":{"rendered":"<div class=\"entry-summary\">\n<div class=\"entry-summary\">\nRemoves the page intro section. Only the page content is displayed and page title is accessibly hidden.\n<\/div>\n<div class=\"link-more\"><a href=\"https:\/\/antandros.org\/en\/kazi-ekibi-2021-2019\/\" class=\"more-link\">Devam\u0131<span class=\"screen-reader-text\"> &ldquo;Kaz\u0131 Ekibi 2021-2019&rdquo;<\/span>&hellip;<\/a><\/div>\n<\/div>\n<div class=\"link-more\"><a href=\"https:\/\/antandros.org\/en\/kazi-ekibi-2021-2019\/\" class=\"more-link\">Devam\u0131<span class=\"screen-reader-text\"> &ldquo;Kaz\u0131 Ekibi 2021-2019&rdquo;<\/span>&hellip;<\/a><\/div>","protected":false},"author":1,"featured_media":0,"parent":0,"menu_order":110,"comment_status":"closed","ping_status":"closed","template":"templates\/no-intro.php","meta":{"footnotes":""},"class_list":["post-4102","page","type-page","status-publish","hentry","entry"],"wps_subtitle":"","_links":{"self":[{"href":"https:\/\/antandros.org\/en\/wp-json\/wp\/v2\/pages\/4102","targetHints":{"allow":["GET"]}}],"collection":[{"href":"https:\/\/antandros.org\/en\/wp-json\/wp\/v2\/pages"}],"about":[{"href":"https:\/\/antandros.org\/en\/wp-json\/wp\/v2\/types\/page"}],"author":[{"embeddable":true,"href":"https:\/\/antandros.org\/en\/wp-json\/wp\/v2\/users\/1"}],"replies":[{"embeddable":true,"href":"https:\/\/antandros.org\/en\/wp-json\/wp\/v2\/comments?post=4102"}],"version-history":[{"count":2,"href":"https:\/\/antandros.org\/en\/wp-json\/wp\/v2\/pages\/4102\/revisions"}],"predecessor-version":[{"id":4107,"href":"https:\/\/antandros.org\/en\/wp-json\/wp\/v2\/pages\/4102\/revisions\/4107"}],"wp:attachment":[{"href":"https:\/\/antandros.org\/en\/wp-json\/wp\/v2\/media?parent=4102"}],"curies":[{"name":"wp","href":"https:\/\/api.w.org\/{rel}","templated":true}]}}