{"id":3082,"date":"2019-07-06T00:04:03","date_gmt":"2019-07-05T21:04:03","guid":{"rendered":"http:\/\/antandros.org\/ant_wp\/?page_id=3082"},"modified":"2025-07-15T13:15:29","modified_gmt":"2025-07-15T10:15:29","slug":"uyelik","status":"publish","type":"page","link":"https:\/\/antandros.org\/en\/uyelik\/","title":{"rendered":"Be Our Member"},"content":{"rendered":"<img decoding=\"async\" src=\"http:\/\/antandros.org\/ant_wp\/wp-content\/uploads\/2019\/07\/ikon-form.png\" alt=\"Form \u0130kon\" itemprop=\"image\" title=\"Form \u0130konu\" onerror=\"this.style.display='none'\" loading='lazy' \/>\n<h2>\n\t\t\tMembership Form\t<\/h2>\n\t<p>Signed <strong><a href=\"https:\/\/antandros.org\/wp-content\/uploads\/2025\/07\/uyelik-basvuru-formu-2025-son.docx\" target=\"_self\" rel=\"noopener\">membership form<\/a><\/strong><\/p>\n\t\t\t\t<img decoding=\"async\" src=\"http:\/\/antandros.org\/ant_wp\/wp-content\/uploads\/2019\/07\/ikon-camera.png\" alt=\"Kamera \u0130konu\" itemprop=\"image\" title=\"\u0130kon Kamera\" onerror=\"this.style.display='none'\" loading='lazy' \/>\n<h2>\n\t\t\tPhoto\t<\/h2>\n\t<p class=\" translation-block\"><span style=\"color: #000000\"><strong><span style=\"color: #bc3639\">1<\/span><\/strong> recent photo<\/span><\/p>\n\t\t\t\t<img decoding=\"async\" src=\"http:\/\/antandros.org\/ant_wp\/wp-content\/uploads\/2019\/07\/ikon-id.png\" alt=\"Kimlik \u0130kon\" itemprop=\"image\" title=\"Kimlik \u0130konu\" onerror=\"this.style.display='none'\" loading='lazy' \/>\n<h2>\n\t\t\tCopy of National Identity Card\t<\/h2>\n\t<p class=\" translation-block\"><span style=\"color: #000000\">Copy of your <strong><span style=\"color: #bc3639\">ID<\/span><\/strong>  with a citizenship number.<\/span><\/p>\n\t<p class=\" translation-block\"><span style=\"color: #000000\">We kindly request you to send the documents to our association <span style=\"color: #bc3639\">address.<\/span><\/span><\/p>\n<h2>\n\t\t\tOrganization Bank Account Information \t<\/h2>\n\tAKBANK T.A.\u015e Alt\u0131noluk \u015eubesi <br \/>\n<strong>IBAN: TR:07 0004 6001 4688 8000 0372 37<\/strong>","protected":false},"excerpt":{"rendered":"<div class=\"entry-summary\">\n<div class=\"entry-summary\">\nRemoves the page intro section. Only the page content is displayed and page title is accessibly hidden.\n<\/div>\n<div class=\"link-more\"><a href=\"https:\/\/antandros.org\/en\/uyelik\/\" class=\"more-link\">Devam\u0131<span class=\"screen-reader-text\"> &ldquo;\u00dcyemiz Olun&rdquo;<\/span>&hellip;<\/a><\/div>\n<\/div>\n<div class=\"link-more\"><a href=\"https:\/\/antandros.org\/en\/uyelik\/\" class=\"more-link\">Devam\u0131<span class=\"screen-reader-text\"> &ldquo;\u00dcyemiz Olun&rdquo;<\/span>&hellip;<\/a><\/div>","protected":false},"author":1,"featured_media":0,"parent":0,"menu_order":110,"comment_status":"closed","ping_status":"closed","template":"templates\/no-intro.php","meta":{"footnotes":""},"class_list":["post-3082","page","type-page","status-publish","hentry","entry"],"wps_subtitle":"","_links":{"self":[{"href":"https:\/\/antandros.org\/en\/wp-json\/wp\/v2\/pages\/3082","targetHints":{"allow":["GET"]}}],"collection":[{"href":"https:\/\/antandros.org\/en\/wp-json\/wp\/v2\/pages"}],"about":[{"href":"https:\/\/antandros.org\/en\/wp-json\/wp\/v2\/types\/page"}],"author":[{"embeddable":true,"href":"https:\/\/antandros.org\/en\/wp-json\/wp\/v2\/users\/1"}],"replies":[{"embeddable":true,"href":"https:\/\/antandros.org\/en\/wp-json\/wp\/v2\/comments?post=3082"}],"version-history":[{"count":10,"href":"https:\/\/antandros.org\/en\/wp-json\/wp\/v2\/pages\/3082\/revisions"}],"predecessor-version":[{"id":4333,"href":"https:\/\/antandros.org\/en\/wp-json\/wp\/v2\/pages\/3082\/revisions\/4333"}],"wp:attachment":[{"href":"https:\/\/antandros.org\/en\/wp-json\/wp\/v2\/media?parent=3082"}],"curies":[{"name":"wp","href":"https:\/\/api.w.org\/{rel}","templated":true}]}}