{"id":3044,"date":"2019-07-05T01:43:39","date_gmt":"2019-07-04T22:43:39","guid":{"rendered":"http:\/\/antandros.org\/ant_wp\/?page_id=3044"},"modified":"2026-01-11T00:40:44","modified_gmt":"2026-01-10T21:40:44","slug":"projeler","status":"publish","type":"page","link":"https:\/\/antandros.org\/en\/projeler\/","title":{"rendered":"Projeler"},"content":{"rendered":"<p>ANTANDROS ASSOCIATION ARTS AND CULTURE PROJECTS<\/p>\n\t<p>Projelerimiz, Antandros Antik Kenti&#8217;nin tan\u0131t\u0131lmas\u0131na, tarihsel ve k\u00fclt\u00fcrel miras\u0131n ortaya \u00e7\u0131kart\u0131larak dostluk, bar\u0131\u015f ayn\u0131 zamanda turizm ve arkeolojiye katk\u0131 sa\u011flanmas\u0131na destek olmaktad\u0131r.<\/p>\n<a href=\"#projects\" class=\"wm-button button\"><span class=\"icon-ion-chevron-down\" aria-hidden=\"true\"> <\/span>OUR PROJECTS<\/a>","protected":false},"excerpt":{"rendered":"<div class=\"entry-summary\">\n<div class=\"entry-summary\">\nRemoves the page intro section. Only the page content is displayed and page title is accessibly hidden.\n<\/div>\n<div class=\"link-more\"><a href=\"https:\/\/antandros.org\/en\/projeler\/\" class=\"more-link\">Devam\u0131<span class=\"screen-reader-text\"> &ldquo;Projeler&rdquo;<\/span>&hellip;<\/a><\/div>\n<\/div>\n<div class=\"link-more\"><a href=\"https:\/\/antandros.org\/en\/projeler\/\" class=\"more-link\">Devam\u0131<span class=\"screen-reader-text\"> &ldquo;Projeler&rdquo;<\/span>&hellip;<\/a><\/div>","protected":false},"author":1,"featured_media":0,"parent":0,"menu_order":110,"comment_status":"closed","ping_status":"closed","template":"templates\/no-intro.php","meta":{"footnotes":""},"class_list":["post-3044","page","type-page","status-publish","hentry","entry"],"wps_subtitle":"","_links":{"self":[{"href":"https:\/\/antandros.org\/en\/wp-json\/wp\/v2\/pages\/3044","targetHints":{"allow":["GET"]}}],"collection":[{"href":"https:\/\/antandros.org\/en\/wp-json\/wp\/v2\/pages"}],"about":[{"href":"https:\/\/antandros.org\/en\/wp-json\/wp\/v2\/types\/page"}],"author":[{"embeddable":true,"href":"https:\/\/antandros.org\/en\/wp-json\/wp\/v2\/users\/1"}],"replies":[{"embeddable":true,"href":"https:\/\/antandros.org\/en\/wp-json\/wp\/v2\/comments?post=3044"}],"version-history":[{"count":2,"href":"https:\/\/antandros.org\/en\/wp-json\/wp\/v2\/pages\/3044\/revisions"}],"predecessor-version":[{"id":4359,"href":"https:\/\/antandros.org\/en\/wp-json\/wp\/v2\/pages\/3044\/revisions\/4359"}],"wp:attachment":[{"href":"https:\/\/antandros.org\/en\/wp-json\/wp\/v2\/media?parent=3044"}],"curies":[{"name":"wp","href":"https:\/\/api.w.org\/{rel}","templated":true}]}}