{"id":2611,"date":"2019-06-22T01:56:35","date_gmt":"2019-06-21T22:56:35","guid":{"rendered":"http:\/\/antandros.org\/ant_wp\/?page_id=2611"},"modified":"2019-09-14T01:24:41","modified_gmt":"2019-09-13T22:24:41","slug":"kazi-ekibi-2004-2000","status":"publish","type":"page","link":"https:\/\/antandros.org\/en\/kazi-ekibi-2004-2000\/","title":{"rendered":"Kaz\u0131 Ekibi 2004-2000"},"content":{"rendered":"<h2>Excavation <strong>Team <\/strong>2004-2000<\/h2>\n<h3><mark>2004<\/mark><\/h3>\n<p>\t\t\t\t<img decoding=\"async\" src=\"http:\/\/antandros.org\/ant_wp\/wp-content\/uploads\/2019\/06\/ekip2004.jpg\" alt=\"Kaz\u0131 Ekibi 2004 Toplu Foto\u011fraf\" itemprop=\"image\" title=\"Excavation Team 2004\"  \/><\/p>\n<p><strong>Asst. Prof. G\u00fcrcan POLAT<\/strong> (Ege University Faculty Member)<br \/>\n<strong>Asst. Prof. Selim ERDAL<\/strong> (Hacettepe University, Department of Anthropology)<br \/>\n<strong>Asst. Prof. Yasemin POLAT<\/strong> (Ege University Faculty Member)<br \/>\n<strong>Firdevs SAYILAN<\/strong> (Sanat Tarih\u00e7i &#8211; Foto\u011fraf Sanat\u00e7\u0131s\u0131)<br \/>\n<strong>Neriman \u00d6ZAYDIN<\/strong> (Director of Bal\u0131kesir Museum)<br \/>\n<strong>Necla OKAN<\/strong> (Archaeologist \u2013 Bal\u0131kesir Museum)<br \/>\n<strong>T\u00fclin TAN<\/strong> (Archaeologist \u2013 Bal\u0131kesir Museum)<br \/>\n<strong>Ali Kemal KARAYEL<\/strong> (Dokuz Eyl\u00fcl University Faculty Member, Department of Surveying and Cadastre)<br \/>\n<strong>Tuncay K\u00dc\u00c7\u00dcK<\/strong> (Ege University, Postgraduate in Archaeology)<br \/>\n<strong>Y\u00fccel PEHL\u0130VAN<\/strong> (Ege University, Postgraduate in Archaeology)<br \/>\n<strong>Kahraman YA\u011eIZ<\/strong> (Ege University, Postgraduate in Archaeology)<br \/>\n<strong>\u00d6zge YILDIZ<\/strong> (Hacettepe University, Postgraduate in Anthropology)<br \/>\n<strong>Se\u00e7il \u00c7OKO\u011eULLU<\/strong> (Archaeologist)<br \/>\n<strong>Ahu G\u00dcRER<\/strong> (Archaeologist)<br \/>\n<strong>Burcu SEKBAN <\/strong>(Archaeologist)\n<\/p>\n<p><strong>Serra SOMERSAN<\/strong> (Archaeologist)<br \/>\n<strong>Fatma \u015eENOL<\/strong> (Archaeologist)<br \/>\n<strong>Mustafa T\u00dcRK<\/strong> (Archaeologist)<br \/>\n<strong>Aytekin \u00dcNEY<\/strong> (Archaeologist)<br \/>\n<strong>Rabia AKTA\u015e<\/strong> (Student \u2013 Ege University, Department of Archaeology)<br \/>\n<strong>\u0130ffet ASIBOSTAN<\/strong> (Student \u2013 Ege University, Department of Archaeology)<br \/>\n<strong>\u00c7a\u011fda\u015f \u00c7ILDIR<\/strong> (Student \u2013 Ege University, Department of Archaeology)<br \/>\n<strong>Taylan DO\u011eAN<\/strong> (Student \u2013 Ege University, Department of Archaeology)<br \/>\n<strong>Duygu \u015eAH\u0130N<\/strong> (Student \u2013 Ege University, Department of Archaeology)<br \/>\n<strong>Bala YILDIRIM<\/strong> (Student \u2013 Ege University, Department of Archaeology)<br \/>\n<strong>Onur ZUNAL<\/strong> (Student \u2013 Ege University, Department of Archaeology)<br \/>\n<strong>Aslan \u00c7AKIR<\/strong> (Restorator)<br \/>\n<strong>Ceren ODABA\u015eO\u011eLU<\/strong> (Restorator)<br \/>\n<strong>Elif G\u00dcLER<\/strong> (Restorator)<br \/>\n<strong>Erg\u00fcn \u00c7A\u011eIRAN<\/strong> (Student \u2013 Istanbul University, Deparment of Conservation and Restoration Cultural Property)<br \/>\n<strong>Derya MET\u0130N<\/strong> (Student \u2013 Istanbul University, Deparment of Conservation and Restoration Cultural Property)\n<\/p>\n<p><strong>Eda O\u011eUZ<\/strong> (Student \u2013 Istanbul University, Deparment of Conservation and Restoration Cultural Property)<br \/>\n<strong>Zeynep \u00d6RGEN<\/strong> (Student \u2013 Istanbul University, Deparment of Conservation and Restoration Cultural Property)<br \/>\n<strong>Berkay TUNCAY<\/strong> (Student \u2013 Istanbul University, Deparment of Conservation and Restoration Cultural Property)<br \/>\n<strong>Hikmet G\u00dcNG\u00d6R<\/strong> (Student \u2013 Dokuz Eyl\u00fcl University, Department of Surveying and Cadastre)<br \/>\n<strong>Bar\u0131\u015f \u00dcNSAL<\/strong> (Student \u2013 Dokuz Eyl\u00fcl University, Department of Surveying and Cadastre)<br \/>\n<strong>Ersin YILMAZ<\/strong> (Student \u2013 Dokuz Eyl\u00fcl University, Department of Surveying and Cadastre)<br \/>\n<strong>Onur CER\u0130TO\u011eLU<\/strong> (Student\/ \u0130stanbul Teknik University Department of Architecture )<br \/>\n<strong>Oya OKUMU\u015e<\/strong> (Student\/ \u0130stanbul Teknik University Department of Architecture )<br \/>\n<strong>I\u015f\u0131k \u00d6ZBEK<\/strong> (Student \u2013 Dokuz Eyl\u00fcl University, Deparment of Architecture)\n<\/p>\n<h3><mark>2003<\/mark><\/h3>\n<p>\t\t\t\t<img decoding=\"async\" src=\"http:\/\/antandros.org\/ant_wp\/wp-content\/uploads\/2019\/06\/ekip2003.jpg\" alt=\"Kaz\u0131 Ekibi 2003 Toplu Foto\u011fraf\" itemprop=\"image\" title=\"Excavation Team 2003\"  \/><\/p>\n<p><strong>Asst. Prof. G\u00fcrcan POLAT<\/strong> (Ege University Faculty Member)<br \/>\n<strong>Asst. Prof. Yasemin POLAT<\/strong> (Ege University Faculty Member)<br \/>\n<strong>Firdevs SAYILAN<\/strong> (Sanat Tarih\u00e7i &#8211; Foto\u011fraf Sanat\u00e7\u0131s\u0131)<br \/>\n<strong>Neriman \u00d6ZAYDIN<\/strong> (Director of Bal\u0131kesir Museum)<br \/>\n<strong>Necla OKAN<\/strong> (Archaeologist \u2013 Bal\u0131kesir Museum)<br \/>\n<strong>\u0130lknur SUBA\u015eI<\/strong> (Archaeologist \u2013 Bal\u0131kesir Museum)<br \/>\n<strong>Y\u00fccel PEHL\u0130VAN<\/strong> (Ege University, Postgraduate in Archaeology)<br \/>\n<strong>Tuncay K\u00dc\u00c7\u00dcK<\/strong> (Archaeologist)<br \/>\n<strong>Burcu SEKBAN<\/strong> (Archaeologist)<br \/>\n<strong>Serra SOMERSAN<\/strong> (Archaeologist)<br \/>\n<strong>Fatma \u015eENOL<\/strong> (Archaeologist)<br \/>\n<strong>Kahraman YA\u011eIZ<\/strong> (Archaeologist)<br \/>\n<strong>\u00d6zge YILDIZ<\/strong> (Archaeologist)<br \/>\n<strong>Rabia AKTA\u015e<\/strong> (Student \u2013 Ege University, Department of Archaeology)<br \/>\n<strong>\u0130ffet ASIBOSTAN<\/strong> (Student \u2013 Ege University, Department of Archaeology)\n<\/p>\n<p><strong>Bet\u00fcl BA\u015eAK<\/strong> (Student \u2013 Ege University, Department of Archaeology)<br \/>\n<strong>Se\u00e7il \u00c7OKO\u011eULLU<\/strong> (Student \u2013 Ege University, Department of Archaeology)<br \/>\n<strong>Ahu G\u00dcRER<\/strong> (Student \u2013 Ege University, Department of Archaeology)<br \/>\n<strong>Aytekin \u00dcNEY<\/strong> (Student \u2013 Ege University, Department of Archaeology)<br \/>\n<strong>Bala YILDIRIM<\/strong> (Student \u2013 Ege University, Department of Archaeology)<br \/>\n<strong>Onur ZUNAL<\/strong> (Student \u2013 Ege University, Department of Archaeology)<br \/>\n<strong>Erkan \u00c7AKICI<\/strong> (Restorator)<br \/>\n<strong>Aslan \u00c7AKIR<\/strong> (Restorator)<br \/>\n<strong>Tu\u011fba D\u0130R\u0130CAN<\/strong> (Student \u2013 Ankara University, Restoration and Conservation Programme in Ba\u015fkent Vocational School)<br \/>\n<strong>G\u00fclenay ERDEM<\/strong> (Student\/ \u0130stanbul Teknik University Department of Architecture )<br \/>\n<strong>\u00c7i\u011fdem MAHSUNLAR<\/strong> (Student\/ \u0130stanbul Teknik University Department of Architecture )\n<\/p>\n<p><strong>Mert AYARO\u011eLU<\/strong> (Subaqua Society \/ METU)<br \/>\n<strong>Korhan B\u0130RCAN<\/strong> (Subaqua Society \/ METU)<br \/>\n<strong>MURAT B\u0130RCAN<\/strong> (Subaqua Society \/ METU)<br \/>\n<strong>Doruk D\u00dcNDAR<\/strong> (Subaqua Society \/ METU)<br \/>\n<strong>Sinan G\u00dcVEN<\/strong> (Subaqua Society \/ METU)<br \/>\n<strong>Koray K\u00dc\u00c7\u00dcK<\/strong> (Subaqua Society \/ METU)<br \/>\n<strong>Ye\u015fim \u00d6ZALP<\/strong> (Subaqua Society \/ METU)<br \/>\n<strong>Korhan \u00d6ZKAN<\/strong> (Subaqua Society \/ METU)<br \/>\n<strong>Oytun TUZCU<\/strong> (Subaqua Society \/ METU)\n<\/p>\n<h3><mark>2002<\/mark><\/h3>\n<p><strong>Asst. Prof. G\u00fcrcan POLAT<\/strong> (Ege University Faculty Member)<br \/>\n<strong>Asst. Prof. Selim ERDAL<\/strong> (Hacettepe University, Department of Anthropology)<br \/>\n<strong>Research Assistant Yasemin POLAT<\/strong> (Ege University Faculty Member)<br \/>\n<strong>Research Assistant Aytekin ERDO\u011eAN<\/strong> (Ege University Faculty Member)<br \/>\n<strong>Firdevs SAYILAN<\/strong> (Sanat Tarih\u00e7i &#8211; Foto\u011fraf Sanat\u00e7\u0131s\u0131)<br \/>\n<strong>Neriman \u00d6ZAYDIN<\/strong> (Director of Bal\u0131kesir Museum)<br \/>\n<strong>Turhan KAYABEY<\/strong> (Archaeologist \u2013 Bal\u0131kesir Museum)<br \/>\n<strong>Ali Metin B\u00dcY\u00dcKKARAKAYA<\/strong> (Hacettepe University, Postgraduate in Anthropology)<br \/>\n<strong>Bet\u00fcl BA\u015eAK<\/strong> (Student \u2013 Ege University, Department of Archaeology)<br \/>\n<strong>Se\u00e7il \u00c7OKO\u011eULLU<\/strong> (Student \u2013 Ege University, Department of Archaeology)<br \/>\n<strong>Ahu G\u00dcRER<\/strong> (Student \u2013 Ege University, Department of Archaeology)<br \/>\n<strong>A\u00e7elya K\u0130REZC\u0130 <\/strong>(Student \u2013 Ege University, Department of Archaeology)\n<\/p>\n<p><strong>Tuncay K\u00dc\u00c7\u00dcK<\/strong> (Student \u2013 Ege University, Department of Archaeology)<br \/>\n<strong>\u0130brahim \u00d6NAL<\/strong> (Student \u2013 Ege University, Department of Archaeology)<br \/>\n<strong>Mert SALGIN<\/strong> (Student \u2013 Ege University, Department of Archaeology)<br \/>\n<strong>Burcu SEKBAN<\/strong> (Student \u2013 Ege University, Department of Archaeology)<br \/>\n<strong>Serra SOMERSAN<\/strong> (Student \u2013 Ege University, Department of Archaeology)<br \/>\n<strong>Mete Mutlu \u015eAHAN<\/strong> (Student \u2013 Ege University, Department of Archaeology)<br \/>\n<strong>Fatma \u015eENOL<\/strong> (Student \u2013 Ege University, Department of Archaeology)<br \/>\n<strong>Sevim U\u00c7AR<\/strong> (Student \u2013 Ege University, Department of Archaeology)<br \/>\n<strong>Aytekin \u00dcNEY<\/strong> (Student \u2013 Ege University, Department of Archaeology)<br \/>\n<strong>Kahraman YA\u011eIZ<\/strong> (Student \u2013 Ege University, Department of Archaeology)<br \/>\n<strong>\u00d6zge YILDIZ<\/strong> (Student \u2013 Ege University, Department of Archaeology)<br \/>\n<strong>Onur ZUNAL<\/strong> (Student \u2013 Ege University, Department of Archaeology)<br \/>\n<strong>Erkan \u00c7AKICI<\/strong> (Restorator)\n<\/p>\n<p><strong>Aslan \u00c7AKIR<\/strong> (Restorator)<br \/>\n<strong>Mehmet U\u011eURYOL<\/strong> (Restorator)<br \/>\n<strong>Serdar AKG\u00dcL<\/strong> (Student \u2013 Ankara University, Restoration and Conservation Programme in Ba\u015fkent Vocational School)<br \/>\n<strong>Bar\u0131\u015f BAYSAL<\/strong> (Student \u2013 Ankara University, Restoration and Conservation Programme in Ba\u015fkent Vocational School)<br \/>\n<strong>Tu\u011fba D\u0130R\u0130CAN<\/strong> (Student \u2013 Ankara University, Restoration and Conservation Programme in Ba\u015fkent Vocational School)<br \/>\n<strong>Sel\u00e7uk K\u00dcR\u00dcM<\/strong> (Student \u2013 Ankara University, Restoration and Conservation Programme in Ba\u015fkent Vocational School)<br \/>\n<strong>Elvan S\u0130NAN<\/strong> (Student \u2013 Ankara University, Restoration and Conservation Programme in Ba\u015fkent Vocational School)<br \/>\n<strong>G\u00f6k\u00e7e ATABEY<\/strong> (Student \u2013 Dokuz Eyl\u00fcl University, Deparment of Architecture)\n<\/p>\n<h3><mark>2001<\/mark><\/h3>\n<p>\t\t\t\t<img decoding=\"async\" src=\"http:\/\/antandros.org\/ant_wp\/wp-content\/uploads\/2019\/06\/ekip2001.jpg\" alt=\"Kaz\u0131 Ekibi 2001 Toplu Foto\u011fraf\" itemprop=\"image\" title=\"Excavation Team 2001\"  \/><\/p>\n<p><strong>Asst. Prof. G\u00fcrcan POLAT<\/strong> (Ege University Faculty Member)<br \/>\n<strong>Asst. Prof. Cumhur TANRIVER<\/strong> (Ege University Faculty Member)<br \/>\n<strong>Research Assistant Yasemin POLAT<\/strong> (Ege University Faculty Member)<br \/>\n<strong>Research Assistant Aytekin ERDO\u011eAN<\/strong> (Ege University Faculty Member)<br \/>\n<strong>Firdevs SAYILAN<\/strong> (Sanat Tarih\u00e7i &#8211; Foto\u011fraf Sanat\u00e7\u0131s\u0131)<br \/>\n<strong>Neriman \u00d6ZAYDIN<\/strong> (Director of Bal\u0131kesir Museum)<br \/>\n<strong>Turhan KAYABEY<\/strong> (Archaeologist \u2013 Bal\u0131kesir Museum)<br \/>\n<strong>Bet\u00fcl BA\u015eAK<\/strong> (Student \u2013 Ege University, Department of Archaeology)<br \/>\n<strong>Serhan BAYGON<\/strong> (Student \u2013 Ege University, Department of Archaeology)<br \/>\n<strong>Se\u00e7il \u00c7OKO\u011eULLU<\/strong> (Student \u2013 Ege University, Department of Archaeology)\n<\/p>\n<p><strong>Devrim ER\u015eEN<\/strong> (Student \u2013 Ege University, Department of Archaeology)<br \/>\n<strong>M\u00fcge G\u00dcRALP<\/strong> (Student \u2013 Ege University, Department of Archaeology)<br \/>\n<strong>Ahu G\u00dcRER<\/strong> (Student \u2013 Ege University, Department of Archaeology)<br \/>\n<strong>Tuncay K\u00dc\u00c7\u00dcK<\/strong> (Student \u2013 Ege University, Department of Archaeology)<br \/>\n<strong>Y\u00fccel PEHL\u0130VAN<\/strong> (Student \u2013 Ege University, Department of Archaeology)<br \/>\n<strong>Burcu SEKBAN<\/strong> (Student \u2013 Ege University, Department of Archaeology)<br \/>\n<strong>Serra SOMERSAN<\/strong> (Student \u2013 Ege University, Department of Archaeology)<br \/>\n<strong>Fatma \u015eENOL<\/strong> (Student \u2013 Ege University, Department of Archaeology)<br \/>\n<strong>Elif TUNAK<\/strong> (Student \u2013 Istanbul University, Department of Art History)\n<\/p>\n<p><strong>Aytekin \u00dcNEY<\/strong> (Student \u2013 Ege University, Department of Archaeology)<br \/>\n<strong>Kahraman YA\u011eIZ<\/strong> (Student \u2013 Ege University, Department of Archaeology)<br \/>\n<strong>Erkan \u00c7AKICI<\/strong> (Student \u2013 Trakya University, Restoration and Conservation Programme)<br \/>\n<strong>Aslan \u00c7AKIR<\/strong> (Student \u2013 Ankara University, Restoration and Conservation Programme in Ba\u015fkent Vocational School)<br \/>\n<strong>Altan T\u00dcRKMEN<\/strong> (Student \u2013 Ankara University, Restoration and Conservation Programme in Ba\u015fkent Vocational School)<br \/>\n<strong>G\u00f6k\u00e7e ATABEY<\/strong> (Student \u2013 Dokuz Eyl\u00fcl University, Deparment of Architecture)<br \/>\n<strong>Aylin DURAK<\/strong> (Student \u2013 Dokuz Eyl\u00fcl University, Deparment of Architecture)\n<\/p>\n<h3><mark>2000<\/mark><\/h3>\n<p>\t\t\t\t<img decoding=\"async\" src=\"http:\/\/antandros.org\/ant_wp\/wp-content\/uploads\/2019\/06\/ekip2000.jpg\" alt=\"Kaz\u0131 Ekibi 2000 Toplu Foto\u011fraf\" itemprop=\"image\" title=\"Excavation Team 2000\"  \/><\/p>\n<p><strong>Asst. Prof. G\u00fcrcan POLAT<\/strong> (Ege University Faculty Member)<br \/>\n<strong>Research Assistant Yasemin POLAT<\/strong> (Ege University Faculty Member)<br \/>\n<strong>Song\u00fcl ERDO\u011eAN<\/strong> (Representative of Government from Edirne Archaeology Museum)\n<\/p>\n<p><strong>Devrim ER\u015eEN<\/strong> (Student \u2013 Ege University, Department of Archaeology)<br \/>\n<strong>Tuncay K\u00dc\u00c7\u00dcK<\/strong> (Student \u2013 Ege University, Department of Archaeology)<br \/>\n<strong>Y\u00fccel PEHL\u0130VAN<\/strong> (Student \u2013 Ege University, Department of Archaeology)\n<\/p>\n<p><strong>Serra SOMERSAN<\/strong> (Student \u2013 Ege University, Department of Archaeology)<br \/>\n<strong>Fatma \u015eENOL<\/strong> (Student \u2013 Ege University, Department of Archaeology)\n<\/p>\n<p><a href=\"https:\/\/antandros.org\/en\/kazi-ekibi-2009-2005\/\" class=\"wm-button size-large button\"><span class=\"icon-ion-android-arrow-dropleft\" aria-hidden=\"true\"> <\/span>2009-2005<\/a><\/p>","protected":false},"excerpt":{"rendered":"<div class=\"entry-summary\">\n<div class=\"entry-summary\">\nRemoves the page intro section. Only the page content is displayed and page title is accessibly hidden.\n<\/div>\n<div class=\"link-more\"><a href=\"https:\/\/antandros.org\/en\/kazi-ekibi-2004-2000\/\" class=\"more-link\">Devam\u0131<span class=\"screen-reader-text\"> &ldquo;Kaz\u0131 Ekibi 2004-2000&rdquo;<\/span>&hellip;<\/a><\/div>\n<\/div>\n<div class=\"link-more\"><a href=\"https:\/\/antandros.org\/en\/kazi-ekibi-2004-2000\/\" class=\"more-link\">Devam\u0131<span class=\"screen-reader-text\"> &ldquo;Kaz\u0131 Ekibi 2004-2000&rdquo;<\/span>&hellip;<\/a><\/div>","protected":false},"author":1,"featured_media":0,"parent":0,"menu_order":110,"comment_status":"closed","ping_status":"closed","template":"templates\/no-intro.php","meta":{"footnotes":""},"class_list":["post-2611","page","type-page","status-publish","hentry","entry"],"wps_subtitle":"","_links":{"self":[{"href":"https:\/\/antandros.org\/en\/wp-json\/wp\/v2\/pages\/2611","targetHints":{"allow":["GET"]}}],"collection":[{"href":"https:\/\/antandros.org\/en\/wp-json\/wp\/v2\/pages"}],"about":[{"href":"https:\/\/antandros.org\/en\/wp-json\/wp\/v2\/types\/page"}],"author":[{"embeddable":true,"href":"https:\/\/antandros.org\/en\/wp-json\/wp\/v2\/users\/1"}],"replies":[{"embeddable":true,"href":"https:\/\/antandros.org\/en\/wp-json\/wp\/v2\/comments?post=2611"}],"version-history":[{"count":0,"href":"https:\/\/antandros.org\/en\/wp-json\/wp\/v2\/pages\/2611\/revisions"}],"wp:attachment":[{"href":"https:\/\/antandros.org\/en\/wp-json\/wp\/v2\/media?parent=2611"}],"curies":[{"name":"wp","href":"https:\/\/api.w.org\/{rel}","templated":true}]}}