{"id":2592,"date":"2019-06-21T21:48:30","date_gmt":"2019-06-21T18:48:30","guid":{"rendered":"http:\/\/antandros.org\/ant_wp\/?page_id=2592"},"modified":"2019-09-14T01:23:49","modified_gmt":"2019-09-13T22:23:49","slug":"kazi-ekibi-2009-2005","status":"publish","type":"page","link":"https:\/\/antandros.org\/en\/kazi-ekibi-2009-2005\/","title":{"rendered":"Kaz\u0131 Ekibi 2009-2005"},"content":{"rendered":"<h2>Excavation <strong>Team <\/strong>2009-2005<\/h2>\n<h3><mark>2009<\/mark><\/h3>\n<p>\t\t\t\t<img decoding=\"async\" src=\"http:\/\/antandros.org\/ant_wp\/wp-content\/uploads\/2019\/06\/ekip2009.jpg\" alt=\"Kaz\u0131 Ekibi 2009 Toplu Foto\u011fraf\" itemprop=\"image\" title=\"Excavation Team 2009\"  \/><\/p>\n<p><strong>Assoc. Prof. G\u00fcrcan POLAT<\/strong> (Ege University Faculty Member)<br \/>\n<strong>Asst. Prof. Yasemin POLAT<\/strong> (Ege University Faculty Member)<br \/>\n<strong>Halil B\u00d6LGE<\/strong> (Representative of Government from Sel\u00e7uk Archaeology Museum)<br \/>\n<strong>\u00d6zcan ATALAY<\/strong> (Drawing Specialist)<br \/>\n<strong>Research Assistant Kahraman YA\u011eIZ<\/strong> (Ege University)<br \/>\n<strong>\u00d6zge YILDIZ<\/strong> (Archaeologist \u2013 Hacettepe University, Ph. D. Candidate in Anthropology)<br \/>\n<strong>Rabia AKTA\u015e<\/strong> (Ege University, Postgraduate in Archaeology)<br \/>\n<strong>Evren A\u00c7AR<\/strong> (Archaeologist)<br \/>\n<strong>Deniz ARKAN<\/strong> (Archaeologist)\n<\/p>\n<p><strong>U\u011fur \u00c7ANDAR<\/strong> (Student \u2013 Ege University, Department of Archaeology)<br \/>\n<strong>\u00d6zge \u00c7ET\u0130N<\/strong> (Student \u2013 Ege University, Department of Archaeology)<br \/>\n<strong>Melis \u00c7OBANO\u011eULLARI<\/strong> (Student \u2013 Ege University, Department of Archaeology)<br \/>\n<strong>Gence KILI\u00c7<\/strong> (Student \u2013 Ege University, Department of Archaeology)<br \/>\n<strong>Sercan KIR<\/strong> (Student \u2013 Ege University, Department of Archaeology)<br \/>\n<strong>Ebru K\u0130RAS<\/strong> (Student \u2013 Ege University, Department of Archaeology)<br \/>\n<strong>Elir Nur K\u00dcRKL\u00dc<\/strong> (Student \u2013 Ege University, Department of Archaeology)<br \/>\n<strong>G\u00f6khan SAMARAZ<\/strong> (Student \u2013 Ege University, Department of Archaeology)\n<\/p>\n<p><strong>Ece \u015eENT\u00dcRK<\/strong> (Student \u2013 Istanbul University, Department of Archaeology)<br \/>\n<strong>Hamde Shukri YUMER<\/strong> (Student \u2013 Ege University, Department of Archaeology)<br \/>\n<strong>G\u00fcl\u015fah \u00dcT\u00dcK<\/strong> (Student - Y\u0131lmaz Akp\u0131nar High School )<br \/>\n<strong>Melek \u00c7UKADAR<\/strong> (Student\/ Trakya University department of Restoration)<br \/>\n<strong>Melis SABUNCUO\u011eLU<\/strong> (Student\/ \u0130stanbul Teknik University Department of Architecture )<br \/>\n<strong>\u00d6zlem YAVUZ<\/strong> (Student\/ Department of Architectural Restoration in Y\u0131ld\u0131z Teknik University)\n<\/p>\n<h3><mark>2008<\/mark><\/h3>\n<p><strong>Assoc. Prof. G\u00fcrcan POLAT<\/strong> (Ege University Faculty Member)<br \/>\n<strong>Asst. Prof. Yasemin POLAT<\/strong> (Ege University Faculty Member)<br \/>\n<strong>Firdevs SAYILAN<\/strong> (Sanat Tarih\u00e7i &#8211; Foto\u011fraf Sanat\u00e7\u0131s\u0131)<br \/>\n<strong>Cengiz ASLANTA\u015e<\/strong> (Representative of Government from Izmir Archaeology Museum)<br \/>\n<strong>Kahraman YA\u011eIZ<\/strong> (Ege University \u2013 Ph. D. Candidate in Archaeology)<br \/>\n<strong>Onur ZUNAL<\/strong> (Archaelogist, Masters in Classical Archaelogy)<br \/>\n<strong>\u0130ffet ASIBOSTAN<\/strong> (Ege University, Postgraduate in Archaeology)<br \/>\n (Ege University, Postgraduate in Archaeology)\n<\/p>\n<p><strong>\u015eerife \u00c7AKAR<\/strong> (Ege University, Postgraduate in Archaeology)<br \/>\n<strong>Taylan DO\u011eAN<\/strong> (Ege University, Postgraduate in Archaeology)<br \/>\n<strong>Feyzullah \u015eAH\u0130N<\/strong> (Ege University, Postgraduate in Archaeology)<br \/>\n<strong>Bala YILDIRIM<\/strong> (Ege University, Postgraduate in Archaeology)<br \/>\n<strong>Duygu \u015eAH\u0130N<\/strong> (Archaeologist)<br \/>\n<strong>Ay\u015fe TSELEBI<\/strong> (Archaeologist)<br \/>\n<strong>Evren A\u00c7AR<\/strong> (Student \u2013 Ege University, Department of Archaeology)<br \/>\n<strong>Eda ARIMAN<\/strong> (Student \u2013 Ege University, Department of Archaeology)<br \/>\n<strong>\u015eule ER<\/strong> (Student \u2013 Ege University, Department of Archaeology)\n<\/p>\n<p><strong>Celil Samet HARMANDAR<\/strong> (Student \u2013 Ege University, Department of Archaeology)<br \/>\n<strong>Meryem KIZIL<\/strong> (Student \u2013 Ege University, Department of Archaeology)<br \/>\n<strong>Fuat LEBE<\/strong> (Student \u2013 Ege University, Department of Archaeology)<br \/>\n<strong>Simge E\u011eEC\u0130<\/strong> (Arkeolog &#8211; Restorasyon \u00d6\u011frencisi)<br \/>\n<strong>Alpin AKSOY<\/strong> (Student \u2013 Ege University, Department of Landscape Architecture)<br \/>\n<strong>Ladin ATALAY<\/strong> (Student \u2013 Anadolu University, Department of Public Relations)<br \/>\n<strong>Gamze B\u0130LMAN<\/strong> (Student \u2013 Department of Architecture)\n<\/p>\n<h3><mark>2007<\/mark><\/h3>\n<p>\t\t\t\t<img decoding=\"async\" src=\"http:\/\/antandros.org\/ant_wp\/wp-content\/uploads\/2019\/06\/ekip2007.jpg\" alt=\"Kaz\u0131 Ekibi 2007 Toplu Foto\u011fraf\" itemprop=\"image\" title=\"Excavation Team 2007\"  \/><\/p>\n<p><strong>Assoc. Prof. G\u00fcrcan POLAT <\/strong>(Ege University Faculty Member)<br \/>\n<strong>Asst. Prof. Yasemin POLAT<\/strong> (Ege University Faculty Member)<br \/>\n<strong>Firdevs SAYILAN<\/strong> (Sanat Tarih\u00e7i &#8211; Foto\u011fraf Sanat\u00e7\u0131s\u0131)<br \/>\n<strong>Turhan KAYABEY<\/strong> (Representative of Government from Bal\u0131kesir Archaeology Museum)<br \/>\n<strong>Tuncay K\u00dc\u00c7\u00dcK<\/strong> (Ege University \u2013 Ph. D. Candidate in Archaeology)<br \/>\n<strong>Kahraman YA\u011eIZ<\/strong> (Ege University \u2013 Ph. D. Candidate in Archaeology)<br \/>\n<strong>Bala YILDIRIM<\/strong> (Ege University, Postgraduate in Archaeology)<br \/>\n<strong>Onur ZUNAL<\/strong> (Ege University, Postgraduate in Archaeology)<br \/>\n<strong>Rabia AKTA\u015e<\/strong> (Archaeologist)<br \/>\n<strong>\u0130ffet ASIBOSTAN<\/strong> (Archaeologist)<br \/>\n<strong>\u015eerife \u00c7AKAR<\/strong> (Archaeologist)<br \/>\n<strong>Taylan DO\u011eAN<\/strong> (Archaeologist)\n<\/p>\n<p><strong>Duygu \u015eAH\u0130N<\/strong> (Archaeologist)<br \/>\n<strong>Feyzullah \u015eAH\u0130N<\/strong> (Archaeologist)<br \/>\n<strong>Evren A\u00c7AR<\/strong> (Student \u2013 Ege University, Department of Archaeology)<br \/>\n<strong>Hale \u0130Y\u0130D\u0130K\u0130C\u0130<\/strong> (Student \u2013 Ege University, Department of Archaeology)<br \/>\n<strong>Celil Samet HARMANDAR<\/strong> (Student \u2013 Ege University, Department of Archaeology)<br \/>\n<strong>Meryem KIZIL<\/strong> (Student \u2013 Ege University, Department of Archaeology)<br \/>\n<strong>Fuat LEBE<\/strong> (Student \u2013 Ege University, Department of Archaeology)<br \/>\n<strong>Demet SAAT\u00c7ILAR<\/strong> (Student \u2013 Ege University, Department of Archaeology)<br \/>\n<strong>Fahrettin SEZG\u0130N<\/strong> (Student \u2013 Ege University, Department of Archaeology)\n<\/p>\n<p><strong>Evren \u00c7O\u011eAL<\/strong> (Restorator)<br \/>\n<strong>\u00d6zden \u00c7EL\u0130K<\/strong> (Student \u2013 Istanbul University, Deparment of Conservation and Restoration Cultural Property)<br \/>\n<strong>G\u00f6k\u00e7e E\u011e\u0130N<\/strong> (Student \u2013 Istanbul University, Deparment of Conservation and Restoration Cultural Property)<br \/>\n<strong>Vedat K\u00dcRK\u00c7\u00dcO\u011eLU<\/strong> (Student \u2013 Istanbul University, Deparment of Conservation and Restoration Cultural Property)<br \/>\n<strong>Ceren ODABA\u015eO\u011eLU<\/strong> (Student \u2013 Istanbul University, Deparment of Conservation and Restoration Cultural Property)<br \/>\n<strong>Sinem G\u00dcNER<\/strong> (Student - Y\u0131ld\u0131z Technical University, Faculty of Architecture, Department of Restoration)<br \/>\n<strong>Serap \u00c7OBAN<\/strong> (Student\/ \u0130stanbul Teknik University Department of Architecture )\n<\/p>\n<h3><mark>2006<\/mark><\/h3>\n<p><strong>Assoc. Prof. G\u00fcrcan POLAT<\/strong> (Ege University Faculty Member)<br \/>\n<strong>Asst. Prof. Yasemin POLAT<\/strong> (Ege University Faculty Member)<br \/>\n<strong>Firdevs SAYILAN<\/strong> (Sanat Tarih\u00e7i &#8211; Foto\u011fraf Sanat\u00e7\u0131s\u0131)<br \/>\n<strong>Turhan KAYABEY<\/strong> (Representative of Government from Bal\u0131kesir Archaeology Museum)<br \/>\n<strong>Asst. Prof. \u0130brahim Halil ZAR\u0130F<\/strong> (Istanbul University, Department of Geophysical Engineering)<br \/>\n<strong>Kahraman YA\u011eIZ<\/strong> (Ege University \u2013 Ph. D. Candidate in Archaeology)<br \/>\n<strong>Se\u00e7il \u00c7OKO\u011eULLU<\/strong> (Ege University, Postgraduate in Archaeology)<br \/>\n<strong>Tuncay K\u00dc\u00c7\u00dcK<\/strong> (Ege University, Postgraduate in Archaeology)<br \/>\n<strong>Burcu SEKBAN<\/strong> (Ege University, Postgraduate in Archaeology)\n<\/p>\n<p><strong>Serra SOMERSAN<\/strong> (Ege University, Postgraduate in Archaeology)<br \/>\n<strong>Aytekin \u00dcNEY<\/strong> (Ege University, Postgraduate in Archaeology)<br \/>\n<strong>Onur ZUNAL<\/strong> (Ege University, Postgraduate in Archaeology)<br \/>\n<strong>Rabia AKTA\u015e<\/strong> (Archaeologist)<br \/>\n<strong>\u0130ffet ASIBOSTAN<\/strong> (Archaeologist)<br \/>\n<strong>Bala YILDIRIM<\/strong> (Archaeologist)<br \/>\n<strong>\u015eerife \u00c7AKAR<\/strong> (Student \u2013 Ege University, Department of Archaeology)<br \/>\n<strong>\u00c7a\u011fda\u015f \u00c7ILDIR<\/strong> (Student \u2013 Ege University, Department of Archaeology)<br \/>\n<strong>Taylan DO\u011eAN<\/strong> (Student \u2013 Ege University, Department of Archaeology)<br \/>\n<strong>Duygu \u015eAH\u0130N<\/strong> (Student \u2013 Ege University, Department of Archaeology)<br \/>\n<strong>Feyzullah \u015eAH\u0130N<\/strong> (Student \u2013 Ege University, Department of Archaeology)\n<\/p>\n<p><strong>Aslan \u00c7AKIR<\/strong> (Restorator)<br \/>\n<strong>Evren \u00c7O\u011eAL<\/strong> (Restorator)<br \/>\n<strong>Metin D\u0130R\u0130ER<\/strong> (Y\u0131ld\u0131z Technical University \u2013 Restoration Programme  in Vocational School)<br \/>\n<strong>\u00d6zlem YAVUZ<\/strong> (Y\u0131ld\u0131z Technical University \u2013 Restoration Programme  in Vocational School)<br \/>\n<strong>Elif ARSLANHAN<\/strong> (Student \u2013 Istanbul University, Deparment of Conservation and Restoration Cultural Property)<br \/>\n<strong>Vedat K\u00dcRK\u00c7\u00dcO\u011eLU<\/strong> (Student \u2013 Istanbul University, Deparment of Conservation and Restoration Cultural Property)<br \/>\n<strong>K\u00fcbra G\u00dcR<\/strong> (Student\/ \u0130stanbul Teknik University Department of Architecture )\n<\/p>\n<h3><mark>2005<\/mark><\/h3>\n<p>\t\t\t\t<img decoding=\"async\" src=\"http:\/\/antandros.org\/ant_wp\/wp-content\/uploads\/2019\/06\/ekip2005.jpg\" alt=\"Kaz\u0131 Ekibi 2005 Toplu Foto\u011fraf\" itemprop=\"image\" title=\"Excavation Team 2005\"  \/><\/p>\n<p><strong>Asst. Prof. G\u00fcrcan POLAT<\/strong> (Ege University Faculty Member)<br \/>\n<strong>Asst. Prof. Yasemin POLAT<\/strong> (Ege University Faculty Member)<br \/>\n<strong>Firdevs SAYILAN<\/strong> (Sanat Tarih\u00e7i &#8211; Foto\u011fraf Sanat\u00e7\u0131s\u0131)<br \/>\n<strong>Turhan KAYABEY<\/strong> (Archaeologist \u2013 Bal\u0131kesir Museum)<br \/>\n<strong>Necla OKAN<\/strong> (Archaeologist \u2013 Bal\u0131kesir Museum)<br \/>\n<strong>Se\u00e7il \u00c7OKO\u011eULLU<\/strong> (Ege University, Postgraduate in Archaeology)<br \/>\n<strong>Tuncay K\u00dc\u00c7\u00dcK<\/strong> (Ege University, Postgraduate in Archaeology)<br \/>\n<strong>Burcu SEKBAN<\/strong> (Ege University, Postgraduate in Archaeology)<br \/>\n<strong>Serra SOMERSAN<\/strong> (Ege University, Postgraduate in Archaeology)<br \/>\n<strong>Aytekin \u00dcNEY<\/strong> (Ege University, Postgraduate in Archaeology)<br \/>\n<strong>Kahraman YA\u011eIZ<\/strong> (Ege University, Postgraduate in Archaeology)\n<\/p>\n<p><strong>\u00d6zge YILDIZ<\/strong> (Hacettepe University, Postgraduate in Anthropology)<br \/>\n<strong>Onur ZUNAL<\/strong> (Archaeologist)<br \/>\n<strong>Rabia AKTA\u015e<\/strong> (Student \u2013 Ege University, Department of Archaeology)<br \/>\n<strong>\u0130ffet ASIBOSTAN<\/strong> (Student \u2013 Ege University, Department of Archaeology)<br \/>\n<strong>\u015eerife \u00c7AKAR<\/strong> (Student \u2013 Ege University, Department of Archaeology)<br \/>\n<strong>\u00c7a\u011fda\u015f \u00c7ILDIR<\/strong> (Student \u2013 Ege University, Department of Archaeology)<br \/>\n<strong>Taylan DO\u011eAN<\/strong> (Student \u2013 Ege University, Department of Archaeology)<br \/>\n<strong>Duygu \u015eAH\u0130N<\/strong> (Student \u2013 Ege University, Department of Archaeology)<br \/>\n<strong>Feyzullah \u015eAH\u0130N<\/strong> (Student \u2013 Ege University, Department of Archaeology)<br \/>\n<strong>Bala YILDIRIM<\/strong> (Student \u2013 Ege University, Department of Archaeology)<br \/>\n<strong>Erkan \u00c7AKICI<\/strong> (Restorator)\n<\/p>\n<p><strong>Derya MET\u0130N<\/strong> (Restorator)<br \/>\n<strong>Ceren ODABA\u015eO\u011eLU<\/strong> (Restorator)<br \/>\n<strong>Asl\u0131 Nihan KO\u00c7TA\u015e<\/strong> (Ege University, Restoration Programme in Bergama Vocational School)<br \/>\n<strong>Meltem KU\u015eATAN<\/strong> (Ege University, Restoration Programme in Bergama Vocational School)<br \/>\n<strong>Evren \u00c7O\u011eAL<\/strong> (Student \u2013 Istanbul University, Deparment of Conservation and Restoration Cultural Property)<br \/>\n<strong>Ulu\u00e7 ERTEN<\/strong> (Student \u2013 Istanbul University, Deparment of Conservation and Restoration Cultural Property)<br \/>\n<strong>Esra G\u00dcRB\u00dcZ<\/strong> (Student\/ \u0130stanbul Teknik University Department of Architecture )<br \/>\n<strong>\u00d6zlem \u00d6ZCAN<\/strong> (Student\/ \u0130stanbul Teknik University Department of Architecture )\n<\/p>\n<p><a href=\"https:\/\/antandros.org\/en\/kazi-ekibi-2014-2010\/\" class=\"wm-button size-large button\"><span class=\"icon-ion-android-arrow-dropleft\" aria-hidden=\"true\"> <\/span>2014-2010<\/a><a href=\"https:\/\/antandros.org\/en\/kazi-ekibi-2004-2000\/\" class=\"wm-button size-large button\"><span class=\"icon-ion-android-arrow-dropright\" aria-hidden=\"true\"> <\/span>2004-2000<\/a><\/p>","protected":false},"excerpt":{"rendered":"<div class=\"entry-summary\">\n<div class=\"entry-summary\">\nRemoves the page intro section. Only the page content is displayed and page title is accessibly hidden.\n<\/div>\n<div class=\"link-more\"><a href=\"https:\/\/antandros.org\/en\/kazi-ekibi-2009-2005\/\" class=\"more-link\">Devam\u0131<span class=\"screen-reader-text\"> &ldquo;Kaz\u0131 Ekibi 2009-2005&rdquo;<\/span>&hellip;<\/a><\/div>\n<\/div>\n<div class=\"link-more\"><a href=\"https:\/\/antandros.org\/en\/kazi-ekibi-2009-2005\/\" class=\"more-link\">Devam\u0131<span class=\"screen-reader-text\"> &ldquo;Kaz\u0131 Ekibi 2009-2005&rdquo;<\/span>&hellip;<\/a><\/div>","protected":false},"author":1,"featured_media":0,"parent":0,"menu_order":110,"comment_status":"closed","ping_status":"closed","template":"templates\/no-intro.php","meta":{"footnotes":""},"class_list":["post-2592","page","type-page","status-publish","hentry","entry"],"wps_subtitle":"","_links":{"self":[{"href":"https:\/\/antandros.org\/en\/wp-json\/wp\/v2\/pages\/2592","targetHints":{"allow":["GET"]}}],"collection":[{"href":"https:\/\/antandros.org\/en\/wp-json\/wp\/v2\/pages"}],"about":[{"href":"https:\/\/antandros.org\/en\/wp-json\/wp\/v2\/types\/page"}],"author":[{"embeddable":true,"href":"https:\/\/antandros.org\/en\/wp-json\/wp\/v2\/users\/1"}],"replies":[{"embeddable":true,"href":"https:\/\/antandros.org\/en\/wp-json\/wp\/v2\/comments?post=2592"}],"version-history":[{"count":0,"href":"https:\/\/antandros.org\/en\/wp-json\/wp\/v2\/pages\/2592\/revisions"}],"wp:attachment":[{"href":"https:\/\/antandros.org\/en\/wp-json\/wp\/v2\/media?parent=2592"}],"curies":[{"name":"wp","href":"https:\/\/api.w.org\/{rel}","templated":true}]}}