{"id":2558,"date":"2019-06-21T15:14:58","date_gmt":"2019-06-21T12:14:58","guid":{"rendered":"http:\/\/antandros.org\/ant_wp\/?page_id=2558"},"modified":"2019-09-14T01:22:37","modified_gmt":"2019-09-13T22:22:37","slug":"kazi-ekibi-2014-2010","status":"publish","type":"page","link":"https:\/\/antandros.org\/en\/kazi-ekibi-2014-2010\/","title":{"rendered":"Kaz\u0131 Ekibi 2014-2010"},"content":{"rendered":"<h2>Excavation <strong>Team <\/strong>2014-2010<\/h2>\n<h3><mark>2014<\/mark><\/h3>\n<p>\t\t\t\t<img decoding=\"async\" src=\"http:\/\/antandros.org\/ant_wp\/wp-content\/uploads\/2019\/06\/ekip2014.jpg\" alt=\"Kaz\u0131 Ekibi 2014 Toplu Foto\u011fraf\" itemprop=\"image\" title=\"Excavation Team 2014\"  \/><\/p>\n<p><strong>Prof. Dr. G\u00fcrcan POLAT<\/strong> (Ege University Faculty Member)<br \/>\n<strong>Assoc. Prof. Yasemin POLAT<\/strong> (Ege University Faculty Member)<br \/>\n<strong>Asst. Prof. Kahraman YA\u011eIZ<\/strong> (Research Assistant \/ Ad\u0131yaman University)<br \/>\n<strong>Deniz DO\u011eANALP<\/strong> (Ege University)<br \/>\n<strong>Firdevs SAYILAN<\/strong> (Sanat Tarih\u00e7i &#8211; Foto\u011fraf Sanat\u00e7\u0131s\u0131)<br \/>\n<strong>Ula\u015f G\u00d6\u00c7MEN<\/strong> (Representative of Government from Izmir Archaeology Museum)<br \/>\n<strong>Deniz ARKAN<\/strong> (Ege University \u2013 Ph. D. Candidate in Archaeology)\n<\/p>\n<p><strong>Asl\u0131 CUMALIO\u011eLU<\/strong> (Dokuz Eyl\u00fcl University \u2013 Ph. D. Candidate in Archaeology)<br \/>\n<strong>Rabia Akta\u015f \u00c7ILDIR<\/strong> (Ege University \u2013 Ph. D. Candidate in Archaeology)<br \/>\n<strong>Evren A\u00c7AR<\/strong> (Ege University, Postgraduate in Archaeology)<br \/>\n<strong>Y\u00fccel PEHL\u0130VAN<\/strong> (Dokuz Eyl\u00fcl University, Postgraduate in Archaeology)<br \/>\n<strong>Ecem BAYSU<\/strong> (Archaeologist)<br \/>\n<strong>Derya Merve BOLAT<\/strong> (Archaeologist)<br \/>\n<strong>Melis \u00c7OBANO\u011eULLARI<\/strong> (Archaeologist)<br \/>\n<strong>\u00d6mer DEVEL\u0130<\/strong> (Archaeologist)\n<\/p>\n<p><strong>Ezgi ERTU\u011eUN<\/strong> (Archaeologist)<br \/>\n<strong>Ertu\u011frul KIRA\u00c7<\/strong> (Archaeologist)<br \/>\n<strong>Cenk MISIRLIO\u011eLU<\/strong> (Archaeologist)<br \/>\n<strong>Atabey VARDAR<\/strong> (Student \u2013 Ege University, Department of Archaeology)<br \/>\n<strong>U\u011fur YANIT<\/strong> (Student \u2013 Ege University, Department of Archaeology)<br \/>\n<strong>Nevin TEKEL<\/strong> (Restorator)<br \/>\n<strong>\u015eilan EK\u0130NC\u0130<\/strong> (Student \u2013 Department of Conservation and Restoration Cultural Property in Batman University)<br \/>\n<strong>Nubahar F\u0130L\u0130Z<\/strong> (Student \u2013 Department of Conservation and Restoration Cultural Property in Batman University)\n<\/p>\n<h3><mark>2013<\/mark><\/h3>\n<p>\t\t\t\t<img decoding=\"async\" src=\"http:\/\/antandros.org\/ant_wp\/wp-content\/uploads\/2019\/06\/ekip2013.jpg\" alt=\"Kaz\u0131 Ekibi 2013 Toplu Foto\u011fraf\" itemprop=\"image\" title=\"Excavation Team 2013\"  \/><\/p>\n<p><strong>Prof. Dr. G\u00fcrcan POLAT<\/strong> (Ege University Faculty Member)<br \/>\n<strong>Assoc. Prof. Yasemin POLAT<\/strong> (Ege University Faculty Member)<br \/>\n<strong>Research Assistant Kahraman YA\u011eIZ<\/strong> (Ege University)<br \/>\n<strong>Firdevs SAYILAN<\/strong> (Sanat Tarih\u00e7i &#8211; Foto\u011fraf Sanat\u00e7\u0131s\u0131)<br \/>\n<strong>Necla OKAN<\/strong> (Representative of Government from Izmir Archaeology Museum)<br \/>\n<strong>Research Assistant Se\u00e7il \u00dcNEY<\/strong> (Ege University)<br \/>\n<strong>Deniz ARKAN<\/strong> (Ege University \u2013 Ph. D. Candidate in Archaeology)<br \/>\n<strong>Asl\u0131 CUMALIO\u011eLU<\/strong> (Dokuz Eyl\u00fcl University \u2013 Ph. D. Candidate in Archaeology)<br \/>\n<strong>Rabia Akta\u015f \u00c7ILDIR<\/strong> (Ege University \u2013 Ph. D. Candidate in Archaeology)\n<\/p>\n<p><strong>Aytekin \u00dcNEY <\/strong>(Ege University \u2013 Ph. D. Candidate in Archaeology)<br \/>\n<strong>Evren A\u00c7AR<\/strong> (Ege University, Postgraduate in Archaeology)<br \/>\n<strong>Dilan Nazl\u0131 GORSK\u0130<\/strong> (Freie University, Postgraduate in Archaeology)<br \/>\n<strong>Melis \u00c7OBANO\u011eULLARI<\/strong> (Archaeologist)<br \/>\n<strong>Ertu\u011frul KIRA\u00c7<\/strong> (Archaeologist)<br \/>\n<strong>Cenk MISIRLIO\u011eLU<\/strong> (Archaeologist)<br \/>\n<strong>Ece \u015eENT\u00dcRK<\/strong> (Archaeologist)<br \/>\n<strong>Ecem BAYSU<\/strong> (Student \u2013 Ege University, Department of Archaeology)<br \/>\n<strong>\u00d6mer DEVEL\u0130<\/strong> (Student \u2013 Ege University, Department of Archaeology)\n<\/p>\n<p><strong>Ezgi ERTU\u011eUN<\/strong> (Student \u2013 Mu\u011fla S\u0131tk\u0131 Ko\u00e7man University, Department of Archaeology)<br \/>\n<strong>Aykut K\u00d6K\u00c7\u00dc<\/strong> (Student \u2013 Ege University, Department of Archaeology)<br \/>\n<strong>Arzu \u00d6ZKAN<\/strong> (Student \u2013 Ege University, Department of Archaeology)<br \/>\n<strong>Yi\u011fit TAYFUN<\/strong> (Student \u2013 Ege University, Department of Archaeology)<br \/>\n<strong>Atabey VARDAR<\/strong> (Student \u2013 Ege University, Department of Archaeology)<br \/>\n<strong>U\u011fur YANIT<\/strong> (Student \u2013 Ege University, Department of Archaeology)<br \/>\n<strong>Derya Merve BOLAT<\/strong> (Dumlup\u0131nar University)<br \/>\n<strong>Nazl\u0131 SA\u00c7KAN<\/strong> (Student \u2013 Toronto University, Department of Art History)<br \/>\n<strong>Ali R\u0131za \u00c7AKIR<\/strong> (Restorator)\n<\/p>\n<h3><mark>2012<\/mark><\/h3>\n<p>\t\t\t\t<img decoding=\"async\" src=\"http:\/\/antandros.org\/ant_wp\/wp-content\/uploads\/2019\/06\/ekip2012.jpg\" alt=\"Kaz\u0131 Ekibi 2012 Toplu Foto\u011fraf\" itemprop=\"image\" title=\"Excavation Team 2012\"  \/><\/p>\n<p><strong>Assoc. Prof. G\u00fcrcan POLAT<\/strong> (Ege University Faculty Member)<br \/>\n<strong>Assoc. Prof. Yasemin POLAT<\/strong> (Ege University Faculty Member)<br \/>\n<strong>Firdevs SAYILAN<\/strong> (Sanat Tarih\u00e7i &#8211; Foto\u011fraf Sanat\u00e7\u0131s\u0131)<br \/>\n<strong>Y\u0131lmaz YE\u015e\u0130LYURT<\/strong> (Representative of Government from Fethiye Archaeology Museum)<br \/>\n<strong>Research Assistant Kahraman YA\u011eIZ<\/strong> (Ege University)<br \/>\n<strong>Research Assistant Se\u00e7il \u00dcNEY<\/strong> (Ege University)<br \/>\n<strong>Deniz ARKAN<\/strong> (Ege University \u2013 Ph. D. Candidate in Archaeology)<br \/>\n<strong>\u00d6zge Y\u0131ld\u0131z AYDO\u011eAN<\/strong> (Ege University \u2013 Ph. D. Candidate in Archaeology)<br \/>\n<strong>Asl\u0131 CUMALIO\u011eLU<\/strong> (Dokuz Eyl\u00fcl University \u2013 Ph. D. Candidate in Archaeology)\n<\/p>\n<p><strong>Rabia Akta\u015f \u00c7ILDIR<\/strong> (Ege University \u2013 Ph. D. Candidate in Archaeology)<br \/>\n<strong>Tuncay K\u00dc\u00c7\u00dcK<\/strong> (Ege University \u2013 Ph. D. Candidate in Archaeology)<br \/>\n<strong>Aytekin \u00dcNEY <\/strong>(Ege University \u2013 Ph. D. Candidate in Archaeology)<br \/>\n<strong>U\u011fur \u00c7ANDAR<\/strong> (Archaeologist)<br \/>\n<strong>Melis \u00c7OBANO\u011eULLARI<\/strong> (Archaeologist)<br \/>\n<strong>Cenk MISIRLIO\u011eLU<\/strong> (Archaeologist)<br \/>\n<strong>Ece \u015eENT\u00dcRK<\/strong> (Archaeologist)<br \/>\n<strong>Mesut \u00dcNVER<\/strong> (Archaeologist)<br \/>\n<strong>Zuhal YILDIRIM<\/strong> (Archaeologist)\n<\/p>\n<p><strong>Buse ACAR<\/strong> (Student \u2013 Ege University, Department of Archaeology)<br \/>\n<strong>Ecem BAYSU<\/strong> (Student \u2013 Ege University, Department of Archaeology)<br \/>\n<strong>Merve \u00c7E\u011e\u0130L<\/strong> (Student \u2013 Ege University, Department of Archaeology)<br \/>\n<strong>\u00d6mer DEVEL\u0130<\/strong> (Student \u2013 Ege University, Department of Archaeology)<br \/>\n<strong>Ertu\u011frul KIRA\u00c7<\/strong> (Student \u2013 Ege University, Department of Archaeology)<br \/>\n<strong>Aykut K\u00d6K\u00c7\u00dc<\/strong> (Student \u2013 Ege University, Department of Archaeology)<br \/>\n<strong>Buse ADANA<\/strong> (Student \u2013 Kocaeli University, Department of Archaeology)<br \/>\n<strong>Ali R\u0131za \u00c7AKIR<\/strong> (Restorator)<br \/>\n<strong>Duygu DO\u011eAN<\/strong> (Restorator)<br \/>\n<strong>Huriye SI\u011eIN\u00c7<\/strong> (Student \u2013 Johannes Gutenberg Universitat, Department of Archaeology)\n<\/p>\n<h3><mark>2011<\/mark><\/h3>\n<p>\t\t\t\t<img decoding=\"async\" src=\"http:\/\/antandros.org\/ant_wp\/wp-content\/uploads\/2019\/06\/ekip2011.jpg\" alt=\"Kaz\u0131 Ekibi 2011 Toplu Foto\u011fraf\" itemprop=\"image\" title=\"Excavation Team 2011\"  \/><\/p>\n<p><strong>Assoc. Prof. G\u00fcrcan POLAT<\/strong> (Ege University Faculty Member)<br \/>\n<strong>Asst. Prof. Yasemin POLAT<\/strong> (Ege University Faculty Member)<br \/>\n<strong>Firdevs SAYILAN<\/strong> (Sanat Tarih\u00e7i &#8211; Foto\u011fraf Sanat\u00e7\u0131s\u0131)<br \/>\n<strong>Kamuran AKY\u00dcZ<\/strong> (Representative of Government from Izmir Archaeology Museum)<br \/>\n<strong>Research Assistant Kahraman YA\u011eIZ<\/strong> (Ege University)<br \/>\n<strong>Research Assistant Se\u00e7il \u00dcNEY<\/strong> (Ege University)<br \/>\n<strong>Rabia Akta\u015f \u00c7ILDIR<\/strong> (Archaelogist, Masters in Classical Archaelogy)<br \/>\n<strong>Evren A\u00c7AR<\/strong> (Archaeologist)<br \/>\n<strong>Deniz ARKAN<\/strong> (Archaeologist)\n<\/p>\n<p><strong>\u00d6zge Y\u0131ld\u0131z AYDO\u011eAN<\/strong> (Arkeolog &#8211; Antropolog)<br \/>\n<strong>Ay\u015feg\u00fcl SEL\u00c7UK\u0130<\/strong> (Archaeologist)<br \/>\n<strong>Buse ACAR<\/strong> (Student \u2013 Ege University, Department of Archaeology)<br \/>\n<strong>Ece AKSOY<\/strong> (Student \u2013 Ege University, Department of Archaeology)<br \/>\n<strong>Ecem BAYSU<\/strong> (Student \u2013 Ege University, Department of Archaeology)<br \/>\n<strong>U\u011fur \u00c7ANDAR<\/strong> (Student \u2013 Ege University, Department of Archaeology)<br \/>\n<strong>Merve \u00c7E\u011e\u0130L<\/strong> (Student \u2013 Ege University, Department of Archaeology)<br \/>\n<strong>Melis \u00c7OBANO\u011eULLARI<\/strong> (Student \u2013 Ege University, Department of Archaeology)<br \/>\n<strong>\u00d6mer DEVEL\u0130<\/strong> (Student \u2013 Ege University, Department of Archaeology)<br \/>\n<\/strong><\/p>\n<p><strong>Nimet KAYA<\/strong> (Student \u2013 Ege University, Department of Archaeology)<br \/>\n<strong>Ertu\u011frul KIRA\u00c7<\/strong> (Student \u2013 Ege University, Department of Archaeology)<br \/>\n<strong>Cenk MISIRLIO\u011eLU<\/strong> (Student \u2013 Ege University, Department of Archaeology)<br \/>\n<strong>Mesut \u00dcNVER<\/strong> (Student \u2013 Ege University, Department of Archaeology)<br \/>\n<strong>Ece \u015eENT\u00dcRK<\/strong> (Student \u2013 Ege University, Department of Archaeology)<br \/>\n<strong>Burcu TANRIVERD\u0130<\/strong> (Student \u2013 Ege University, Department of Archaeology)<br \/>\n<strong>Zuhal YILDIRIM<\/strong> (Student \u2013 Ege University, Department of Archaeology)<br \/>\n<strong>Derya AKIN<\/strong> (Student \/ Yeditepe University, Department of Architecture \u00dcniversitesi )\n<\/p>\n<h3><mark>2010<\/mark><\/h3>\n<p>\t\t\t\t<img decoding=\"async\" src=\"http:\/\/antandros.org\/ant_wp\/wp-content\/uploads\/2019\/06\/ekip2010.jpg\" alt=\"Kaz\u0131 Ekibi 2010 Toplu Foto\u011fraf\" itemprop=\"image\" title=\"Excavation Team 2003\"  \/><\/p>\n<p><strong>Assoc. Prof. G\u00fcrcan POLAT<\/strong> (Ege University Faculty Member)<br \/>\n<strong>Asst. Prof. Yasemin POLAT<\/strong> (Ege University Faculty Member)<br \/>\n<strong>Firdevs SAYILAN<\/strong> (Sanat Tarih\u00e7i &#8211; Foto\u011fraf Sanat\u00e7\u0131s\u0131)<br \/>\n<strong>G\u00fcl\u015fah ALTUNKAYNAK<\/strong> (Representative of Government from Erzurum Museum)<br \/>\n<strong>\u00d6zcan ATALAY<\/strong> (Drawing Specialist)<br \/>\n<strong>Research Assistant Kahraman YA\u011eIZ<\/strong> (Ege University)<br \/>\n<strong>Research Assistant Se\u00e7il \u00dcNEY<\/strong> (Ege University)<br \/>\n<strong>\u00d6zge Y\u0131ld\u0131z AYDO\u011eAN<\/strong> (Archaeologist \u2013 Hacettepe University, Ph. D. Candidate in Anthropology)<br \/>\n<strong>Evren A\u00c7AR<\/strong> (Archaeologist)<br \/>\n<strong>Deniz ARKAN<\/strong> (Archaeologist)<br \/>\n<strong>Rabia Akta\u015f \u00c7ILDIR<\/strong> (Archaeologist)<br \/>\n<strong>Ece AKSOY<\/strong> (Student \u2013 Ege University, Department of Archaeology)<br \/>\n<strong>U\u011fur \u00c7ANDAR<\/strong> (Student \u2013 Ege University, Department of Archaeology)<br \/>\n<strong>Melis \u00c7OBANO\u011eULLARI<\/strong> (Student \u2013 Ege University, Department of Archaeology)<br \/>\n<strong>Nimet KAYA<\/strong> (Student \u2013 Ege University, Department of Archaeology)<br \/>\n<strong>Ertu\u011frul KIRA\u00c7<\/strong> (Student \u2013 Ege University, Department of Archaeology)\n<\/p>\n<p><strong>Mesut \u00dcNVER<\/strong> (Student \u2013 Ege University, Department of Archaeology)<br \/>\n<strong>Ece \u015eENT\u00dcRK<\/strong> (Student \u2013 Ege University, Department of Archaeology)<br \/>\n<strong>Burcu TANRIVERD\u0130<\/strong> (Student \u2013 Ege University, Department of Archaeology)<br \/>\n<strong>Zuhal YILDIRIM<\/strong> (Student \u2013 Ege University, Department of Archaeology)<br \/>\n<strong>Hamde Shukri YUMER<\/strong> (Student \u2013 Ege University, Department of Archaeology)<br \/>\n<strong>Ozan \u00c7AKMAK<\/strong> (Student \u2013 Istanbul University, Department of Archaeology)<br \/>\n<strong>Emir SON<\/strong> (Student \u2013 Istanbul University, Department of Archaeology)<br \/>\n<strong>Ya\u011fmur SOYDAN<\/strong> (Student \u2013 Adnan Menderes University, Department of Archaeology)<br \/>\n<strong>Selen Buse DORUKO\u011eLU<\/strong> (Student \u2013 Istanbul University, Deparment of Conservation and Restoration Cultural Property)<br \/>\n<strong>Nihan ER\u0130M<\/strong> (Student \u2013 Istanbul University, Deparment of Conservation and Restoration Cultural Property)<br \/>\n<strong>Asl\u0131han FINDIK\u00c7I<\/strong> (Student \u2013 Istanbul University, Deparment of Conservation and Restoration Cultural Property)\n<\/p>\n<p><strong>G\u00f6rkem HERSEK<\/strong> (Student \u2013 Istanbul University, Deparment of Conservation and Restoration Cultural Property)<br \/>\n<strong>Muhammed \u00c7OLAK<\/strong> (Student \u2013 S\u00fcleyman Demirel University, Department of Architectural Restoration in Yalva\u00e7 Technical Sciences Vocational School)<br \/>\n<strong>Taha DUMAN<\/strong> (Student \u2013 S\u00fcleyman Demirel University, Department of Architectural Restoration in Yalva\u00e7 Technical Sciences Vocational School)<br \/>\n<strong>Z\u00fcleyha KARABUDAK<\/strong> (Student \u2013 S\u00fcleyman Demirel University, Department of Architectural Restoration in Yalva\u00e7 Technical Sciences Vocational School)<br \/>\n<strong>Emre \u015eENYURT<\/strong> (Student \u2013 S\u00fcleyman Demirel University, Department of Architectural Restoration in Yalva\u00e7 Technical Sciences Vocational School)<br \/>\n<strong>Derya AKIN<\/strong> (Student \/ Yeditepe University, Department of Architecture \u00dcniversitesi )<br \/>\n<strong>Bet\u00fcl AVCI<\/strong> (Student \u2013 Istanbul Technical University, Deparment of Interior Architecture)<br \/>\n<strong>Ekin G\u00dcN<\/strong> (Student \u2013 Istanbul Technical University, Deparment of Interior Architecture)<\/p>\n<p>&nbsp;<\/p>\n<p><a href=\"http:\/\/antandros.org\/en\/ant_wp\/kazi-ekibi-2018-2015\/\" class=\"wm-button size-large button\"><span class=\"icon-ion-android-arrow-dropleft\" aria-hidden=\"true\"> <\/span>2018-2015<\/a><a href=\"https:\/\/antandros.org\/en\/kazi-ekibi-2009-2005\/\" class=\"wm-button size-large button\"><span class=\"icon-ion-android-arrow-dropright\" aria-hidden=\"true\"> <\/span>2009-2005<\/a><\/p>","protected":false},"excerpt":{"rendered":"<div class=\"entry-summary\">\n<div class=\"entry-summary\">\nRemoves the page intro section. Only the page content is displayed and page title is accessibly hidden.\n<\/div>\n<div class=\"link-more\"><a href=\"https:\/\/antandros.org\/en\/kazi-ekibi-2014-2010\/\" class=\"more-link\">Devam\u0131<span class=\"screen-reader-text\"> &ldquo;Kaz\u0131 Ekibi 2014-2010&rdquo;<\/span>&hellip;<\/a><\/div>\n<\/div>\n<div class=\"link-more\"><a href=\"https:\/\/antandros.org\/en\/kazi-ekibi-2014-2010\/\" class=\"more-link\">Devam\u0131<span class=\"screen-reader-text\"> &ldquo;Kaz\u0131 Ekibi 2014-2010&rdquo;<\/span>&hellip;<\/a><\/div>","protected":false},"author":1,"featured_media":0,"parent":0,"menu_order":110,"comment_status":"closed","ping_status":"closed","template":"templates\/no-intro.php","meta":{"footnotes":""},"class_list":["post-2558","page","type-page","status-publish","hentry","entry"],"wps_subtitle":"","_links":{"self":[{"href":"https:\/\/antandros.org\/en\/wp-json\/wp\/v2\/pages\/2558","targetHints":{"allow":["GET"]}}],"collection":[{"href":"https:\/\/antandros.org\/en\/wp-json\/wp\/v2\/pages"}],"about":[{"href":"https:\/\/antandros.org\/en\/wp-json\/wp\/v2\/types\/page"}],"author":[{"embeddable":true,"href":"https:\/\/antandros.org\/en\/wp-json\/wp\/v2\/users\/1"}],"replies":[{"embeddable":true,"href":"https:\/\/antandros.org\/en\/wp-json\/wp\/v2\/comments?post=2558"}],"version-history":[{"count":0,"href":"https:\/\/antandros.org\/en\/wp-json\/wp\/v2\/pages\/2558\/revisions"}],"wp:attachment":[{"href":"https:\/\/antandros.org\/en\/wp-json\/wp\/v2\/media?parent=2558"}],"curies":[{"name":"wp","href":"https:\/\/api.w.org\/{rel}","templated":true}]}}