{"id":2548,"date":"2019-06-21T13:58:23","date_gmt":"2019-06-21T10:58:23","guid":{"rendered":"http:\/\/antandros.org\/ant_wp\/?page_id=2548"},"modified":"2026-01-10T23:49:11","modified_gmt":"2026-01-10T20:49:11","slug":"galeri","status":"publish","type":"page","link":"https:\/\/antandros.org\/en\/galeri\/","title":{"rendered":"Galeri"},"content":{"rendered":"<h2 class=\" translation-block\"><strong>Antandros<\/strong> Excavation Sites Photo Gallery<\/h2>\n<p class=\" translation-block\">The excavation works have been continuing under the leadership of Prof. G\u00fcrcan Polat since 2000. The excavations of the two main sectors, namely the <strong>Maritime Villa<\/strong> and the <strong>Necropolis<\/strong> have been going on without interruption; and also, works on other areas are undertaken to better grasp the centuries old ancient history of the city. You can find below the photo gallery covering the most important excavation sites and related research.<\/p>\n        \t<meta itemscope itemprop=\"mainEntityOfPage\" itemtype=\"https:\/\/schema.org\/WebPage\" itemid=\"http:\/\/antandros.org\/ant_wp\/foto-galeri\/yamac-ev-ve-roma-villasi\/\" content=\"Yama\u00e7 Ev ve Roma Villas\u0131\" \/><meta itemprop=\"datePublished\" content=\"2019-06-21\" \/><meta itemprop=\"dateModified\" content=\"2019-06-29\" \/><meta itemprop=\"name\" content=\"Antandros Antik Kenti\"\/><meta itemprop=\"url\" content=\"http:\/\/antandros.org\/ant_wp\/author\/ka_ant02109\/\" \/><meta itemprop=\"name\" content=\"Ka_AnT02109\" \/><meta itemprop=\"url\" content=\"http:\/\/antandros.org\/ant_wp\/wp-content\/uploads\/2019\/06\/yamacev-kapak.jpg\" \/><meta itemprop=\"width\" content=\"500\" \/><meta itemprop=\"height\" content=\"500\" \/><meta itemprop=\"interactionType\" content=\"http:\/\/schema.org\/CommentAction\" \/><meta itemprop=\"userInteractionCount\" content=\"0\" \/>\n\t<a href='http:\/\/antandros.org\/en\/ant_wp\/foto-galeri\/yamac-ev-ve-roma-villasi\/' title='Maritime Villa and Roman House'><img loading=\"lazy\" decoding=\"async\" width=\"500\" height=\"500\" src=\"http:\/\/antandros.org\/ant_wp\/wp-content\/uploads\/2019\/06\/yamacev-kapak.jpg\" alt=\"Yama\u00e7 Ev Kapak G\u00f6rseli\" itemprop=\"image\" srcset=\"http:\/\/antandros.org\/ant_wp\/wp-content\/uploads\/2019\/06\/yamacev-kapak.jpg 500w, http:\/\/antandros.org\/ant_wp\/wp-content\/uploads\/2019\/06\/yamacev-kapak-448x448.jpg 448w\" sizes=\"auto, (max-width: 500px) 100vw, 500px\" \/><\/a>\n\t<h2><a href='http:\/\/antandros.org\/en\/ant_wp\/foto-galeri\/yamac-ev-ve-roma-villasi\/' title='Maritime Villa and Roman House'>Maritime Villa and Roman House<\/a><\/h2>\n        \t<meta itemscope itemprop=\"mainEntityOfPage\" itemtype=\"https:\/\/schema.org\/WebPage\" itemid=\"http:\/\/antandros.org\/ant_wp\/foto-galeri\/nekropolis\/\" content=\"Nekropolis\" \/><meta itemprop=\"datePublished\" content=\"2019-06-20\" \/><meta itemprop=\"dateModified\" content=\"2019-06-29\" \/><meta itemprop=\"name\" content=\"Antandros Antik Kenti\"\/><meta itemprop=\"url\" content=\"http:\/\/antandros.org\/ant_wp\/author\/ka_ant02109\/\" \/><meta itemprop=\"name\" content=\"Ka_AnT02109\" \/><meta itemprop=\"url\" content=\"http:\/\/antandros.org\/ant_wp\/wp-content\/uploads\/2019\/06\/galeri-nekropolis-kapak-new.jpg\" \/><meta itemprop=\"width\" content=\"500\" \/><meta itemprop=\"height\" content=\"500\" \/><meta itemprop=\"interactionType\" content=\"http:\/\/schema.org\/CommentAction\" \/><meta itemprop=\"userInteractionCount\" content=\"0\" \/>\n\t<a href='http:\/\/antandros.org\/en\/ant_wp\/foto-galeri\/nekropolis\/' title='Necropolis'><img loading=\"lazy\" decoding=\"async\" width=\"500\" height=\"500\" src=\"http:\/\/antandros.org\/ant_wp\/wp-content\/uploads\/2019\/06\/galeri-nekropolis-kapak-new.jpg\" alt=\"\" itemprop=\"image\" srcset=\"http:\/\/antandros.org\/ant_wp\/wp-content\/uploads\/2019\/06\/galeri-nekropolis-kapak-new.jpg 500w, http:\/\/antandros.org\/ant_wp\/wp-content\/uploads\/2019\/06\/galeri-nekropolis-kapak-new-448x448.jpg 448w\" sizes=\"auto, (max-width: 500px) 100vw, 500px\" \/><\/a>\n\t<h2><a href='http:\/\/antandros.org\/en\/ant_wp\/foto-galeri\/nekropolis\/' title='Necropolis'>Necropolis<\/a><\/h2>\n        \t<meta itemscope itemprop=\"mainEntityOfPage\" itemtype=\"https:\/\/schema.org\/WebPage\" itemid=\"http:\/\/antandros.org\/ant_wp\/foto-galeri\/yolustu-acmasi\/\" content=\"Yol\u00fcst\u00fc A\u00e7mas\u0131\" \/><meta itemprop=\"datePublished\" content=\"2019-06-21\" \/><meta itemprop=\"dateModified\" content=\"2019-06-29\" \/><meta itemprop=\"name\" content=\"Antandros Antik Kenti\"\/><meta itemprop=\"url\" content=\"http:\/\/antandros.org\/ant_wp\/author\/ka_ant02109\/\" \/><meta itemprop=\"name\" content=\"Ka_AnT02109\" \/><meta itemprop=\"url\" content=\"http:\/\/antandros.org\/ant_wp\/wp-content\/uploads\/2019\/06\/yolustu-acmasi-kapak.jpg\" \/><meta itemprop=\"width\" content=\"500\" \/><meta itemprop=\"height\" content=\"500\" \/><meta itemprop=\"interactionType\" content=\"http:\/\/schema.org\/CommentAction\" \/><meta itemprop=\"userInteractionCount\" content=\"0\" \/>\n\t<a href='http:\/\/antandros.org\/en\/ant_wp\/foto-galeri\/yolustu-acmasi\/' title='Over the Road Opening Excavation Work'><img loading=\"lazy\" decoding=\"async\" width=\"500\" height=\"500\" src=\"http:\/\/antandros.org\/ant_wp\/wp-content\/uploads\/2019\/06\/yolustu-acmasi-kapak.jpg\" alt=\"Yol\u00fcst\u00fc A\u00e7mas\u0131 Kapak G\u00f6rseli\" itemprop=\"image\" srcset=\"http:\/\/antandros.org\/ant_wp\/wp-content\/uploads\/2019\/06\/yolustu-acmasi-kapak.jpg 500w, http:\/\/antandros.org\/ant_wp\/wp-content\/uploads\/2019\/06\/yolustu-acmasi-kapak-448x448.jpg 448w\" sizes=\"auto, (max-width: 500px) 100vw, 500px\" \/><\/a>\n\t<h2><a href='http:\/\/antandros.org\/en\/ant_wp\/foto-galeri\/yolustu-acmasi\/' title='Over the Road Opening Excavation Work'>Over the Road Opening Excavation Work<\/a><\/h2>\n        \t<meta itemscope itemprop=\"mainEntityOfPage\" itemtype=\"https:\/\/schema.org\/WebPage\" itemid=\"http:\/\/antandros.org\/ant_wp\/foto-galeri\/dereboyu-2\/\" content=\"Dereboyu 2\" \/><meta itemprop=\"datePublished\" content=\"2019-06-21\" \/><meta itemprop=\"dateModified\" content=\"2019-06-29\" \/><meta itemprop=\"name\" content=\"Antandros Antik Kenti\"\/><meta itemprop=\"url\" content=\"http:\/\/antandros.org\/ant_wp\/author\/ka_ant02109\/\" \/><meta itemprop=\"name\" content=\"Ka_AnT02109\" \/><meta itemprop=\"url\" content=\"http:\/\/antandros.org\/ant_wp\/wp-content\/uploads\/2019\/06\/dereboyu2-kapak.jpg\" \/><meta itemprop=\"width\" content=\"500\" \/><meta itemprop=\"height\" content=\"500\" \/><meta itemprop=\"interactionType\" content=\"http:\/\/schema.org\/CommentAction\" \/><meta itemprop=\"userInteractionCount\" content=\"0\" \/>\n\t<a href='http:\/\/antandros.org\/en\/ant_wp\/foto-galeri\/dereboyu-2\/' title='Dereboyu Opening 2'><img loading=\"lazy\" decoding=\"async\" width=\"500\" height=\"500\" src=\"http:\/\/antandros.org\/ant_wp\/wp-content\/uploads\/2019\/06\/dereboyu2-kapak.jpg\" alt=\"Dereboyu2 Kapak G\u00f6rseli\" itemprop=\"image\" srcset=\"http:\/\/antandros.org\/ant_wp\/wp-content\/uploads\/2019\/06\/dereboyu2-kapak.jpg 500w, http:\/\/antandros.org\/ant_wp\/wp-content\/uploads\/2019\/06\/dereboyu2-kapak-448x448.jpg 448w\" sizes=\"auto, (max-width: 500px) 100vw, 500px\" \/><\/a>\n\t<h2><a href='http:\/\/antandros.org\/en\/ant_wp\/foto-galeri\/dereboyu-2\/' title='Dereboyu Opening 2'>Dereboyu Opening 2<\/a><\/h2>\n        \t<meta itemscope itemprop=\"mainEntityOfPage\" itemtype=\"https:\/\/schema.org\/WebPage\" itemid=\"http:\/\/antandros.org\/ant_wp\/foto-galeri\/yolalti-acmasi\/\" content=\"Yolalt\u0131 A\u00e7mas\u0131\" \/><meta itemprop=\"datePublished\" content=\"2019-06-21\" \/><meta itemprop=\"dateModified\" content=\"2019-06-29\" \/><meta itemprop=\"name\" content=\"Antandros Antik Kenti\"\/><meta itemprop=\"url\" content=\"http:\/\/antandros.org\/ant_wp\/author\/ka_ant02109\/\" \/><meta itemprop=\"name\" content=\"Ka_AnT02109\" \/><meta itemprop=\"url\" content=\"http:\/\/antandros.org\/ant_wp\/wp-content\/uploads\/2019\/06\/yolalti-acmasi-kapak.jpg\" \/><meta itemprop=\"width\" content=\"500\" \/><meta itemprop=\"height\" content=\"500\" \/><meta itemprop=\"interactionType\" content=\"http:\/\/schema.org\/CommentAction\" \/><meta itemprop=\"userInteractionCount\" content=\"0\" \/>\n\t<a href='http:\/\/antandros.org\/en\/ant_wp\/foto-galeri\/yolalti-acmasi\/' title='Beneath the Road Opening'><img loading=\"lazy\" decoding=\"async\" width=\"500\" height=\"500\" src=\"http:\/\/antandros.org\/ant_wp\/wp-content\/uploads\/2019\/06\/yolalti-acmasi-kapak.jpg\" alt=\"Yolalt\u0131 A\u00e7mas\u0131 Kapak G\u00f6rsel\" itemprop=\"image\" srcset=\"http:\/\/antandros.org\/ant_wp\/wp-content\/uploads\/2019\/06\/yolalti-acmasi-kapak.jpg 500w, http:\/\/antandros.org\/ant_wp\/wp-content\/uploads\/2019\/06\/yolalti-acmasi-kapak-448x448.jpg 448w\" sizes=\"auto, (max-width: 500px) 100vw, 500px\" \/><\/a>\n\t<h2><a href='http:\/\/antandros.org\/en\/ant_wp\/foto-galeri\/yolalti-acmasi\/' title='Beneath the Road Opening'>Beneath the Road Opening<\/a><\/h2>\n        \t<meta itemscope itemprop=\"mainEntityOfPage\" itemtype=\"https:\/\/schema.org\/WebPage\" itemid=\"http:\/\/antandros.org\/ant_wp\/foto-galeri\/kent-suru\/\" content=\"Kent Suru\" \/><meta itemprop=\"datePublished\" content=\"2019-06-21\" \/><meta itemprop=\"dateModified\" content=\"2019-06-29\" \/><meta itemprop=\"name\" content=\"Antandros Antik Kenti\"\/><meta itemprop=\"url\" content=\"http:\/\/antandros.org\/ant_wp\/author\/ka_ant02109\/\" \/><meta itemprop=\"name\" content=\"Ka_AnT02109\" \/><meta itemprop=\"url\" content=\"http:\/\/antandros.org\/ant_wp\/wp-content\/uploads\/2019\/06\/surduvari-kapak.jpg\" \/><meta itemprop=\"width\" content=\"500\" \/><meta itemprop=\"height\" content=\"500\" \/><meta itemprop=\"interactionType\" content=\"http:\/\/schema.org\/CommentAction\" \/><meta itemprop=\"userInteractionCount\" content=\"0\" \/>\n\t<a href='http:\/\/antandros.org\/en\/ant_wp\/foto-galeri\/kent-suru\/' title='Defensive Section'><img loading=\"lazy\" decoding=\"async\" width=\"500\" height=\"500\" src=\"http:\/\/antandros.org\/ant_wp\/wp-content\/uploads\/2019\/06\/surduvari-kapak.jpg\" alt=\"Sur Duvar\u0131 Kapak G\u00f6rseli\" itemprop=\"image\" srcset=\"http:\/\/antandros.org\/ant_wp\/wp-content\/uploads\/2019\/06\/surduvari-kapak.jpg 500w, http:\/\/antandros.org\/ant_wp\/wp-content\/uploads\/2019\/06\/surduvari-kapak-448x448.jpg 448w\" sizes=\"auto, (max-width: 500px) 100vw, 500px\" \/><\/a>\n\t<h2><a href='http:\/\/antandros.org\/en\/ant_wp\/foto-galeri\/kent-suru\/' title='Defensive Section'>Defensive Section<\/a><\/h2>\n        \t<meta itemscope itemprop=\"mainEntityOfPage\" itemtype=\"https:\/\/schema.org\/WebPage\" itemid=\"http:\/\/antandros.org\/ant_wp\/foto-galeri\/sualti-arastirmasi\/\" content=\"Sualt\u0131 Ara\u015ft\u0131rmas\u0131\" \/><meta itemprop=\"datePublished\" content=\"2019-06-29\" \/><meta itemprop=\"dateModified\" content=\"2019-06-29\" \/><meta itemprop=\"name\" content=\"Antandros Antik Kenti\"\/><meta itemprop=\"url\" content=\"http:\/\/antandros.org\/ant_wp\/author\/ka_ant02109\/\" \/><meta itemprop=\"name\" content=\"Ka_AnT02109\" \/><meta itemprop=\"url\" content=\"http:\/\/antandros.org\/ant_wp\/wp-content\/uploads\/2019\/06\/sualt\u0131-kapak.jpg\" \/><meta itemprop=\"width\" content=\"500\" \/><meta itemprop=\"height\" content=\"500\" \/><meta itemprop=\"interactionType\" content=\"http:\/\/schema.org\/CommentAction\" \/><meta itemprop=\"userInteractionCount\" content=\"0\" \/>\n\t<a href='http:\/\/antandros.org\/en\/ant_wp\/foto-galeri\/sualti-arastirmasi\/' title='Underwater Research'><img loading=\"lazy\" decoding=\"async\" width=\"500\" height=\"500\" src=\"http:\/\/antandros.org\/ant_wp\/wp-content\/uploads\/2019\/06\/sualt\u0131-kapak.jpg\" alt=\"Sualt\u0131 Ara\u015ft\u0131rmas\u0131 Kapak G\u00f6rseli\" itemprop=\"image\" srcset=\"http:\/\/antandros.org\/ant_wp\/wp-content\/uploads\/2019\/06\/sualt\u0131-kapak.jpg 500w, http:\/\/antandros.org\/ant_wp\/wp-content\/uploads\/2019\/06\/sualt\u0131-kapak-300x300.jpg 300w, http:\/\/antandros.org\/ant_wp\/wp-content\/uploads\/2019\/06\/sualt\u0131-kapak-448x448.jpg 448w\" sizes=\"auto, (max-width: 500px) 100vw, 500px\" \/><\/a>\n\t<h2><a href='http:\/\/antandros.org\/en\/ant_wp\/foto-galeri\/sualti-arastirmasi\/' title='Underwater Research'>Underwater Research<\/a><\/h2>","protected":false},"excerpt":{"rendered":"<div class=\"entry-summary\">\n<div class=\"entry-summary\">\nAntandros Kaz\u0131 Alanlar\u0131 Foto\u011fraf Galerisi Prof. Dr. G\u00fcrcan POLAT \u00f6nc\u00fcl\u00fc\u011f\u00fcnde 2000 y\u0131l\u0131ndan beri devam eden kaz\u0131larda, iki ana sekt\u00f6r olan Yama\u00e7 Ev ve Nekropolis kaz\u0131lar\u0131 s\u00fcrekli olarak devam etmi\u015f; kentin uzun y\u00fczy\u0131llara geni\u015fleyen ge\u00e7mi\u015fini daha iyi kavrayabilmek ad\u0131na bir\u00e7ok farkl\u0131&hellip;\n<\/div>\n<div class=\"link-more\"><a href=\"https:\/\/antandros.org\/en\/galeri\/\" class=\"more-link\">Devam\u0131<span class=\"screen-reader-text\"> &ldquo;Galeri&rdquo;<\/span>&hellip;<\/a><\/div>\n<\/div>\n<div class=\"link-more\"><a href=\"https:\/\/antandros.org\/en\/galeri\/\" class=\"more-link\">Devam\u0131<span class=\"screen-reader-text\"> &ldquo;Galeri&rdquo;<\/span>&hellip;<\/a><\/div>","protected":false},"author":1,"featured_media":0,"parent":0,"menu_order":0,"comment_status":"closed","ping_status":"closed","template":"","meta":{"footnotes":""},"class_list":["post-2548","page","type-page","status-publish","hentry","entry"],"wps_subtitle":"","_links":{"self":[{"href":"https:\/\/antandros.org\/en\/wp-json\/wp\/v2\/pages\/2548","targetHints":{"allow":["GET"]}}],"collection":[{"href":"https:\/\/antandros.org\/en\/wp-json\/wp\/v2\/pages"}],"about":[{"href":"https:\/\/antandros.org\/en\/wp-json\/wp\/v2\/types\/page"}],"author":[{"embeddable":true,"href":"https:\/\/antandros.org\/en\/wp-json\/wp\/v2\/users\/1"}],"replies":[{"embeddable":true,"href":"https:\/\/antandros.org\/en\/wp-json\/wp\/v2\/comments?post=2548"}],"version-history":[{"count":1,"href":"https:\/\/antandros.org\/en\/wp-json\/wp\/v2\/pages\/2548\/revisions"}],"predecessor-version":[{"id":4347,"href":"https:\/\/antandros.org\/en\/wp-json\/wp\/v2\/pages\/2548\/revisions\/4347"}],"wp:attachment":[{"href":"https:\/\/antandros.org\/en\/wp-json\/wp\/v2\/media?parent=2548"}],"curies":[{"name":"wp","href":"https:\/\/api.w.org\/{rel}","templated":true}]}}