{"id":2376,"date":"2019-06-19T18:05:40","date_gmt":"2019-06-19T15:05:40","guid":{"rendered":"http:\/\/antandros.org\/ant_wp\/?page_id=2376"},"modified":"2026-01-10T23:55:53","modified_gmt":"2026-01-10T20:55:53","slug":"arkeoloji","status":"publish","type":"page","link":"https:\/\/antandros.org\/en\/mitoloji\/arkeoloji\/","title":{"rendered":"Archeology"},"content":{"rendered":"<p>Antandros Antik Kenti&#8217;nin yerinin belirlenmesine ili\u015fkin ara\u015ft\u0131rmalar, 1842 y\u0131l\u0131nda Kiepert ile ba\u015flam\u0131\u015f, 1881 y\u0131l\u0131nda Schliemann, Kiepert&#8217;ten sekiz y\u0131l sonra Judeich, 1911 y\u0131l\u0131nda Leaf, 1959 ve 1968 y\u0131llar\u0131nda Cook ile devam etmi\u015ftir.<\/p>\n\t\t\t\t<img decoding=\"async\" src=\"http:\/\/antandros.org\/ant_wp\/wp-content\/uploads\/2019\/06\/antandros-arkeoloji-1.jpg\" alt=\"Antandros Kaz\u0131 Alan\u0131ndan \u00c7\u0131kart\u0131lan Fig\u00fcrinler\" itemprop=\"image\" title=\"Some figurines from Antandros Excavation\"  \/>\n\t\tSome figurines from Antandros Excavation\n\t<p>2000 y\u0131l\u0131nda Ege \u00dcniversitesi, Edebiyat Fak\u00fcltesi, Arkeoloji B\u00f6l\u00fcm\u00fc, Klasik Arkeoloji Ana Bilim Dal\u0131 \u00f6\u011fretim \u00fcyelerinden Prof. Dr. G\u00fcrcan Polat ba\u015fkanl\u0131\u011f\u0131nda bir ekip taraf\u0131ndan y\u00fczey ara\u015ft\u0131rmas\u0131 ger\u00e7ekle\u015ftirilmi\u015ftir. Y\u00fczey ara\u015ft\u0131rmas\u0131nda ve 2001 y\u0131l\u0131nda ba\u015flat\u0131lan bilimsel kaz\u0131larda Kaleta\u015f\u0131 Tepesi&#8217;nde sur ile \u00e7evrili bir yerle\u015fim, Ge\u00e7 Roma D\u00f6nemi&#8217;ne ait bir villa(Yama\u00e7 Ev) ve daha k\u00fc\u00e7\u00fck \u00f6l\u00e7ekli ancak g\u00f6steri\u015fli bir ev, M\u00d6 8. y\u00fczy\u0131ldan ba\u015flayan ve t\u00fcm yerle\u015fim tabakalar\u0131n\u0131 ortaya koyan alanlar, Nekropolis, Kent Suru gibi \u00f6nemli bulgular ortaya konmu\u015ftur.<\/p>\n\t<p>After these early researches there were no work done at this location for a while. When the shoreline location where Antandross is located went through zone change in 1989; and was open for public construction which involved  excavations and diggings for the site-building, some  burial sites were discovered; and as a result of this, in 1991 Museum Recovery Excavations were started.As a result of these studies, it was realized that this area was used as Necropolis between 7th and 2nd Centuries.B.C. Museum Recovery Excavations continued periodically until 1995; and after that, excavation works stopped again.<\/p>\n\t\t\t\t<img decoding=\"async\" src=\"http:\/\/antandros.org\/ant_wp\/wp-content\/uploads\/2019\/06\/Aeneasbabas\u0131-Anchisesi-Troydan-Ka\u00e7\u0131r\u0131yor.jpg\" alt=\"Aeneas'\u0131n Babas\u0131 Anchises'i Troia'dan Ka\u00e7\u0131r\u0131yor\" itemprop=\"image\" title=\"Aeneas'\u0131n Babas\u0131 Anchises'i Troia'dan Ka\u00e7\u0131r\u0131yor\"  \/>\n\t\tAeneas&#8217;\u0131n Babas\u0131 Anchises&#8217;i Troia&#8217;dan Ka\u00e7\u0131r\u0131yor\n\t\t\t<a href=\"http:\/\/antandros.org\/en\/ant_wp\/arastirma-tarihcesi\/\" target=\"_self\" rel=\"nofollow\">\n\t\t<h4>Brief History of the Research<\/h4>\n\t\t<\/a>\n\t\t\t<a href=\"http:\/\/antandros.org\/en\/ant_wp\/arkeoloji-haberleri\/\" target=\"_self\" rel=\"nofollow\">\n\t\t<h4>Archaeological News<\/h4>\n\t\t<\/a>\n\t\t\t<a href=\"https:\/\/antandros.org\/en\/tezler\/\" target=\"_self\" rel=\"nofollow\">\n\t\t<h4>Thesis<\/h4>\n\t\t<\/a>\n\t\t\t<a href=\"http:\/\/antandros.org\/en\/ant_wp\/galeri\/\" target=\"_self\" rel=\"nofollow\">\n\t\t<h4>Photo Gallery<\/h4>\n\t\t<\/a>\n\t\t\t<a href=\"http:\/\/antandros.org\/en\/ant_wp\/yamac-ev\/\" target=\"_self\" rel=\"nofollow\">\n\t\t<h4>Active Excavation Sites<\/h4>\n\t\t\t<p>Maritime Villa<\/p>\t\t\n\t\t<\/a>\n\t\t\t<a href=\"http:\/\/antandros.org\/en\/ant_wp\/yolalti-acmasi\/\" target=\"_self\" rel=\"nofollow\">\n\t\t<h4>Past Excavations<\/h4>\n\t\t\t<p>Beneath the Road Opening<\/p>\t\t\n\t\t<\/a>\n\t\t\t<a href=\"http:\/\/antandros.org\/en\/ant_wp\/nekropolis\/\" target=\"_self\" rel=\"nofollow\">\n\t\t<h4>Active Excavation Sites<\/h4>\n\t\t\t<p>Necropolis<\/p>\t\t\n\t\t<\/a>\n\t\t\t<a href=\"http:\/\/antandros.org\/en\/ant_wp\/kent-suru\/\" target=\"_self\" rel=\"nofollow\">\n\t\t<h4>Past Excavations<\/h4>\n\t\t\t<p>Defensive Section<\/p>\t\t\n\t\t<\/a>\n\t\t\t<a href=\"http:\/\/antandros.org\/en\/ant_wp\/yolustu-acmasi\/\" target=\"_self\" rel=\"nofollow\">\n\t\t<h4>Past Excavations<\/h4>\n\t\t\t<p>Over the Road Opening Excavation Work<\/p>\t\t\n\t\t<\/a>\n\t\t\t<a href=\"http:\/\/antandros.org\/en\/ant_wp\/roma-evi\/\" target=\"_self\" rel=\"nofollow\">\n\t\t<h4>Past Excavations<\/h4>\n\t\t\t<p>Roman House<\/p>\t\t\n\t\t<\/a>\n\t\t\t<a href=\"http:\/\/antandros.org\/en\/ant_wp\/dereboyu-2-acmasi\/\" target=\"_self\" rel=\"nofollow\">\n\t\t<h4>Past Excavations<\/h4>\n\t\t\t<p>Dereboyu Opening 2 Area<\/p>\t\t\n\t\t<\/a>\n\t\t\t<a href=\"http:\/\/antandros.org\/en\/ant_wp\/sualti-arastirmasi\/\" target=\"_self\" rel=\"nofollow\">\n\t\t<h4>Past Excavations<\/h4>\n\t\t\t<p>Underwater Research<\/p>\t\t\n\t\t<\/a>","protected":false},"excerpt":{"rendered":"<div class=\"entry-summary\">\n<div class=\"entry-summary\">\nResearches, related to the discovery of the location of the Antique City of Antandros, started in 1842 by Keipert.\n<\/div>\n<div class=\"link-more\"><a href=\"https:\/\/antandros.org\/en\/mitoloji\/arkeoloji\/\" class=\"more-link\">Devam\u0131<span class=\"screen-reader-text\"> &ldquo;Arkeoloji&rdquo;<\/span>&hellip;<\/a><\/div>\n<\/div>\n<div class=\"link-more\"><a href=\"https:\/\/antandros.org\/en\/mitoloji\/arkeoloji\/\" class=\"more-link\">Devam\u0131<span class=\"screen-reader-text\"> &ldquo;Arkeoloji&rdquo;<\/span>&hellip;<\/a><\/div>","protected":false},"author":1,"featured_media":2387,"parent":2246,"menu_order":0,"comment_status":"closed","ping_status":"closed","template":"","meta":{"footnotes":""},"class_list":["post-2376","page","type-page","status-publish","has-post-thumbnail","hentry","entry"],"wps_subtitle":"","_links":{"self":[{"href":"https:\/\/antandros.org\/en\/wp-json\/wp\/v2\/pages\/2376","targetHints":{"allow":["GET"]}}],"collection":[{"href":"https:\/\/antandros.org\/en\/wp-json\/wp\/v2\/pages"}],"about":[{"href":"https:\/\/antandros.org\/en\/wp-json\/wp\/v2\/types\/page"}],"author":[{"embeddable":true,"href":"https:\/\/antandros.org\/en\/wp-json\/wp\/v2\/users\/1"}],"replies":[{"embeddable":true,"href":"https:\/\/antandros.org\/en\/wp-json\/wp\/v2\/comments?post=2376"}],"version-history":[{"count":3,"href":"https:\/\/antandros.org\/en\/wp-json\/wp\/v2\/pages\/2376\/revisions"}],"predecessor-version":[{"id":4350,"href":"https:\/\/antandros.org\/en\/wp-json\/wp\/v2\/pages\/2376\/revisions\/4350"}],"up":[{"embeddable":true,"href":"https:\/\/antandros.org\/en\/wp-json\/wp\/v2\/pages\/2246"}],"wp:featuredmedia":[{"embeddable":true,"href":"https:\/\/antandros.org\/en\/wp-json\/wp\/v2\/media\/2387"}],"wp:attachment":[{"href":"https:\/\/antandros.org\/en\/wp-json\/wp\/v2\/media?parent=2376"}],"curies":[{"name":"wp","href":"https:\/\/api.w.org\/{rel}","templated":true}]}}