{"id":2320,"date":"2019-06-18T20:37:13","date_gmt":"2019-06-18T17:37:13","guid":{"rendered":"http:\/\/antandros.org\/ant_wp\/?page_id=2320"},"modified":"2021-10-27T12:41:58","modified_gmt":"2021-10-27T09:41:58","slug":"aeneas-destani","status":"publish","type":"page","link":"https:\/\/antandros.org\/en\/aeneas-destani\/","title":{"rendered":"Myth of Aeneas"},"content":{"rendered":"<h2>Vergilius: Aeneis<\/h2>\n<p>Aeneid written by Vergilius is the saga myth of the Trojan hero Aeneas. The book is composed of 12 sections. It tells the story of the Trojan hero Aeneas, beginning from his escape from the Trojan War with his father, son and the other survivors until he reaches and settles around Rome.<br \/>\nIn fact the book begins in Sicily, when seven years since the Trojan War. Aeneas reaches Carthage seven years after leaving Antandros and tells the tale of the past years to Queen Dido. Thus, the events are told by Vergilius in flash-backs.<\/p>\n<p>Many of the post Iliad sagas like the dragging in of the Trojan horse, murder of Laokoon, escaping of Aeneas with his father Ankhises, his son Anskanius and Palladion the sacred figurine of Troy are told in this saga.<\/p>\n<p>\t\t\t\t<img decoding=\"async\" src=\"http:\/\/antandros.org\/ant_wp\/wp-content\/uploads\/2019\/06\/an-image-of-the-youthful-poet-VirgilPublius-Vergilius-Maro.jpg\" alt=\"Virgil (Publius Vergilius Maro)\" itemprop=\"image\" title=\"Publius Vergilius Maro\"  \/><br \/>\n\t\tPublius Vergilius Maro, also known as Virgil, 70 BC<br \/>\n\t\t\t\t<a href=\"https:\/\/antandros.org\/wp-content\/uploads\/2019\/06\/Vergilius-Romanus-Dido-ve-Aeneas-Recline-Ak\u015fam-Yeme\u011finde.jpg\" target=\"_self\" itemprop=\"url\"><br \/>\n\t\t\t\t<img decoding=\"async\" src=\"http:\/\/antandros.org\/ant_wp\/wp-content\/uploads\/2019\/06\/Vergilius-Romanus-Dido-ve-Aeneas-Recline-Ak\u015fam-Yeme\u011finde.jpg\" alt=\"Dido ve Aeneas'\u0131n Ak\u015fam Yeme\u011fi\" itemprop=\"image\" title=\"Dido and Aeneas at Dinner, Vergilius Romanus\"  \/><br \/>\n\t\t\t\t<\/a><br \/>\n\t\tDido and Aeneas at Dinner, Vergilius Romanus<br \/>\n\t\t\t\t<a href=\"https:\/\/antandros.org\/wp-content\/uploads\/2019\/06\/Vergilius-Vaticanusun-Aeneas-Sicilyaya-yelken-a\u00e7\u0131yor.jpg\" target=\"_self\" itemprop=\"url\"><br \/>\n\t\t\t\t<img decoding=\"async\" src=\"http:\/\/antandros.org\/ant_wp\/wp-content\/uploads\/2019\/06\/Vergilius-Vaticanusun-Aeneas-Sicilyaya-yelken-a\u00e7\u0131yor.jpg\" alt=\"Aeneas Sicilya'ya Yelken A\u00e7\u0131yor\" itemprop=\"image\" title=\"Aeneas sails to Sicily, Vergilius Vaticanus\"  \/><br \/>\n\t\t\t\t<\/a><br \/>\n\t\tAeneas Sicilya&#8217;ya Yelken A\u00e7\u0131yor, Vergilius Vaticanus<br \/>\n\t\t\t\t<a href=\"https:\/\/antandros.org\/wp-content\/uploads\/2019\/06\/Sinon-Priama-Getiriliyor-Roman-Vergil.jpg\" target=\"_self\" itemprop=\"url\"><br \/>\n\t\t\t\t<img decoding=\"async\" src=\"http:\/\/antandros.org\/ant_wp\/wp-content\/uploads\/2019\/06\/Sinon-Priama-Getiriliyor-Roman-Vergil.jpg\" alt=\"Sinon Priam'a Getiriliyor\" itemprop=\"image\" title=\"Sinon Brings to Priam, Vergilius Romanus\"  \/><br \/>\n\t\t\t\t<\/a><br \/>\n\t\tSinon Priam&#8217;a Getiriliyor, Vergilius Romanus<\/p>\n<h2>Who is Aeneas?<\/h2>\n<p>Aeneas is the son of Ankhises of Trojan royal family and Goddess Aphrodites (Venus). He is the second biggest hero in the Trojan War following Hector. In fact we can see him advising Priamos\u2019 son, great Trojan, great hero Hector from time to time. The duty bestowed upon Aeneas is to leave Troy, find and build a new home and sustain the Trojan ancestry in the new lands for centuries.<\/p>\n<h2>Escape from Troy and Antandros<\/h2>\n<p>The Trojan hero Aeneas escapes from the great Trojan fire under the protection of his mother Aphrodites; his father Anchises on his shoulders, his son Ascanius holding his hand and the survived Trojans following him. He arrives at Antandros which lies on the skirts of Mount Ida. They are ready to search for a new home for themselves under the leadership of Aeneas. They build ships in Antandros, and at the beginning of the spring, they leave Antandros with 20 ships.<\/p>\n<h2 id=\"tarihce\">Thracia<\/h2>\n<p>After a couple of day\u2019s journey, they land in the Thracian shore. Thracia used to be a place that had good relations with Priamos. Priamos had even given his son Polyoros to the Thracian king Lykurgos for protection. But Lykurgos hands the boy to the Greeks and buys peace in return and the boy is murdered under the Trojan rampart before the eyes of his father. Aeneas does not know where he drops anchor exactly and they happily start building houses for themselves. He names the city Aeneas. Aeneas goes to the side of a near-by hilltop filled with cranberries and blueberries to sacrifice a bull for his mother Aphrodites (Venus) and Zeus (Jupiter), the God of Gods. He starts to prepare altars from grass so he picks up bushes and grass. Every time he picks up a bush, black drops of blood spatter over the place. When he picks another set of bush he hears a moaning and Polydoros\u2019 voice speaks to Aeneas. He says he was murdered before the Trojan ramparts and the merciful Thracians buried his bones there, and that those lands were accursed, so they should leave at once. Aeneas tells all these to his father and his people. They hold a funeral ceremony for Polydoros and they leave the Thracian shores.<\/p>\n<p>\t\t\t\t<img decoding=\"async\" src=\"http:\/\/antandros.org\/ant_wp\/wp-content\/uploads\/2019\/06\/Landscape-with-Aeneas-at-Delos-Claude-Lorrain16722.jpg\" alt=\"Aeneas'\u0131n Delos Adas\u0131na \u00c7\u0131k\u0131\u015f\u0131n\u0131 Anlatan Resim - Claude Lorrain (1672)\" itemprop=\"image\" title=\"Aeneas&#039;s Delos Island - Claude Lorrain (1672)\"  \/><br \/>\n\t\tAeneas&#8217;\u0131n Delos Adas\u0131na \u00c7\u0131k\u0131\u015f\u0131 &#8211; Claude Lorrain (1672)<br \/>\n\t\t\t\t<img decoding=\"async\" src=\"http:\/\/antandros.org\/ant_wp\/wp-content\/uploads\/2019\/06\/Map-of-Ancient-Thrace-made-by-Abraham-Ortelius-in-1585.jpg\" alt=\"Antik Thrakia'n\u0131n Haritas\u0131\" itemprop=\"image\" title=\"Map of Ancient Thrace made by Abraham Ortelius in 1585\"  \/><br \/>\n\t\tAntik Thrakia&#8217;n\u0131n Haritas\u0131, Abraham Ortelius, 1585<\/p>\n<h2 id=\"tarihce\">Delos<\/h2>\n<p>Aeneas ve beraberindekiler Apollon\u2019un tap\u0131na\u011f\u0131n\u0131n oldu\u011fu kutsal Delos adas\u0131na var\u0131rlar. Aeneas, tap\u0131nak \u00f6n\u00fcnde dua eder ve tanr\u0131 Apollan\u2019a nereye gitmeleri gerekti\u011fini dan\u0131\u015f\u0131r. Tap\u0131na\u011f\u0131n i\u00e7indeki ses <em>\u201cCesur Dardanos soyu! Atalar\u0131n k\u00f6keninden \u00f6te sizi ilk s\u0131rt\u0131nda ta\u015f\u0131yan toprak alacak bir tek, verimli ba\u011fr\u0131na yine. Aray\u0131n bu eski anatopra\u011f\u0131! Aeneas\u2019\u0131n evi orada egemen olacak b\u00fct\u00fcn d\u00fcnyaya, sonra \u00e7ocuklar\u0131n\u0131n \u00e7ocuklar\u0131 ve onlardan do\u011facak \u00e7ocuklar da!&#8221;<\/em> dedi.<\/p>\n<h2 id=\"tarihce\">Crete<\/h2>\n<p class=\" translation-block\"><span style=\"font-size: 18px\">Anchises interprets this prophecy and says; <em>\u201cThe fruitful isle of Crete, well known to fame, sacred of old to Jove's imperial name, in the mid ocean lies, with large command, and on its plains a hundred cities stand. Another Ida rises there, and we from thence derive our Trojan ancestry.\u201d<\/em> (Vergilius). The immigrants set to the sea again and land in Crete on the third day. They receive friendly welcome there and they start building houses for themselves again. The immigrants marry the locals, they share land, and they start making new laws. They name the new city Pergamon. But a disaster happens. A very hot summer burns away all the fields, the crops fade away and people start to die. Anchises proposes that they should again go to Delos to consult where they should go.<\/span><\/p>\n<h2>The Phrygian House Gods Tell Apollo\u2019s Prophecy to Aeneas<\/h2>\n<p>While at Cretan shores, Phrygian House Gods speak to Aeneas and tell him to leave these shores and go to Italy. They say his ancestors Dardanos and Iasios come from those lands. Aeneas runs to tell what he has heard to his father. Then, Ankhises remembers what Priamos\u2019 oracle daughter Kassandra had told him. She had said their ancestry will go to a country called Italy or Hesperia. He says; <\/p>\n<blockquote>\n<p>Soyumuzun Hesperia veya \u0130talya denen bir \u00fclkeye gidece\u011fini s\u00f6ylemi\u015f. Troia soyu iki ki\u015fiye ve yere dayan\u0131r: Dardanos ve Teucer. Dardanos \u0130talya\u2019dan gelmi\u015f, Teucer Girit\u2019den. Demek ki \u0130talya\u2019ya gitmeliymi\u015fiz&#8221; der.<\/p>\n<\/blockquote>\n<p>\t\t\t\t<img decoding=\"async\" src=\"http:\/\/antandros.org\/ant_wp\/wp-content\/uploads\/2019\/06\/Aeneas\u0131n-Giritten-Ayr\u0131l\u0131\u015f\u0131_Louvre-Museum-Limoges-1530.jpg\" alt=\"Aeneas'\u0131n Giritten Ayr\u0131l\u0131\u015f\u0131n\u0131 Anlatan Resim, Limoges (1530)\" itemprop=\"image\" title=\"Aeneas&#039; Departure from Crete, Louvre Museum, Limoges (1530)\"  \/><br \/>\n\t\tAeneas&#8217;\u0131n Giritten Ayr\u0131l\u0131\u015f\u0131, Louvre Museum, Limoges (1530)<\/p>\n<h2>Leaving Crete Landing where Harpies Live<\/h2>\n<p class=\" translation-block\"><span style=\"font-size: 18px\">Aeneas and his people leave Crete for Italy. They are caught in a storm in the sea that lasts three days. The first piece of land they lay eyes upon after the storm is Strophades shores. There live the wild Celaeno and the other Harpies. Harpies are creatures with the face of a young woman and the body of a bird. They dump their filth everywhere they go. Aeneas and his friends see goat and cattle herds right at the shore. They make a sacrifice killing for Zeus and also prepare food for themselves. When they are just about to take a bite, the Harpies descend upon them and spoil everything with their foul breath and dirt. The men draw their swords and try to kill the foul birds but their feathers are strong. All the harpies except one fly away. The Harpy called <strong>Celaeno<\/strong> says;<\/span><\/p>\n<blockquote>\n<p>You seek the Italian shores, foredoomed by fate: The Italian shores are granted you to find, and a safe passage to the port assigned but know, that before your promised walls you build, my curses shall severely be fulfilled fierce famine is your lot for this misdeed, Reduced to grind the plates on which you feed.\u201d<\/p>\n<\/blockquote>\n<p>\t\t\t\t<a href=\"https:\/\/antandros.org\/wp-content\/uploads\/2019\/06\/Perrier-Francois-Aeneas-and-his-Companions-Fighting-the-Harpies-1646.jpg\" target=\"_self\" itemprop=\"url\"><br \/>\n\t\t\t\t<img decoding=\"async\" src=\"http:\/\/antandros.org\/ant_wp\/wp-content\/uploads\/2019\/06\/Perrier-Francois-Aeneas-and-his-Companions-Fighting-the-Harpies-1646.jpg\" alt=\"Aeneas ve Beraberindekiler Harpyler'le Sava\u015f\u0131rken, Francois Perrier (1646)\" itemprop=\"image\" title=\"Aeneas and his Companions Fighting the Harpies, Francois Perrier (1646)\"  \/><br \/>\n\t\t\t\t<\/a><br \/>\n\t\t Aeneas ve  Beraberindekiler Harpyler&#8217;le Sava\u015f\u0131rken, Francois Perrier (1646)<\/p>\n<h2>Leaving the Harpy Lands<\/h2>\n<p>After leaving the lands of the harpies, they pass through Zachynthos, Dulichium, Same, Neritos, Ddasi and Ithaca respectively. Then, they see the foggy climax of the Mount Leucate. They reach the Apollo sanctuary, and very tired now; they come to a small town. They make offerings to Zeus and move on. They leave Phaec castle behind, pass the Epirus shores and come to Bouthrotium through Chaonia port.<\/p>\n<p>\t\t\t\t<img decoding=\"async\" src=\"http:\/\/antandros.org\/ant_wp\/wp-content\/uploads\/2019\/06\/Aeneas\u0131n-Bouthritiumda-Buthrotum-Andromakhe-ile-Kar\u015f\u0131la\u015fmas\u0131__Colin-Morison1760.jpg\" alt=\"Aeneas'\u0131n Bouthritium'da Andromakhe \u0130le Kar\u015f\u0131la\u015fmas\u0131, Colin Morison (1760)\" itemprop=\"image\" title=\"Andromache Offering Sacrifice to Hector\u2019s Shade, Colin Morison (1760)\"  \/><br \/>\n\t\tAeneas&#8217;\u0131n Bouthritium&#8217;da Andromakhe \u0130le Kar\u015f\u0131la\u015fmas\u0131, Colin Morison (1760)<\/p>\n<h2>Bouthritium<\/h2>\n<p>They hear rumours that Helenos, son of Priamos conquered the Greek cities and married Hector\u2019s wife Andromache They start walking around in an attempt to learn whether these rumours are true. Aeneas bumps into Andromache and she verifies what he had heard. Helenos has named these lands Chaonia when his close friend Chaon died there in a hunting accident and he has built a small Trojan city. Andromache and Helenos welcome Aeneas and his men in their palace. Days pass and it is again time to sail off. Aeneas consults with a priest of Apollo. The priest after retailing some events they will encounter and places they will visit during their journey, makes the following prophecy advising Aeneas to settle at the place where he sees a female pig milking its 30 cubs:<\/p>\n<blockquote>\n<p>When, in the shady shelter of a wood, and near the margin of a gentle flood, thou shalt behold a sow upon the ground, with thirty sucking young encompassed round; the dam and offspring white as falling snow, these on thy city shall their name bestow, and there shall end thy labours and thy woe.<\/p>\n<\/blockquote>\n<p>While bidding farewell, Andromache gives Aeneas and his friends many gifts. Ascanius receives clothes sewed with golden threads and a Phrygia style shirt. On departure Aeneas cites these meaningful words:<\/p>\n<blockquote>\n<p>Your fortune, happy pair, already made, leaves you no farther wish. My different state, avoiding one, incurs another fate. To you a quiet seat the Gods allow: You have no shores to search, no seas to plow, nor fields of flying Italy to chase: (\u2026) If ever the Gods, whom I with vows adore, conduct my steps to Tiber\u2019s happy shore; If ever I ascend the Latian throne, and build a city I may call my own; as both of us our birth from Troy derive, so let our kindred lines in concord live, and both in acts of equal friendship strive. [let Hesperia and Epirus be one, both of whom ancestor is Dardanos.] Our fortunes, good or bad, shall be the same: The double Troy shall differ but in name; that what we now begin may never end, but long to late posterity descend.<\/p>\n<\/blockquote>\n<p>\t\t\t\t<img decoding=\"async\" src=\"http:\/\/antandros.org\/ant_wp\/wp-content\/uploads\/2019\/06\/Aeneas-italya-K\u0131y\u0131lar\u0131nauUla\u015f\u0131yor-Aeneid-Book-III-1530\u201335.jpg\" alt=\"Aeneas \u0130talya K\u0131y\u0131lar\u0131na Ula\u015f\u0131yor (Aeneid BookIII, 1530\u201335)\" itemprop=\"image\" title=\"Aeneas \u0130talya K\u0131y\u0131lar\u0131na Ula\u015f\u0131yor (Aeneid BookIII, 1530\u201335)\"  \/><br \/>\n\t\tAeneas Reaches the Italian Coast (Aeneid Book III, 1530\u201335)<\/p>\n<h2>Ceranuia<\/h2>\n<p>As soon as they leave Bouthrutium the sea takes them near Ceraunia. It is a short journey from there to Italy. When the sky becomes bright and stars shine they make haste and take off with their ships.<\/p>\n<h2>Castro III.530 VD<\/h2>\n<p>After sailing for a long time, when it is dusk, brave Akhates shouts \u2018Italy!!\u2019 Ankhises fills his goblet with wine, he stands at the quarter deck and prays Gods for good wind and a safe journey. Far away, they see a harbour winding like a bow and an Athena sanctuary. A wall made up of stones piled upon each other reaches the sea from right and from left. These rocks hide the sanctuary from both sides. They see four white horses grazing at the shore. Anchises first predicts this as war, then changes his reading of the sign and says it may also be a hope for peace. After giving their offerings to Goddess Hera, they leave the shores of Castro as they do not regard the land as a secure place.<\/p>\n<hr \/>\n<h4>Do\u00e7 Dr. Yasemin POLAT<\/h4>\n<p><em>Ege University Faculty of Letters, Department of Classical Archaeology<br \/>\n<\/em><\/p>","protected":false},"excerpt":{"rendered":"<div class=\"entry-summary\">\n<div class=\"entry-summary\">\nMythological journey from Antandros to Rome turned into a European Cultural Route\n<\/div>\n<div class=\"link-more\"><a href=\"https:\/\/antandros.org\/en\/aeneas-destani\/\" class=\"more-link\">Devam\u0131<span class=\"screen-reader-text\"> &ldquo;Aeneas Destan\u0131&rdquo;<\/span>&hellip;<\/a><\/div>\n<\/div>\n<div class=\"link-more\"><a href=\"https:\/\/antandros.org\/en\/aeneas-destani\/\" class=\"more-link\">Devam\u0131<span class=\"screen-reader-text\"> &ldquo;Aeneas Destan\u0131&rdquo;<\/span>&hellip;<\/a><\/div>","protected":false},"author":1,"featured_media":2345,"parent":0,"menu_order":0,"comment_status":"closed","ping_status":"closed","template":"","meta":{"footnotes":""},"class_list":["post-2320","page","type-page","status-publish","has-post-thumbnail","hentry","entry"],"wps_subtitle":"","_links":{"self":[{"href":"https:\/\/antandros.org\/en\/wp-json\/wp\/v2\/pages\/2320","targetHints":{"allow":["GET"]}}],"collection":[{"href":"https:\/\/antandros.org\/en\/wp-json\/wp\/v2\/pages"}],"about":[{"href":"https:\/\/antandros.org\/en\/wp-json\/wp\/v2\/types\/page"}],"author":[{"embeddable":true,"href":"https:\/\/antandros.org\/en\/wp-json\/wp\/v2\/users\/1"}],"replies":[{"embeddable":true,"href":"https:\/\/antandros.org\/en\/wp-json\/wp\/v2\/comments?post=2320"}],"version-history":[{"count":1,"href":"https:\/\/antandros.org\/en\/wp-json\/wp\/v2\/pages\/2320\/revisions"}],"predecessor-version":[{"id":4083,"href":"https:\/\/antandros.org\/en\/wp-json\/wp\/v2\/pages\/2320\/revisions\/4083"}],"wp:featuredmedia":[{"embeddable":true,"href":"https:\/\/antandros.org\/en\/wp-json\/wp\/v2\/media\/2345"}],"wp:attachment":[{"href":"https:\/\/antandros.org\/en\/wp-json\/wp\/v2\/media?parent=2320"}],"curies":[{"name":"wp","href":"https:\/\/api.w.org\/{rel}","templated":true}]}}