{"id":2246,"date":"2019-06-17T22:02:50","date_gmt":"2019-06-17T19:02:50","guid":{"rendered":"http:\/\/antandros.org\/ant_wp\/?page_id=2246"},"modified":"2021-10-27T12:46:39","modified_gmt":"2021-10-27T09:46:39","slug":"mitoloji","status":"publish","type":"page","link":"https:\/\/antandros.org\/en\/mitoloji\/","title":{"rendered":"Mythology"},"content":{"rendered":"<p>The Troad area where Antandros lies has hosted many myths during the ancient times. Although many of these myths took place in these lands, they are regarded as ancient Greek myths and are widely known as so.<\/p>\n<p>\t\t\t\t<img decoding=\"async\" src=\"http:\/\/antandros.org\/ant_wp\/wp-content\/uploads\/2019\/06\/mitoloji-zeus-ve-hera-.jpg\" alt=\"Zeus ve Hera\" itemprop=\"image\" title=\"Mitoloji Zeus ve Hera\"  \/><br \/>\n\t\tZeus ve Hera<\/p>\n<p>The birth and raising of Paris, the judgement of Paris, Paris and Helene, Ankhises and Aphrodite, Ida in the Trojan war, Aeneid\u2019s journey, Zeus carrying off Ganymede, Apollo and punishment of Poseidon, marriage of Zeus and Hera on Ida Mountain, raising of Hermophroditos on Ida Mountain can be cited among these important myths.<\/p>\n<p>Just as it does today, Ida Mountain (Kazda\u011f\u0131) also impressed the people of the ancient times and was always presented as the place of the gods. Just like Troy and Ida, Antandros being situated at the skirts of Ida Mountain has taken its fair share of these myths.<\/p>\n<p>\t\t\t\t<img decoding=\"async\" src=\"http:\/\/antandros.org\/ant_wp\/wp-content\/uploads\/2019\/06\/mitoloji-helenin-ka\u00e7\u0131r\u0131l\u0131\u015f\u0131.jpg\" alt=\"Paris'in Helen'i Ka\u00e7\u0131r\u0131\u015f\u0131\" itemprop=\"image\" title=\"Mitoloji Helen'in Ka\u00e7\u0131r\u0131l\u0131\u015f\u0131\"  \/><br \/>\n\t\tParis&#8217;in Helen&#8217;i Ka\u00e7\u0131r\u0131\u015f\u0131<br \/>\n\t\t\t\t\t\t<a href=\"http:\/\/antandros.org\/en\/ant_wp\/ida-dagi-mitoslari\/\" target=\"_self\"><br \/>\n\t\t\t\tMyths of Mount Ida\t\t\t<\/a><br \/>\n\t\t\t\t\t\t<a href=\"http:\/\/antandros.org\/en\/ant_wp\/3-guzeller-yarismasi\/\" target=\"_self\"><br \/>\n\t\t\t\tThe Contest of Three Beauties\t\t\t<\/a><br \/>\n\t\t\t\t\t\t<a href=\"http:\/\/antandros.org\/en\/ant_wp\/aeneas-destani\/\" target=\"_self\"><br \/>\n\t\t\t\tMyth of Aeneas\t\t\t<\/a><\/p>","protected":false},"excerpt":{"rendered":"<div class=\"entry-summary\">\n<div class=\"entry-summary\">\nThe Troad area where Antandros lies has hosted many myths during the ancient times.\n<\/div>\n<div class=\"link-more\"><a href=\"https:\/\/antandros.org\/en\/mitoloji\/\" class=\"more-link\">Devam\u0131<span class=\"screen-reader-text\"> &ldquo;Mitoloji&rdquo;<\/span>&hellip;<\/a><\/div>\n<\/div>\n<div class=\"link-more\"><a href=\"https:\/\/antandros.org\/en\/mitoloji\/\" class=\"more-link\">Devam\u0131<span class=\"screen-reader-text\"> &ldquo;Mitoloji&rdquo;<\/span>&hellip;<\/a><\/div>","protected":false},"author":1,"featured_media":2254,"parent":0,"menu_order":0,"comment_status":"closed","ping_status":"closed","template":"","meta":{"footnotes":""},"class_list":["post-2246","page","type-page","status-publish","has-post-thumbnail","hentry","entry"],"wps_subtitle":"","_links":{"self":[{"href":"https:\/\/antandros.org\/en\/wp-json\/wp\/v2\/pages\/2246","targetHints":{"allow":["GET"]}}],"collection":[{"href":"https:\/\/antandros.org\/en\/wp-json\/wp\/v2\/pages"}],"about":[{"href":"https:\/\/antandros.org\/en\/wp-json\/wp\/v2\/types\/page"}],"author":[{"embeddable":true,"href":"https:\/\/antandros.org\/en\/wp-json\/wp\/v2\/users\/1"}],"replies":[{"embeddable":true,"href":"https:\/\/antandros.org\/en\/wp-json\/wp\/v2\/comments?post=2246"}],"version-history":[{"count":1,"href":"https:\/\/antandros.org\/en\/wp-json\/wp\/v2\/pages\/2246\/revisions"}],"predecessor-version":[{"id":4084,"href":"https:\/\/antandros.org\/en\/wp-json\/wp\/v2\/pages\/2246\/revisions\/4084"}],"wp:featuredmedia":[{"embeddable":true,"href":"https:\/\/antandros.org\/en\/wp-json\/wp\/v2\/media\/2254"}],"wp:attachment":[{"href":"https:\/\/antandros.org\/en\/wp-json\/wp\/v2\/media?parent=2246"}],"curies":[{"name":"wp","href":"https:\/\/api.w.org\/{rel}","templated":true}]}}