{"id":1723,"date":"2019-06-03T09:08:23","date_gmt":"2019-06-03T06:08:23","guid":{"rendered":"http:\/\/antandros.org\/ant_wp\/?page_id=1723"},"modified":"2025-06-10T13:37:25","modified_gmt":"2025-06-10T10:37:25","slug":"iletisim","status":"publish","type":"page","link":"https:\/\/antandros.org\/en\/iletisim\/","title":{"rendered":"Contact Us"},"content":{"rendered":"<h1>Hello !<\/h1>\n<h3>Welcome to the contact page of the Ancient City of Antandros.<\/h3>\nHer t\u00fcrl\u00fc g\u00f6r\u00fc\u015f, \u00f6neri ve taleplerinizi bizimle payla\u015fman\u0131zdan mutluluk duyuyoruz.<br \/>\n\u0130letmi\u015f oldu\u011funuz bildirimleri, \u00e7al\u0131\u015fmalar\u0131m\u0131z\u0131n iyile\u015ftirilmesi ve geli\u015ftirilmesine katk\u0131 sa\u011flayacak birer f\u0131rsat olarak g\u00f6rmekte ve de\u011fer vermekteyiz.\n\t<h2>Contact us<\/h2>\n<a href=\"https:\/\/www.facebook.com\/Antandros-Derne%C4%9Fi-170296683123334\" class=\"wm-button size-large button\" target=\"_blank\"><span class=\"icon-ion-social-facebook\" aria-hidden=\"true\"> <\/span>Facebook<\/a><a href=\"https:\/\/www.instagram.com\/antandrosantikkent\/\" class=\"wm-button size-large button\" target=\"_blank\"><span class=\"icon-ion-social-instagram\" aria-hidden=\"true\"> <\/span>Instagram<\/a><a href=\"https:\/\/twitter.com\/antandros\" class=\"wm-button size-large button\" target=\"_blank\"><span class=\"icon-ion-social-twitter\" aria-hidden=\"true\"> <\/span>Twitter<\/a>\n\t<small>E-MAIL ADDRESS<\/small><br \/>\n<a href=\"mailto:dernek@antandros.org\">dernek@antandros.org<\/a>\n\t<small>TELEFON<\/small><br \/>\n<strong>0507 121 64 68<\/strong>\n\t<p><small>ADDRESS<\/small><\/p>\n<strong>Organization Headquarters Address<\/strong><br \/>\n\u0130skele Mah. Cevdet Sunay Cad. No:5\/A Alt\u0131noluk \/ Edremit \/ Bal\u0131kesir\n<strong>Antandros Promotional Activities Address<\/strong><br \/>\n\u00c7am mahallesi, Alt\u0131noluk,<br \/>\nEdremit &#8211; Bal\u0131kesir","protected":false},"excerpt":{"rendered":"<div class=\"entry-summary\">\n<div class=\"entry-summary\">\nMerhaba ! Tarihi Antandros Kenti ileti\u015fim sayfas\u0131na ho\u015fgeldiniz. Her t\u00fcrl\u00fc g\u00f6r\u00fc\u015f, \u00f6neri ve taleplerinizi bizimle payla\u015fman\u0131zdan mutluluk duyuyoruz. \u0130letmi\u015f oldu\u011funuz bildirimleri, \u00e7al\u0131\u015fmalar\u0131m\u0131z\u0131n iyile\u015ftirilmesi ve geli\u015ftirilmesine katk\u0131 sa\u011flayacak birer f\u0131rsat olarak g\u00f6rmekte ve de\u011fer vermekteyiz. Bize ula\u015f\u0131n E-POSTA dernek@antandros.org TELEFON 0507&hellip;\n<\/div>\n<div class=\"link-more\"><a href=\"https:\/\/antandros.org\/en\/iletisim\/\" class=\"more-link\">Devam\u0131<span class=\"screen-reader-text\"> &ldquo;\u0130leti\u015fim&rdquo;<\/span>&hellip;<\/a><\/div>\n<\/div>\n<div class=\"link-more\"><a href=\"https:\/\/antandros.org\/en\/iletisim\/\" class=\"more-link\">Devam\u0131<span class=\"screen-reader-text\"> &ldquo;\u0130leti\u015fim&rdquo;<\/span>&hellip;<\/a><\/div>","protected":false},"author":1,"featured_media":0,"parent":0,"menu_order":0,"comment_status":"closed","ping_status":"closed","template":"templates\/no-intro.php","meta":{"footnotes":""},"class_list":["post-1723","page","type-page","status-publish","hentry","entry"],"wps_subtitle":"","_links":{"self":[{"href":"https:\/\/antandros.org\/en\/wp-json\/wp\/v2\/pages\/1723","targetHints":{"allow":["GET"]}}],"collection":[{"href":"https:\/\/antandros.org\/en\/wp-json\/wp\/v2\/pages"}],"about":[{"href":"https:\/\/antandros.org\/en\/wp-json\/wp\/v2\/types\/page"}],"author":[{"embeddable":true,"href":"https:\/\/antandros.org\/en\/wp-json\/wp\/v2\/users\/1"}],"replies":[{"embeddable":true,"href":"https:\/\/antandros.org\/en\/wp-json\/wp\/v2\/comments?post=1723"}],"version-history":[{"count":3,"href":"https:\/\/antandros.org\/en\/wp-json\/wp\/v2\/pages\/1723\/revisions"}],"predecessor-version":[{"id":4326,"href":"https:\/\/antandros.org\/en\/wp-json\/wp\/v2\/pages\/1723\/revisions\/4326"}],"wp:attachment":[{"href":"https:\/\/antandros.org\/en\/wp-json\/wp\/v2\/media?parent=1723"}],"curies":[{"name":"wp","href":"https:\/\/api.w.org\/{rel}","templated":true}]}}