{"id":1693,"date":"2019-06-03T07:03:01","date_gmt":"2019-06-03T04:03:01","guid":{"rendered":"http:\/\/antandros.org\/ant_wp\/?page_id=1693"},"modified":"2021-10-27T10:44:54","modified_gmt":"2021-10-27T07:44:54","slug":"abdullah-efendi-konagi","status":"publish","type":"page","link":"https:\/\/antandros.org\/en\/abdullah-efendi-konagi\/","title":{"rendered":"The Historical Abdullah Efendi Mansion"},"content":{"rendered":"<h2 id=\"tarihce\">The Historical Abdullah Efendi Mansion<\/h2>\n<p>The Abdullah Efendi Mansion\u2019s story goes back a good 160 years. The very first owner of the mansion was the priest of the then Papazl\u0131k Church. The priest immigrated to Lesbos Island at a time between the end of WWI and the Turkish War of Independence. The priest exchanged his properties and goods with Abdullah Asaf Efendi a resident of Lesbos Island who was about to immigrate to Turkey around the same time. Thus the second owner of the mansion became Abdullah Efendi and the mansion was from then on regarded as Abdulah Efendi Mansion.<\/p>\n<p>The mansion was constructed by Turkish and Greek foremen under Ottoman architectural style. European inspirations can also be seen in ceiling decorations (rosette and cassette) and fireplace decorations. Bedding storages are seen in the closets. Wood sidings in the outer walls, window systems (especially the upper openings for lighting) and hand carved ornaments under the alcove are worth mentioning. <\/p>\n<p>Abdullah Efendi is known to be the wealthiest person in the Papazl\u0131k village -as it was called then. As wealthy as he was, he was also well educated and humble. He reconstructed the mansion without changing the original structure and decorations. He refurbished the place using furniture unprecedented in the region, brought and used dining table (the general habit was floor tables then) and used Portuguese and French lamps for lighting. The mansion was heated with fireplaces where available and in their absence with coloured or white small French tile stoves with metal trays. The mansion had a domed bath (hamam) with constant hot and cold water. <\/p>\n<p>Abdullah Efendi\u2019s wife Hatice Han\u0131m planted yellow roses in the garden and she used to walk around the garden every morning with a basket in her hand, cut a few roses, put them into a vase beside Abdullah Efendi\u2019s tinted wickerwork rocking chair. <\/p>\n<p>Abdullah Efendi employed a clerk named R\u0131fat bey and he was known to be a true patriot. During Independence War, R\u0131fat bey used to meet with a gang leader Sergeant \u0130lhan and other patriots in the mansion and sought ways of helping Mustafa Kemal Atat\u00fcrk. He then went to Ankara and became an MP. Abdullah Efendi family and MP R\u0131fat bey always had good relations. MP R\u0131fat bey is also known to be the person who was instrumental in changing the name of the village from Papazl\u0131k to Alt\u0131noluk, when he said \u2013referring to Abdullah Efendi\u2019s abundant olive oil- \u201chere in this village gold flows through canals\u201d (hence the name gold=alt\u0131n, canal=oluk). The mansion was also a place of cultural events and fine tastes. There were intellectual debates, music from lute and zither was heard, people from afar were lodged in the guest house in the garden and there was always food for the visitors. <\/p>\n<p>\t\t\t\t<img decoding=\"async\" src=\"http:\/\/antandros.org\/ant_wp\/wp-content\/uploads\/2019\/06\/abdullah-efendi-konagi-4.jpg\" alt=\"Abdullah Efendi Kona\u011f\u0131\" itemprop=\"image\" title=\"The Historical Abdullah Efendi Mansion\"  \/><\/p>\n<p>Although they were wealthy people, Abduallh Asaf was struck with the pain of losing three sons. He and his wife had four sons and a daughter. His sons At\u0131f, Ekrem and Ali died in accidents or in the hands of measles and smallpox, illnesses that have been long eradicated now. Their daughter Nigar and their son Ahmet Nihat lived. Despite their losses they still had a good and loving life and provided their remaining children with good education. <\/p>\n<p>After the decease of Abdullah Efendi, his son Ahmet Nihat the district governor of Edirne left his job and returned home to take over his father\u2019s businesses.<\/p>\n<p>Abdullah Efendi was buried beside Alt\u0131noluk Mosque but after the expropriation of the area, his grave was moved to Mecit Hill. <\/p>\n<p>The maintenance of the mansion was a hard task so by the help of Alt\u0131noluk municipality the heirs transferred the ownership of the mansion in return for a symbolic amount to the Ministry of Culture as a contribution to Turkish culture in 1972. Today the grand-children of Abdullah Efendi live in Edremit (Ak\u00e7ay, Alt\u0131noluk) and Istanbul. The family took the family name Edis for themselves during the transformation years following the establishment of the new republic. A grandchild, Asaf Edis had the first switchboard installed in Alt\u0131noluk by his own means. His daughter Lale Edis \u00c7olako\u011flu is alive and we sometimes have the pleasure of listening to her memoirs about the Mansion. As there are no male siblings, Lale Edis \u00c7olako\u011flu is the last person carrying the Edis family name.\n<\/p>\n<p>\t\t\t\t<a href=\"https:\/\/antandros.org\/wp-content\/uploads\/2019\/06\/abdullah-efendi-konagi-5.jpg\" target=\"_self\" itemprop=\"url\"><br \/>\n\t\t\t\t<img decoding=\"async\" src=\"http:\/\/antandros.org\/ant_wp\/wp-content\/uploads\/2019\/06\/abdullah-efendi-konagi-5.jpg\" alt=\"Abdullah Efendi Konagi Duvar Motif Resmi\" itemprop=\"image\" title=\"The Historical Abdullah Efendi Mansion\"  \/><br \/>\n\t\t\t\t<\/a><br \/>\n\t\t\t\t<a href=\"https:\/\/antandros.org\/wp-content\/uploads\/2019\/06\/abdullah-efendi-konagi-6.jpg\" target=\"_self\" itemprop=\"url\"><br \/>\n\t\t\t\t<img decoding=\"async\" src=\"http:\/\/antandros.org\/ant_wp\/wp-content\/uploads\/2019\/06\/abdullah-efendi-konagi-6.jpg\" alt=\"Abdullah Efendi Konagi Duvar Motif Resmi\" itemprop=\"image\" title=\"The Historical Abdullah Efendi Mansion\"  \/><br \/>\n\t\t\t\t<\/a><br \/>\n\t\t\t\t<a href=\"https:\/\/antandros.org\/wp-content\/uploads\/2019\/06\/abdullah-efendi-konagi-7.jpg\" target=\"_self\" itemprop=\"url\"><br \/>\n\t\t\t\t<img decoding=\"async\" src=\"http:\/\/antandros.org\/ant_wp\/wp-content\/uploads\/2019\/06\/abdullah-efendi-konagi-7.jpg\" alt=\"Abdullah Efendi Konagi Duvar Motif Resmi\" itemprop=\"image\" title=\"The Historical Abdullah Efendi Mansion\"  \/><br \/>\n\t\t\t\t<\/a><\/p>\n<p>The mansion saw some restoration works by the Ministry of Culture in 1989-1990. But it is a pity that the restoration works were not handled according to the original plans. The historical baths were removed and modern bathrooms and showers were installed, the installation of a modern heating system also damaged the historical texture of the building. Then, the mansion was again left without maintenance and care; seasonal olive workers stayed in the building and it was almost ruined.\nTaking into consideration the works of Alt\u0131noluk Association for Recovery Conservation and Sustention of Antandros City, the Ministry of Culture let the Association use the building as the association centre and as a culture house for a certain period of time. The Association started repairing the building in February 2001. The parts that were damaged by rain water from the impaired roof were fixed, cleaned and waxed; the garden was rearranged and opened to visitors. Cost was undertaken by the Association. In December 2001, with the contribution of the Ministry of Culture, the roof was repaired and the window profiles were changed. The renewal of the fa\u00e7ade of the building and the recovery of the impaired ceiling decorations in the upper floors were handled by experts under the supervision of the Association. In December 2001, the Ministry of Culture transferred the Mansion to the Ministry of Finance. Today, Abdullah Efendi Mansion welcomes its visitors as Antandros Information Centre and culture house. <\/p>","protected":false},"excerpt":{"rendered":"<div class=\"entry-summary\">\n<div class=\"entry-summary\">\nThe Abdullah Efendi Mansion\u2019s story goes back a good 160 years. The very first owner of the mansion was the priest of the then Papazl\u0131k Church.\n<\/div>\n<div class=\"link-more\"><a href=\"https:\/\/antandros.org\/en\/abdullah-efendi-konagi\/\" class=\"more-link\">Devam\u0131<span class=\"screen-reader-text\"> &ldquo;Abdullah Efendi Kona\u011f\u0131&rdquo;<\/span>&hellip;<\/a><\/div>\n<\/div>\n<div class=\"link-more\"><a href=\"https:\/\/antandros.org\/en\/abdullah-efendi-konagi\/\" class=\"more-link\">Devam\u0131<span class=\"screen-reader-text\"> &ldquo;Abdullah Efendi Kona\u011f\u0131&rdquo;<\/span>&hellip;<\/a><\/div>","protected":false},"author":1,"featured_media":1694,"parent":0,"menu_order":0,"comment_status":"closed","ping_status":"closed","template":"","meta":{"footnotes":""},"class_list":["post-1693","page","type-page","status-publish","has-post-thumbnail","hentry","entry"],"wps_subtitle":"","_links":{"self":[{"href":"https:\/\/antandros.org\/en\/wp-json\/wp\/v2\/pages\/1693","targetHints":{"allow":["GET"]}}],"collection":[{"href":"https:\/\/antandros.org\/en\/wp-json\/wp\/v2\/pages"}],"about":[{"href":"https:\/\/antandros.org\/en\/wp-json\/wp\/v2\/types\/page"}],"author":[{"embeddable":true,"href":"https:\/\/antandros.org\/en\/wp-json\/wp\/v2\/users\/1"}],"replies":[{"embeddable":true,"href":"https:\/\/antandros.org\/en\/wp-json\/wp\/v2\/comments?post=1693"}],"version-history":[{"count":1,"href":"https:\/\/antandros.org\/en\/wp-json\/wp\/v2\/pages\/1693\/revisions"}],"predecessor-version":[{"id":4069,"href":"https:\/\/antandros.org\/en\/wp-json\/wp\/v2\/pages\/1693\/revisions\/4069"}],"wp:featuredmedia":[{"embeddable":true,"href":"https:\/\/antandros.org\/en\/wp-json\/wp\/v2\/media\/1694"}],"wp:attachment":[{"href":"https:\/\/antandros.org\/en\/wp-json\/wp\/v2\/media?parent=1693"}],"curies":[{"name":"wp","href":"https:\/\/api.w.org\/{rel}","templated":true}]}}