{"id":1658,"date":"2019-06-02T17:49:20","date_gmt":"2019-06-02T14:49:20","guid":{"rendered":"http:\/\/antandros.org\/ant_wp\/?page_id=1658"},"modified":"2025-07-14T14:38:36","modified_gmt":"2025-07-14T11:38:36","slug":"hakkimizda","status":"publish","type":"page","link":"https:\/\/antandros.org\/en\/hakkimizda\/","title":{"rendered":"About Us"},"content":{"rendered":"<img decoding=\"async\" src=\"http:\/\/antandros.org\/ant_wp\/wp-content\/uploads\/2019\/06\/logo-dernek-2.png\" alt=\"Alt\u0131noluk, Tarihi Antandros \u015eehrini Kurtarma, Koruma ve Ya\u015fatma Derne\u011fi Logosu\" itemprop=\"image\" title=\"Alt\u0131noluk, Tarihi Antandros \u015eehrini Kurtarma, Koruma ve Ya\u015fatma Derne\u011fi\" onerror=\"this.style.display='none'\" loading='lazy' \/>\n\t<h1>ALTINOLUK ASSOCIATION FOR RECOVERY CONSERVATION AND SUSTENTION OF ANTANDROS ANCIENT CITY<\/h1>\n\t<h2>About Us<\/h2>\n<p>Derne\u011fimiz; 02\/09\/1999 tarihinde b\u00f6lgede tespit edilen ve edilecek yerlerin S\u0130T alan\u0131na al\u0131nmas\u0131 Antandros Antik Kenti&#8217;nin g\u00fcn \u0131\u015f\u0131\u011f\u0131na \u00e7\u0131kar\u0131lmas\u0131 ve korunmas\u0131na destek vermek amac\u0131yla Bal\u0131kesir ili Edremit il\u00e7esinde kurulmu\u015ftur.<\/p>\n<p>Our Association has no branch.<\/p>\n\t<h4>Derne\u011fimiz Bakanlar Kurulu&#8217;nun 07.08.2006 tarih ve 2006\/10904 say\u0131l\u0131 karar\u0131 gere\u011fi Kamu Yarar\u0131na \u00c7al\u0131\u015fan Dernek kabul edilmi\u015ftir.<\/h4>\n\t<p>Kamu yarar\u0131na \u00e7al\u0131\u015fan derneklere y\u0131ll\u0131k toplam\u0131 beyan edilecek gelirin (o y\u0131la ait kurum kazanc\u0131n\u0131n) % 5&#8217;ini a\u015fmamak \u00fczere, makbuz kar\u015f\u0131l\u0131\u011f\u0131 yap\u0131lan ba\u011f\u0131\u015f ve yard\u0131mlar, gelir veya kurumlar vergisi matrah\u0131n\u0131n tespitinde beyanname \u00fczerinde indirim konusu yap\u0131labilmektedir.<\/p>\n\t\t\t\t<a href=\"https:\/\/antandros.org\/wp-content\/uploads\/2019\/06\/Dernek-Antandros-Ailesi-ve-Konak3.jpg\"  target=\"_blank\" rel=\"noopener\"  itemprop=\"url\">\n\t\t\t\t<img decoding=\"async\" src=\"https:\/\/antandros.org\/ant_wp\/wp-content\/uploads\/2019\/06\/Dernek-Antandros-Ailesi-ve-Konak3.jpg\" alt=\"Dernek Ailesi Abdullah Efendi Konu\u011f\u0131 \u00d6n\u00fcnde Toplu Foto\u011fraf\" itemprop=\"image\" title=\"Dernek Ailesi Abdullah Efendi Konu\u011f\u0131 \u00d6n\u00fcnde\" onerror=\"this.style.display='none'\" loading='lazy' \/>\n\t\t\t\t<\/a>\n\t<h2>Our Mission<\/h2>\n\t<p>The completion of the expropriations and the declaration as an archaeological site of Antandros Ancient City, protection of the city by a Ministerial decision, opening an archaeological museum for the exhibition of findings and artefacts, providing longer periods of excavation activities and with better conditions as well as publicity and promotion.<\/p>\n\t<h2>Our Vision<\/h2>\n\t<p>Antandros ve Kazda\u011f\u0131(\u0130da)n\u0131n do\u011fal ve k\u00fclt\u00fcrel miras olarak UNESCO taraf\u0131ndan tescili, Antandros&#8217;da gemilerini yaparak yola \u00e7\u0131kan ve Roma&#8217;y\u0131 kuran mitolojik kahraman Aeneas&#8217;\u0131n Rotas\u0131n\u0131 Uluslararas\u0131 K\u00fclt\u00fcr Rotas\u0131 olarak tescili ve ayn\u0131 yolculu\u011fun, yeniden antik gemiler yaparak ger\u00e7ekle\u015ftirilmesi i\u00e7in, kaz\u0131 ba\u015fkanl\u0131\u011f\u0131m\u0131z ve Edremit Belediyesi ile birlikte ba\u015flatt\u0131\u011f\u0131m\u0131z projeyi, ulusal ve uluslararas\u0131 d\u00fczeyde yeni kat\u0131l\u0131mc\u0131larla g\u00fc\u00e7lendirerek i\u015fbirli\u011fi yapmakt\u0131r.<\/p>\n\t\t\t\t<img decoding=\"async\" src=\"http:\/\/antandros.org\/ant_wp\/wp-content\/uploads\/2019\/06\/dernek-konak-2.jpg\" alt=\"Dernek Abdullah Efendi Kona\u011f\u0131\" itemprop=\"image\" title=\"Dernek Abdullah Efendi Kona\u011f\u0131\" onerror=\"this.style.display='none'\" loading='lazy' \/>\n\t<h3>Y\u00d6NET\u0130M KURULU AS\u0130L \u00dcYELER\u0130<\/h3>\n<ul>\n<li>ZEK\u0130YE G\u00dcL\u00c7\u0130N C\u00d6MERT<\/li>\n<li>LEYLA YELT\u0130N<\/li>\n<li>DEN\u0130Z SARITA\u015e<\/li>\n<li>GEN\u00c7ER ENG\u0130N<\/li>\n<li>H\u00dcSEY\u0130N K\u00d6KSAL<\/li>\n<li>G\u00dcLSEN KUKU<\/li>\n<li>KAD\u0130R TANIL<\/li>\n<\/ul>\n\t<h3>DENET\u0130M KURULU AS\u0130L \u00dcYELER\u0130<\/h3>\n<ul>\n<li>\u00d6ZLEM \u00d6Z\u0130PEK<\/li>\n<li>TAYFUN TABAKO\u011eLU<\/li>\n<li>SAB\u0130HA DAMAR<\/li>\n<\/ul>\n\t\t\t\t<img decoding=\"async\" src=\"http:\/\/antandros.org\/ant_wp\/wp-content\/uploads\/2019\/06\/dernek-ae-konak.jpg\" alt=\"Dernek Abdullah Efendi Kona\u011f\u0131 G\u00f6rseli\" itemprop=\"image\" title=\"Dernek Abdullah Efendi Kona\u011f\u0131\" onerror=\"this.style.display='none'\" loading='lazy' \/>\n\t<h4>Y\u00d6NET\u0130M KURULU YEDEK \u00dcYELER\u0130<\/h4>\n<ul>\n<li>\u015eENAY SEV\u0130L AKI\u015e<\/li>\n<li>PINAR KETREZ<\/li>\n<li>SERP\u0130L DEM\u0130R<\/li>\n<li>SEMA AZATO\u011eLU<\/li>\n<li>SERHAN KERESTEC\u0130O\u011eLU<\/li>\n<li>\u00dcM\u0130T G\u00dcR\u00c7EK\u0130\u00c7<\/li>\n<li>SUAT\u00a0TEM\u0130ZER<\/li>\n<\/ul>\n<h4>DENET\u0130M KURULU YEDEK \u00dcYELER\u0130<\/h4>\n<ul>\n<li>AY\u015eE F\u0130L\u0130Z ORAN<\/li>\n<li>NURHAN ATT\u0130LA<\/li>\n<li>MEHMET AK\u0130F \u00d6ZNAL<\/li>\n<\/ul>\n<p>&nbsp;<\/p>\n\t<h2>Supporters<\/h2>\n<p>We send our most sincere gratitute to all the organizations, companies and people who have supported us on our work since 2000.<\/p>\n<h2>MAIN SPONSOR<\/h2>\n\t\t\t\t<img decoding=\"async\" src=\"http:\/\/antandros.org\/ant_wp\/wp-content\/uploads\/2019\/06\/logo_bal\u0131kesir-b\u00fcy\u00fck\u015fehir.png\" alt=\"Bal\u0131kesir B\u00fcy\u00fck\u015fehir Belediyesi Logosu\" itemprop=\"image\" title=\"Bal\u0131kesir Metropolitan Municipality Logo\" onerror=\"this.style.display='none'\" loading='lazy' \/>\n\t\t\t\t<img decoding=\"async\" src=\"https:\/\/antandros.org\/wp-content\/uploads\/2019\/06\/logo_k\u00fclt\u00fcr-bakanl\u0131\u011f\u0131.png\" alt=\"K\u00fclt\u00fcr Bakanl\u0131\u011f\u0131 Logosu\" itemprop=\"image\" height=\"133\" width=\"133\" title=\"Ministry of Culture Logo\" onerror=\"this.style.display='none'\" loading='lazy' \/>\n\t\t\t\t<img decoding=\"async\" src=\"https:\/\/antandros.org\/wp-content\/uploads\/2019\/06\/logo_edremit-belediyesi.png\" alt=\"Edremit Belediyesi Logosu\" itemprop=\"image\" height=\"133\" width=\"133\" title=\"Edremit Municipality Logo\" onerror=\"this.style.display='none'\" loading='lazy' \/>","protected":false},"excerpt":{"rendered":"<div class=\"entry-summary\">\n<div class=\"entry-summary\">\nAlt\u0131noluk Tarihi Antandros \u015eehrini Kurtarma, Koruma ve Ya\u015fatma Derne\u011fi Hakk\u0131m\u0131zda Derne\u011fimiz; 02\/09\/1999 tarihinde b\u00f6lgede tespit edilen ve edilecek yerlerin S\u0130T alan\u0131na al\u0131nmas\u0131 Antandros Antik Kenti&#8217;nin g\u00fcn \u0131\u015f\u0131\u011f\u0131na \u00e7\u0131kar\u0131lmas\u0131 ve korunmas\u0131na destek vermek amac\u0131yla Bal\u0131kesir ili Edremit il\u00e7esinde kurulmu\u015ftur. Derne\u011fimizin \u015fubesi&hellip;\n<\/div>\n<div class=\"link-more\"><a href=\"https:\/\/antandros.org\/en\/hakkimizda\/\" class=\"more-link\">Devam\u0131<span class=\"screen-reader-text\"> &ldquo;Hakk\u0131m\u0131zda&rdquo;<\/span>&hellip;<\/a><\/div>\n<\/div>\n<div class=\"link-more\"><a href=\"https:\/\/antandros.org\/en\/hakkimizda\/\" class=\"more-link\">Devam\u0131<span class=\"screen-reader-text\"> &ldquo;Hakk\u0131m\u0131zda&rdquo;<\/span>&hellip;<\/a><\/div>","protected":false},"author":1,"featured_media":0,"parent":0,"menu_order":0,"comment_status":"closed","ping_status":"closed","template":"templates\/no-intro.php","meta":{"footnotes":""},"class_list":["post-1658","page","type-page","status-publish","hentry","entry"],"wps_subtitle":"","_links":{"self":[{"href":"https:\/\/antandros.org\/en\/wp-json\/wp\/v2\/pages\/1658","targetHints":{"allow":["GET"]}}],"collection":[{"href":"https:\/\/antandros.org\/en\/wp-json\/wp\/v2\/pages"}],"about":[{"href":"https:\/\/antandros.org\/en\/wp-json\/wp\/v2\/types\/page"}],"author":[{"embeddable":true,"href":"https:\/\/antandros.org\/en\/wp-json\/wp\/v2\/users\/1"}],"replies":[{"embeddable":true,"href":"https:\/\/antandros.org\/en\/wp-json\/wp\/v2\/comments?post=1658"}],"version-history":[{"count":25,"href":"https:\/\/antandros.org\/en\/wp-json\/wp\/v2\/pages\/1658\/revisions"}],"predecessor-version":[{"id":4329,"href":"https:\/\/antandros.org\/en\/wp-json\/wp\/v2\/pages\/1658\/revisions\/4329"}],"wp:attachment":[{"href":"https:\/\/antandros.org\/en\/wp-json\/wp\/v2\/media?parent=1658"}],"curies":[{"name":"wp","href":"https:\/\/api.w.org\/{rel}","templated":true}]}}