{"id":1650,"date":"2019-06-02T15:46:14","date_gmt":"2019-06-02T12:46:14","guid":{"rendered":"http:\/\/antandros.org\/ant_wp\/?page_id=1650"},"modified":"2019-07-29T15:09:40","modified_gmt":"2019-07-29T12:09:40","slug":"sualti-arastirmasi","status":"publish","type":"page","link":"https:\/\/antandros.org\/en\/sualti-arastirmasi\/","title":{"rendered":"Underwater Research"},"content":{"rendered":"<p>The ancient sources reveal that Antandros, which was a renowned shipyard of its time, had at least two seaports, Asaneus being one\u2019s name. This information in mind, a team of 9 people from METU Sub-aqua Society realized a 9 day long under water survey in 2003.<\/p>\n<p>\t\t\t\t<img loading=\"lazy\" decoding=\"async\" src=\"http:\/\/antandros.org\/ant_wp\/wp-content\/uploads\/2019\/06\/sualti-cover.jpg\" alt=\"Sualt\u0131 Ara\u015ft\u0131rmas\u0131\" itemprop=\"image\" height=\"384\" width=\"576\" title=\"Underwater Research\"  \/><br \/>\n\t\t\t\t<img loading=\"lazy\" decoding=\"async\" src=\"http:\/\/antandros.org\/ant_wp\/wp-content\/uploads\/2019\/06\/sualti01.jpg\" alt=\"Antandros Antik Kenti K\u0131y\u0131s\u0131 Sualt\u0131 Ara\u015ft\u0131rmas\u0131\" itemprop=\"image\" height=\"1495\" width=\"1024\" title=\"Antique City of Antandros Coast Underwater Survey\"  \/><br \/>\n\t\tAntique City of Antandros Coast Underwater Survey<\/p>\n<p>The study was conducted at 0-18 meters deep along the Antandros ancient city\u2019s coastal line. The underwater had a rather sandy structure and the team came across some clusters of stone when they reached the Avc\u0131lar village road parting line. It was understood that those stones, each big enough to be carried by one person were the ballasts of the ships harbouring here in order to load the fruits and timber from the Ida Mountain during the 19th Century.<\/p>\n<p>When a certain type of sea moss was seen in considerable amounts at a cape known by the local people as Tek\u00e7am area, the research was concentrated in the said area. The research revealed around 10 meters thick pile of stones starting from the shore and winding 35 meters towards west.<\/p>\n<p>As the Karakazan River which is believed to set a westward boundary to Antandros settlement flows into the sea at this point, the pile of stones were all under heavy sand. A regular set of bigger stones were uncovered and this lead to the thought that this row of stones could have been an embankment. In the upcoming years, a land drilling is planned to check whether this thought is valid at the point where the pile of stones enters the land so.<\/p>","protected":false},"excerpt":{"rendered":"<div class=\"entry-summary\">\n<div class=\"entry-summary\">\nA team of 9 people from METU Sub-aqua Society realized a 9 day long under water survey in 2003.\n<\/div>\n<div class=\"link-more\"><a href=\"https:\/\/antandros.org\/en\/sualti-arastirmasi\/\" class=\"more-link\">Devam\u0131<span class=\"screen-reader-text\"> &ldquo;Sualt\u0131 Ara\u015ft\u0131rmas\u0131&rdquo;<\/span>&hellip;<\/a><\/div>\n<\/div>\n<div class=\"link-more\"><a href=\"https:\/\/antandros.org\/en\/sualti-arastirmasi\/\" class=\"more-link\">Devam\u0131<span class=\"screen-reader-text\"> &ldquo;Sualt\u0131 Ara\u015ft\u0131rmas\u0131&rdquo;<\/span>&hellip;<\/a><\/div>","protected":false},"author":1,"featured_media":0,"parent":0,"menu_order":0,"comment_status":"closed","ping_status":"closed","template":"","meta":{"footnotes":""},"class_list":["post-1650","page","type-page","status-publish","hentry","entry"],"wps_subtitle":"","_links":{"self":[{"href":"https:\/\/antandros.org\/en\/wp-json\/wp\/v2\/pages\/1650","targetHints":{"allow":["GET"]}}],"collection":[{"href":"https:\/\/antandros.org\/en\/wp-json\/wp\/v2\/pages"}],"about":[{"href":"https:\/\/antandros.org\/en\/wp-json\/wp\/v2\/types\/page"}],"author":[{"embeddable":true,"href":"https:\/\/antandros.org\/en\/wp-json\/wp\/v2\/users\/1"}],"replies":[{"embeddable":true,"href":"https:\/\/antandros.org\/en\/wp-json\/wp\/v2\/comments?post=1650"}],"version-history":[{"count":0,"href":"https:\/\/antandros.org\/en\/wp-json\/wp\/v2\/pages\/1650\/revisions"}],"wp:attachment":[{"href":"https:\/\/antandros.org\/en\/wp-json\/wp\/v2\/media?parent=1650"}],"curies":[{"name":"wp","href":"https:\/\/api.w.org\/{rel}","templated":true}]}}