{"id":1642,"date":"2019-06-02T15:33:38","date_gmt":"2019-06-02T12:33:38","guid":{"rendered":"http:\/\/antandros.org\/ant_wp\/?page_id=1642"},"modified":"2019-07-18T01:37:08","modified_gmt":"2019-07-17T22:37:08","slug":"roma-evi","status":"publish","type":"page","link":"https:\/\/antandros.org\/en\/roma-evi\/","title":{"rendered":"Roman House"},"content":{"rendered":"<p>During the drilling works done to get hold of the interrupted defensive wall in the 2013 excavation season, a Roman house was found approximately 5 meters south of the rampart. Works revealed 6 rooms and 1 portico in the Roman house. There were three rooms on the north and three rooms on the south of the around 7.5 m. long portico. First room and the portico had mosaic floorings. The mosaic in the portico was made up of six different panels and mainly engraved with geometrical shapes, giyos motifs were used in side friezes, and a pomegranate motif was used in the central panel.<\/p>\n<p>\t\t\t\t<img loading=\"lazy\" decoding=\"async\" src=\"http:\/\/antandros.org\/ant_wp\/wp-content\/uploads\/2019\/06\/roma-evi-cover.jpg\" alt=\"Roma Evi Genel G\u00f6r\u00fcn\u00fcm\" itemprop=\"image\" height=\"629\" width=\"960\" title=\"Roman House Snake Figured Floor Mosaic\"  \/><br \/>\n\t\t\t\t<img loading=\"lazy\" decoding=\"async\" src=\"http:\/\/antandros.org\/ant_wp\/wp-content\/uploads\/2019\/06\/roma-evi-mozaikli-salon.jpg\" alt=\"Roma Evi Mozaikli Salon\" itemprop=\"image\" height=\"1004\" width=\"720\" title=\"Mosaic Hall of Roman House\"  \/><br \/>\n\t\tMosaic Hall of Roman House<\/p>\n<p>Yakla\u015f\u0131k 4 x 6.90 m boyutlar\u0131ndaki 1 no&#8217;lu oda geni\u015f bir giri\u015fe sahiptir. Mekan\u0131n mozaiklerinin b\u00fcy\u00fck k\u0131sm\u0131 tahrip olmakla birlikte, ele ge\u00e7en k\u0131s\u0131mlar dikkat \u00e7ekicidir. 1 no&#8217;lu odaya giri\u015fte, dala sar\u0131lm\u0131\u015f bir y\u0131lan ve hemen \u00f6n\u00fcnde bel k\u0131sm\u0131na kadar korunmu\u015f bir hayvan fig\u00fcr\u00fc bizi kar\u015f\u0131lar. Merkezdeki geometrik bezemeler ise sarma\u015f\u0131k dal\u0131 bord\u00fcrle \u00e7evrelenmi\u015ftir.<\/p>\n<p>1 no&#8217;lu odan\u0131n yan\u0131nda ise taban tu\u011flalar\u0131 ile d\u00f6\u015fenmi\u015f, olas\u0131l\u0131kla mutfak, ya da depo amac\u0131yla kullan\u0131lm\u0131\u015f bir oda saptanm\u0131\u015ft\u0131r. Bu odan\u0131n duvarlar\u0131nda bir b\u00f6l\u00fcm\u00fc korunabilmi\u015f k\u0131rm\u0131z\u0131 ve sar\u0131 s\u0131valara rastlanm\u0131\u015ft\u0131r. Di\u011fer 4 odada herhangi bir mozaik veya tu\u011fla taban korunmam\u0131\u015ft\u0131r.<\/p>\n<p>Sur dolgusunun \u00fczerine in\u015fa edilmi\u015f Roma evi, Yama\u00e7 Ev&#8217;in yakla\u015f\u0131k 140 m bat\u0131s\u0131nda yer al\u0131r. Teknik, i\u015f\u00e7ilik ve arkeolojik bulgular\u0131yla, Yama\u00e7 Ev ile hemen hemen ayn\u0131 d\u00f6nemde in\u015fa edildi\u011fi d\u00fc\u015f\u00fcn\u00fclmektedir. Bulgular \u00e7er\u00e7evesinde Roma Evi&#8217;nin erken evresi MS 4. y\u00fczy\u0131l\u0131n ba\u015flar\u0131na denk gelmektedir..<\/p>\n<p>Dereboyu 2 a\u00e7mas\u0131n\u0131n biti\u015fi\u011findeki kompleks yap\u0131 ve duvarlar\u0131n, buna ek olarak yap\u0131n\u0131n hemen do\u011fusundaki Ge\u00e7 Roma hamam yap\u0131s\u0131n\u0131n ve Roma tabakalar\u0131n\u0131n, yap\u0131 ile ayn\u0131 d\u00f6neme ait oldu\u011fu d\u00fc\u015f\u00fcn\u00fclmektedir. Bundan sonraki \u00e7al\u0131\u015fmalar bu ili\u015fkileri anlamland\u0131rmak i\u00e7in yo\u011funla\u015ft\u0131r\u0131lacakt\u0131r. 2013 kaz\u0131 sezonu sonucunda evin bir k\u0131sm\u0131 ortaya \u00e7\u0131kar\u0131lm\u0131\u015f ve ortaya \u00e7\u0131kan eserler koruma alt\u0131na al\u0131nm\u0131\u015ft\u0131r. Elde edilen bulgular, Yama\u00e7 Ev ve Roma Evi&#8217;nin de i\u00e7erisinde bulundu\u011fu bu alan\u0131n bir &#8220;zenginler mahallesi&#8221; oldu\u011fu y\u00f6n\u00fcndeki d\u00fc\u015f\u00fcnceyi kuvvetlenmi\u015ftir.<\/p>\n<hr \/>\n<h4>Ertu\u011frul KIRA\u00c7<\/h4>\n<p><em>Archaeologist<\/em><\/p>","protected":false},"excerpt":{"rendered":"<div class=\"entry-summary\">\n<div class=\"entry-summary\">\nDuring the drilling works done to get hold of the interrupted defensive wall in the 2013 excavation season, a Roman house was found approximately 5 meters south of the rampart.\n<\/div>\n<div class=\"link-more\"><a href=\"https:\/\/antandros.org\/en\/roma-evi\/\" class=\"more-link\">Devam\u0131<span class=\"screen-reader-text\"> &ldquo;Roma Evi&rdquo;<\/span>&hellip;<\/a><\/div>\n<\/div>\n<div class=\"link-more\"><a href=\"https:\/\/antandros.org\/en\/roma-evi\/\" class=\"more-link\">Devam\u0131<span class=\"screen-reader-text\"> &ldquo;Roma Evi&rdquo;<\/span>&hellip;<\/a><\/div>","protected":false},"author":1,"featured_media":0,"parent":0,"menu_order":0,"comment_status":"closed","ping_status":"closed","template":"","meta":{"footnotes":""},"class_list":["post-1642","page","type-page","status-publish","hentry","entry"],"wps_subtitle":"","_links":{"self":[{"href":"https:\/\/antandros.org\/en\/wp-json\/wp\/v2\/pages\/1642","targetHints":{"allow":["GET"]}}],"collection":[{"href":"https:\/\/antandros.org\/en\/wp-json\/wp\/v2\/pages"}],"about":[{"href":"https:\/\/antandros.org\/en\/wp-json\/wp\/v2\/types\/page"}],"author":[{"embeddable":true,"href":"https:\/\/antandros.org\/en\/wp-json\/wp\/v2\/users\/1"}],"replies":[{"embeddable":true,"href":"https:\/\/antandros.org\/en\/wp-json\/wp\/v2\/comments?post=1642"}],"version-history":[{"count":0,"href":"https:\/\/antandros.org\/en\/wp-json\/wp\/v2\/pages\/1642\/revisions"}],"wp:attachment":[{"href":"https:\/\/antandros.org\/en\/wp-json\/wp\/v2\/media?parent=1642"}],"curies":[{"name":"wp","href":"https:\/\/api.w.org\/{rel}","templated":true}]}}