{"id":1541,"date":"2019-06-01T14:33:06","date_gmt":"2019-06-01T11:33:06","guid":{"rendered":"http:\/\/antandros.org\/ant_wp\/?page_id=1541"},"modified":"2019-07-21T13:35:11","modified_gmt":"2019-07-21T10:35:11","slug":"arkeoloji-haberleri","status":"publish","type":"page","link":"https:\/\/antandros.org\/en\/arkeoloji-haberleri\/","title":{"rendered":"Archaeological News"},"content":{"rendered":"<p>        \t<meta itemscope itemprop=\"mainEntityOfPage\" itemtype=\"https:\/\/schema.org\/WebPage\" itemid=\"http:\/\/antandros.org\/ant_wp\/antandrosta-2200-yillik-kararname\/\" content=\"Antandros&#8217;ta 2200 y\u0131ll\u0131k &#8216;kararname&#8217;\" \/><meta itemprop=\"datePublished\" content=\"2018-11-19\" \/><meta itemprop=\"dateModified\" content=\"2019-07-12\" \/><meta itemprop=\"name\" content=\"Antandros Antik Kenti\"><meta itemprop=\"url\" content=\"http:\/\/antandros.org\/ant_wp\/author\/ka_ant02109\/\" \/><meta itemprop=\"name\" content=\"Ka_AnT02109\" \/><meta itemprop=\"url\" content=\"http:\/\/antandros.org\/ant_wp\/wp-content\/uploads\/2019\/07\/010_2000-y\u0131ll\u0131k-kararname_kapak.jpg\" \/><meta itemprop=\"width\" content=\"500\" \/><meta itemprop=\"height\" content=\"500\" \/><meta itemprop=\"interactionType\" content=\"http:\/\/schema.org\/CommentAction\" \/><meta itemprop=\"userInteractionCount\" content=\"0\" \/><br \/>\n\t<a href='http:\/\/antandros.org\/en\/ant_wp\/antandrosta-2200-yillik-kararname\/' title='Antandros&#8217;ta 2200 y\u0131ll\u0131k &#8216;kararname&#8217;'><img loading=\"lazy\" decoding=\"async\" width=\"500\" height=\"500\" src=\"http:\/\/antandros.org\/ant_wp\/wp-content\/uploads\/2019\/07\/010_2000-y\u0131ll\u0131k-kararname_kapak.jpg\" alt=\"2000 Y\u0131ll\u0131k Kararname Kapak G\u00f6rseli\" itemprop=\"image\" srcset=\"http:\/\/antandros.org\/ant_wp\/wp-content\/uploads\/2019\/07\/010_2000-y\u0131ll\u0131k-kararname_kapak.jpg 500w, http:\/\/antandros.org\/ant_wp\/wp-content\/uploads\/2019\/07\/010_2000-y\u0131ll\u0131k-kararname_kapak-448x448.jpg 448w\" sizes=\"auto, (max-width: 500px) 100vw, 500px\" \/><\/a><br \/>\n\t    \t19<br \/>\n\t    \tKas<\/p>\n<h2><a href='http:\/\/antandros.org\/en\/ant_wp\/antandrosta-2200-yillik-kararname\/' title='Antandros&#8217;ta 2200 y\u0131ll\u0131k &#8216;kararname&#8217;'>Antandros&#8217;ta 2200 y\u0131ll\u0131k &#8216;kararname&#8217;<\/a><\/h2>\n<p>Kazda\u011flar\u0131&#8217;n\u0131n eteklerinde milattan \u00f6nce 10. y\u00fczy\u0131lda kuruldu\u011fu d\u00fc\u015f\u00fcn\u00fclen Antandros Antik Kenti&#8217;nde, \u00fczerinde 22&#8230;<\/p>\n<p>\t    \t<a href=\"http:\/\/antandros.org\/en\/ant_wp\/antandrosta-2200-yillik-kararname\/\"> Detaylar<\/a><br \/>\n        \t<meta itemscope itemprop=\"mainEntityOfPage\" itemtype=\"https:\/\/schema.org\/WebPage\" itemid=\"http:\/\/antandros.org\/ant_wp\/antandrosta-pitos-mezarlara-rastlandi\/\" content=\"Antandros&#8217;ta &#8216;pitos mezar&#8217;lara rastland\u0131\" \/><meta itemprop=\"datePublished\" content=\"2018-09-23\" \/><meta itemprop=\"dateModified\" content=\"2019-07-12\" \/><meta itemprop=\"name\" content=\"Antandros Antik Kenti\"><meta itemprop=\"url\" content=\"http:\/\/antandros.org\/ant_wp\/author\/ka_ant02109\/\" \/><meta itemprop=\"name\" content=\"Ka_AnT02109\" \/><meta itemprop=\"url\" content=\"http:\/\/antandros.org\/ant_wp\/wp-content\/uploads\/2019\/07\/009_Antandrosta-pitos-mezarlar_kapak.jpg\" \/><meta itemprop=\"width\" content=\"680\" \/><meta itemprop=\"height\" content=\"454\" \/><meta itemprop=\"interactionType\" content=\"http:\/\/schema.org\/CommentAction\" \/><meta itemprop=\"userInteractionCount\" content=\"0\" \/><br \/>\n\t<a href='http:\/\/antandros.org\/en\/ant_wp\/antandrosta-pitos-mezarlara-rastlandi\/' title='Antandros&#8217;ta &#8216;pitos mezar&#8217;lara rastland\u0131'><img loading=\"lazy\" decoding=\"async\" width=\"680\" height=\"454\" src=\"http:\/\/antandros.org\/ant_wp\/wp-content\/uploads\/2019\/07\/009_Antandrosta-pitos-mezarlar_kapak.jpg\" alt=\"Antandros&#039;ta Pitos Mezar Kapak G\u00f6rseli\" itemprop=\"image\" \/><\/a><br \/>\n\t    \t23<br \/>\n\t    \tEyl<\/p>\n<h2><a href='http:\/\/antandros.org\/en\/ant_wp\/antandrosta-pitos-mezarlara-rastlandi\/' title='Antandros&#8217;ta &#8216;pitos mezar&#8217;lara rastland\u0131'>Antandros&#8217;ta &#8216;pitos mezar&#8217;lara rastland\u0131<\/a><\/h2>\n<p>Kazda\u011flar\u0131&#8217;n\u0131n eteklerinde milattan \u00f6nce 10. y\u00fczy\u0131lda kuruldu\u011fu d\u00fc\u015f\u00fcn\u00fclen, baz\u0131 kaynaklara g\u00f6re tarihi milattan&#8230;<\/p>\n<p>\t    \t<a href=\"http:\/\/antandros.org\/en\/ant_wp\/antandrosta-pitos-mezarlara-rastlandi\/\"> Detaylar<\/a><br \/>\n        \t<meta itemscope itemprop=\"mainEntityOfPage\" itemtype=\"https:\/\/schema.org\/WebPage\" itemid=\"http:\/\/antandros.org\/ant_wp\/antandros-antik-kenti-ilgi-gordu\/\" content=\"Antandros Antik Kenti \u0130lgi G\u00f6rd\u00fc\" \/><meta itemprop=\"datePublished\" content=\"2017-10-13\" \/><meta itemprop=\"dateModified\" content=\"2019-07-12\" \/><meta itemprop=\"name\" content=\"Antandros Antik Kenti\"><meta itemprop=\"url\" content=\"http:\/\/antandros.org\/ant_wp\/author\/ka_ant02109\/\" \/><meta itemprop=\"name\" content=\"Ka_AnT02109\" \/><meta itemprop=\"url\" content=\"http:\/\/antandros.org\/ant_wp\/wp-content\/uploads\/2019\/07\/008_Antandros-Antik-Kenti-\u0130lgi-G\u00f6rd\u00fc-kapak.jpg\" \/><meta itemprop=\"width\" content=\"700\" \/><meta itemprop=\"height\" content=\"388\" \/><meta itemprop=\"interactionType\" content=\"http:\/\/schema.org\/CommentAction\" \/><meta itemprop=\"userInteractionCount\" content=\"0\" \/><br \/>\n\t<a href='http:\/\/antandros.org\/en\/ant_wp\/antandros-antik-kenti-ilgi-gordu\/' title='Antandros Antik Kenti \u0130lgi G\u00f6rd\u00fc'><img loading=\"lazy\" decoding=\"async\" width=\"700\" height=\"388\" src=\"http:\/\/antandros.org\/ant_wp\/wp-content\/uploads\/2019\/07\/008_Antandros-Antik-Kenti-\u0130lgi-G\u00f6rd\u00fc-kapak.jpg\" alt=\"Antandros Antik Kenti \u0130lgi G\u00f6rd\u00fc Kapak G\u00f6rseli\" itemprop=\"image\" \/><\/a><br \/>\n\t    \t13<br \/>\n\t    \tEki<\/p>\n<h2><a href='http:\/\/antandros.org\/en\/ant_wp\/antandros-antik-kenti-ilgi-gordu\/' title='Antandros Antik Kenti \u0130lgi G\u00f6rd\u00fc'>Antandros Antik Kenti \u0130lgi G\u00f6rd\u00fc<\/a><\/h2>\n<p>Avrupa Yerel Demokrasi Haftas\u0131\u2019n\u0131n son g\u00fcn etkinliklerinde Antandros Antik Kenti\u2019ne g\u00f6sterilen ilgi yo\u011fun&#8230;<\/p>\n<p>\t    \t<a href=\"http:\/\/antandros.org\/en\/ant_wp\/antandros-antik-kenti-ilgi-gordu\/\"> Detaylar<\/a><br \/>\n        \t<meta itemscope itemprop=\"mainEntityOfPage\" itemtype=\"https:\/\/schema.org\/WebPage\" itemid=\"http:\/\/antandros.org\/ant_wp\/edremitte-parisin-secimi-sahnelendi\/\" content=\"Edremit\u2019te \u201cParis\u2019in Se\u00e7imi\u201d Sahnelendi\" \/><meta itemprop=\"datePublished\" content=\"2017-10-13\" \/><meta itemprop=\"dateModified\" content=\"2019-07-12\" \/><meta itemprop=\"name\" content=\"Antandros Antik Kenti\"><meta itemprop=\"url\" content=\"http:\/\/antandros.org\/ant_wp\/author\/ka_ant02109\/\" \/><meta itemprop=\"name\" content=\"Ka_AnT02109\" \/><meta itemprop=\"url\" content=\"http:\/\/antandros.org\/ant_wp\/wp-content\/uploads\/2019\/07\/007_Parisin-Se\u00e7imi-Sahnelendi-kapak.jpg\" \/><meta itemprop=\"width\" content=\"692\" \/><meta itemprop=\"height\" content=\"453\" \/><meta itemprop=\"interactionType\" content=\"http:\/\/schema.org\/CommentAction\" \/><meta itemprop=\"userInteractionCount\" content=\"0\" \/><br \/>\n\t<a href='http:\/\/antandros.org\/en\/ant_wp\/edremitte-parisin-secimi-sahnelendi\/' title='Edremit\u2019te \u201cParis\u2019in Se\u00e7imi\u201d Sahnelendi'><img loading=\"lazy\" decoding=\"async\" width=\"692\" height=\"453\" src=\"http:\/\/antandros.org\/ant_wp\/wp-content\/uploads\/2019\/07\/007_Parisin-Se\u00e7imi-Sahnelendi-kapak.jpg\" alt=\"Parisin Se\u00e7imi Sahnelendi Kapak G\u00f6rseli\" itemprop=\"image\" \/><\/a><br \/>\n\t    \t13<br \/>\n\t    \tEki<\/p>\n<h2><a href='http:\/\/antandros.org\/en\/ant_wp\/edremitte-parisin-secimi-sahnelendi\/' title='Edremit\u2019te \u201cParis\u2019in Se\u00e7imi\u201d Sahnelendi'>Edremit\u2019te \u201cParis\u2019in Se\u00e7imi\u201d Sahnelendi<\/a><\/h2>\n<p>Edremit Belediyesi taraf\u0131ndan d\u00fczenlenen Avrupa Demokrasi Haftas\u0131 etkinlikleri kapsam\u0131nda, Alt\u0131noluk Mahallesi \u0130da Sanat&#8230;<\/p>\n<p>\t    \t<a href=\"http:\/\/antandros.org\/en\/ant_wp\/edremitte-parisin-secimi-sahnelendi\/\"> Detaylar<\/a><br \/>\n        \t<meta itemscope itemprop=\"mainEntityOfPage\" itemtype=\"https:\/\/schema.org\/WebPage\" itemid=\"http:\/\/antandros.org\/ant_wp\/antrandos-antik-kentinde-2-bin-500-yillik-lahit-mezar-bulundu\/\" content=\"Antrandos Antik Kenti&#8217;nde 2 Bin 500 Y\u0131ll\u0131k Lahit Mezar Bulundu\" \/><meta itemprop=\"datePublished\" content=\"2017-07-30\" \/><meta itemprop=\"dateModified\" content=\"2019-07-12\" \/><meta itemprop=\"name\" content=\"Antandros Antik Kenti\"><meta itemprop=\"url\" content=\"http:\/\/antandros.org\/ant_wp\/author\/ka_ant02109\/\" \/><meta itemprop=\"name\" content=\"Ka_AnT02109\" \/><meta itemprop=\"url\" content=\"http:\/\/antandros.org\/ant_wp\/wp-content\/uploads\/2019\/07\/011_2500-y\u0131ll\u0131k-mezar-kapak.jpg\" \/><meta itemprop=\"width\" content=\"500\" \/><meta itemprop=\"height\" content=\"500\" \/><meta itemprop=\"interactionType\" content=\"http:\/\/schema.org\/CommentAction\" \/><meta itemprop=\"userInteractionCount\" content=\"0\" \/><br \/>\n\t<a href='http:\/\/antandros.org\/en\/ant_wp\/antrandos-antik-kentinde-2-bin-500-yillik-lahit-mezar-bulundu\/' title='Antrandos Antik Kenti&#8217;nde 2 Bin 500 Y\u0131ll\u0131k Lahit Mezar Bulundu'><img loading=\"lazy\" decoding=\"async\" width=\"500\" height=\"500\" src=\"http:\/\/antandros.org\/ant_wp\/wp-content\/uploads\/2019\/07\/011_2500-y\u0131ll\u0131k-mezar-kapak.jpg\" alt=\"Antandros&#039;ta 2500 Y\u0131ll\u0131k Mezar kapak G\u00f6rseli\" itemprop=\"image\" srcset=\"http:\/\/antandros.org\/ant_wp\/wp-content\/uploads\/2019\/07\/011_2500-y\u0131ll\u0131k-mezar-kapak.jpg 500w, http:\/\/antandros.org\/ant_wp\/wp-content\/uploads\/2019\/07\/011_2500-y\u0131ll\u0131k-mezar-kapak-448x448.jpg 448w\" sizes=\"auto, (max-width: 500px) 100vw, 500px\" \/><\/a><br \/>\n\t    \t30<br \/>\n\t    \tTem<\/p>\n<h2><a href='http:\/\/antandros.org\/en\/ant_wp\/antrandos-antik-kentinde-2-bin-500-yillik-lahit-mezar-bulundu\/' title='Antrandos Antik Kenti&#8217;nde 2 Bin 500 Y\u0131ll\u0131k Lahit Mezar Bulundu'>Antrandos Antik Kenti&#8217;nde 2 Bin 500 Y\u0131ll\u0131k Lahit Mezar Bulundu<\/a><\/h2>\n<p>Bal\u0131kesir&#8217;de kaz\u0131 \u00e7al\u0131\u015fmalar\u0131 devam eden Antandros Antik Kenti&#8217;nde, 2 bin 500 y\u0131ll\u0131k lahit&#8230;<\/p>\n<p>\t    \t<a href=\"http:\/\/antandros.org\/en\/ant_wp\/antrandos-antik-kentinde-2-bin-500-yillik-lahit-mezar-bulundu\/\"> Detaylar<\/a><br \/>\n        \t<meta itemscope itemprop=\"mainEntityOfPage\" itemtype=\"https:\/\/schema.org\/WebPage\" itemid=\"http:\/\/antandros.org\/ant_wp\/aeneasin-rotasiyla-edremit-korfezi-daha-iyi-tanitalacak\/\" content=\"Aeneas&#8217;\u0131n Rotas\u0131yla Edremit K\u00f6rfezi Daha \u0130yi Tan\u0131talacak\" \/><meta itemprop=\"datePublished\" content=\"2017-06-06\" \/><meta itemprop=\"dateModified\" content=\"2019-07-21\" \/><meta itemprop=\"name\" content=\"Antandros Antik Kenti\"><meta itemprop=\"url\" content=\"http:\/\/antandros.org\/ant_wp\/author\/ka_ant02109\/\" \/><meta itemprop=\"name\" content=\"Ka_AnT02109\" \/><meta itemprop=\"url\" content=\"http:\/\/antandros.org\/ant_wp\/wp-content\/uploads\/2019\/07\/011_aeneas-rotasi.jpg\" \/><meta itemprop=\"width\" content=\"590\" \/><meta itemprop=\"height\" content=\"332\" \/><meta itemprop=\"interactionType\" content=\"http:\/\/schema.org\/CommentAction\" \/><meta itemprop=\"userInteractionCount\" content=\"0\" \/><br \/>\n\t    \t6<br \/>\n\t    \tHaz<\/p>\n<h2><a href='http:\/\/antandros.org\/en\/ant_wp\/aeneasin-rotasiyla-edremit-korfezi-daha-iyi-tanitalacak\/' title='Aeneas&#8217;\u0131n Rotas\u0131yla Edremit K\u00f6rfezi Daha \u0130yi Tan\u0131talacak'>Aeneas&#8217;\u0131n Rotas\u0131yla Edremit K\u00f6rfezi Daha \u0130yi Tan\u0131talacak<\/a><\/h2>\n<p>19 Kas Antandros&#8217;ta 2200 y\u0131ll\u0131k &#8216;kararname&#8217; Kazda\u011flar\u0131&#8217;n\u0131n eteklerinde milattan \u00f6nce 10. y\u00fczy\u0131lda kuruldu\u011fu&#8230;<\/p>\n<p>\t    \t<a href=\"http:\/\/antandros.org\/en\/ant_wp\/arkeoloji-haberleri\/\"> Detaylar<\/a><br \/>\n        \t<meta itemscope itemprop=\"mainEntityOfPage\" itemtype=\"https:\/\/schema.org\/WebPage\" itemid=\"http:\/\/antandros.org\/ant_wp\/antandros-efes-antik-kenti-gibi-marka-olabilir\/\" content=\"&#8220;Antandros Efes Antik Kenti gibi marka olabilir&#8221;\" \/><meta itemprop=\"datePublished\" content=\"2017-04-08\" \/><meta itemprop=\"dateModified\" content=\"2019-07-12\" \/><meta itemprop=\"name\" content=\"Antandros Antik Kenti\"><meta itemprop=\"url\" content=\"http:\/\/antandros.org\/ant_wp\/author\/ka_ant02109\/\" \/><meta itemprop=\"name\" content=\"Ka_AnT02109\" \/><meta itemprop=\"url\" content=\"http:\/\/antandros.org\/ant_wp\/wp-content\/uploads\/2019\/07\/Antandros-Efes-Antik-Kenti-gibi-marka-olabilir.jpg\" \/><meta itemprop=\"width\" content=\"590\" \/><meta itemprop=\"height\" content=\"332\" \/><meta itemprop=\"interactionType\" content=\"http:\/\/schema.org\/CommentAction\" \/><meta itemprop=\"userInteractionCount\" content=\"0\" \/><br \/>\n\t<a href='http:\/\/antandros.org\/en\/ant_wp\/antandros-efes-antik-kenti-gibi-marka-olabilir\/' title='&#8220;Antandros Efes Antik Kenti gibi marka olabilir&#8221;'><img loading=\"lazy\" decoding=\"async\" width=\"590\" height=\"332\" src=\"http:\/\/antandros.org\/ant_wp\/wp-content\/uploads\/2019\/07\/Antandros-Efes-Antik-Kenti-gibi-marka-olabilir.jpg\" alt=\"Antandros Efes Antik Kenti Gibi Marka Olabilir\" itemprop=\"image\" srcset=\"http:\/\/antandros.org\/ant_wp\/wp-content\/uploads\/2019\/07\/Antandros-Efes-Antik-Kenti-gibi-marka-olabilir.jpg 590w, http:\/\/antandros.org\/ant_wp\/wp-content\/uploads\/2019\/07\/Antandros-Efes-Antik-Kenti-gibi-marka-olabilir-480x270.jpg 480w\" sizes=\"auto, (max-width: 590px) 100vw, 590px\" \/><\/a><br \/>\n\t    \t8<br \/>\n\t    \tNis<\/p>\n<h2><a href='http:\/\/antandros.org\/en\/ant_wp\/antandros-efes-antik-kenti-gibi-marka-olabilir\/' title='&#8220;Antandros Efes Antik Kenti gibi marka olabilir&#8221;'>&#8220;Antandros Efes Antik Kenti gibi marka olabilir&#8221;<\/a><\/h2>\n<p>Ege \u00dcniversitesi Edebiyat Fak\u00fcltesi Klasik Arkeoloji B\u00f6l\u00fcm\u00fc \u00d6\u011fretim \u00dcyesi Prof Dr. G\u00fcrcan Polat,&#8230;<\/p>\n<p>\t    \t<a href=\"http:\/\/antandros.org\/en\/ant_wp\/antandros-efes-antik-kenti-gibi-marka-olabilir\/\"> Detaylar<\/a><\/p>","protected":false},"excerpt":{"rendered":"<div class=\"entry-summary\">\n<div class=\"entry-summary\">\nUp to date archeological news and developments from Turkey and the world!\n<\/div>\n<div class=\"link-more\"><a href=\"https:\/\/antandros.org\/en\/arkeoloji-haberleri\/\" class=\"more-link\">Devam\u0131<span class=\"screen-reader-text\"> &ldquo;Arkeoloji Haberleri&rdquo;<\/span>&hellip;<\/a><\/div>\n<\/div>\n<div class=\"link-more\"><a href=\"https:\/\/antandros.org\/en\/arkeoloji-haberleri\/\" class=\"more-link\">Devam\u0131<span class=\"screen-reader-text\"> &ldquo;Arkeoloji Haberleri&rdquo;<\/span>&hellip;<\/a><\/div>","protected":false},"author":1,"featured_media":0,"parent":0,"menu_order":0,"comment_status":"closed","ping_status":"closed","template":"","meta":{"footnotes":""},"class_list":["post-1541","page","type-page","status-publish","hentry","entry"],"wps_subtitle":"","_links":{"self":[{"href":"https:\/\/antandros.org\/en\/wp-json\/wp\/v2\/pages\/1541","targetHints":{"allow":["GET"]}}],"collection":[{"href":"https:\/\/antandros.org\/en\/wp-json\/wp\/v2\/pages"}],"about":[{"href":"https:\/\/antandros.org\/en\/wp-json\/wp\/v2\/types\/page"}],"author":[{"embeddable":true,"href":"https:\/\/antandros.org\/en\/wp-json\/wp\/v2\/users\/1"}],"replies":[{"embeddable":true,"href":"https:\/\/antandros.org\/en\/wp-json\/wp\/v2\/comments?post=1541"}],"version-history":[{"count":0,"href":"https:\/\/antandros.org\/en\/wp-json\/wp\/v2\/pages\/1541\/revisions"}],"wp:attachment":[{"href":"https:\/\/antandros.org\/en\/wp-json\/wp\/v2\/media?parent=1541"}],"curies":[{"name":"wp","href":"https:\/\/api.w.org\/{rel}","templated":true}]}}