{"id":1509,"date":"2019-05-31T12:29:18","date_gmt":"2019-05-31T09:29:18","guid":{"rendered":"http:\/\/antandros.org\/ant_wp\/?page_id=1509"},"modified":"2019-07-29T15:15:49","modified_gmt":"2019-07-29T12:15:49","slug":"arastirma-tarihcesi","status":"publish","type":"page","link":"https:\/\/antandros.org\/en\/arastirma-tarihcesi\/","title":{"rendered":"Brief History of the Research"},"content":{"rendered":"<p>Research on the detection of the Antandros ancient city began when Heinrich Kiepert discovered an inscription referring Antandros (\u0391\u03bd\u03c4\u03ac\u03bd\u03b4\u03c1i\u03c9\u03bd) on the wall of the Avc\u0131lar Village Mosque in 1842.<\/p>\n<p>\t\t\t\t<img loading=\"lazy\" decoding=\"async\" src=\"http:\/\/antandros.org\/ant_wp\/wp-content\/uploads\/2019\/05\/heinrich-kiepert-1.jpg\" alt=\"Heinrich Kiepert\" itemprop=\"image\" height=\"482\" width=\"405\" title=\"Heinrich Kiepert (1818 - 1899)\"  \/><br \/>\n\t\tHeinrich Kiepert (1818 &#8211; 1899)<\/p>\n<p class=\" translation-block\"><span style=\"font-size: 18px\">Based on this inscription, Kiepert located the city of Antandros on his 1:100,000 scale map. Kiepert, together with Fabricius in 1888, found a second inscription on his way back to Antandros as well as Antandros coins with the letters ANT on them, revealing that his earlier finding was correct. <span id='easy-footnote-1-1509' class='easy-footnote-margin-adjust'><\/span><span class='easy-footnote'><a href='#easy-footnote-bottom-1-1509' title='Heinrich Kiepert, Die alten Ortslagen am S\u00fcdfu\u00dfe des Idagebirges, Zeitschrift der Gesellschaft f\u00fcr Erdkunde zu Berlin 24, s.298'><sup>1<\/sup><\/a><\/span> Kiepert climbed Dervent Hill, Antandros (modern name: Kaleta\u015f\u0131 Hill), together with Fabricius, and found pieces of marble and ceramics which confirmed the settlement of a city there. After the barometric measurements he performed there, he determined that the peak was 215 meters high. <\/span><\/p>\n<p>Elevation curves map reveals that the summit of the hill is over 200 meters high. Meanwhile, Heinrich Schliemann also passed through the same route in 1881 and he, not only saw Kiepert's original inscription but discovered the existence of an ancient city at Dervent Hill, where he predicted the width and height to be 1000 meters. The fact that the villagers found many silver Antandros coins in this ancient city attracted Schliemann\u2019s attention and claimed that the name Dervent is derived from the ancient name of Antandros. However, J. M. Cook, who visited the city twice in 1959 and 1968, pointed out that Dervent, as Kiepert had already noticed, is a name often used for passages, suggesting that the name is pointing to a later date. Indeed, the Kaleta\u015f\u0131 Hill, on which the city is located, ends with a steep slope towards the sea. Modern asphalt road was built by cutting down the skirts of the hill. Before modern asphalt was built, transportation took place along the narrow, pebbly coast between the sea and the hill. As a result of his examinations in 1959 and 1968, Cook concluded that there were no findings on the east slope and that the main settlement should be on the west slope of the hill. <span id='easy-footnote-2-1509' class='easy-footnote-margin-adjust'><\/span><span class='easy-footnote'><a href='https:\/\/antandros.org\/en\/arastirma-tarihcesi\/#easy-footnote-bottom-2-1509' title='J.M. Cook, Troad : An Archaeological and Topographical Study, 1973, s. 269'><sup>2<\/sup><\/a><\/span> <\/p>\n<p>\t\t\t\t<img loading=\"lazy\" decoding=\"async\" src=\"http:\/\/antandros.org\/ant_wp\/wp-content\/uploads\/2019\/05\/kaletas-tepesi-1911.jpg\" alt=\"Kaleta\u015f Tepesi 1911\" itemprop=\"image\" height=\"342\" width=\"581\" title=\"Kaletas Hill, 1911\"  \/><br \/>\n\t\tKaleta\u015f\u0131 Tepesi (1911). \u0130da Da\u011f\u0131&#8217;ndan elde edilen keresteler gemiye y\u00fcklenmek i\u00e7in beklemekte.<\/p>\n<p>Eight years after Kiepert, Judeich conducted research on the hill. As a result of his research, he said the city was composed of two parts; the upper and lower Antandros, and concluded that Antandros was not a city too large.<\/p>\n<p>1911 y\u0131l\u0131nda \u015fehri ziyaret eden Leaf, tepenin bat\u0131 b\u00f6l\u00fcm\u00fcn\u00fcn sahibi olan Alt\u0131noluklu zengin T\u00fcrkler&#8217;e ait firman\u0131n burada bir mezar a\u00e7t\u0131\u011f\u0131n\u0131 ve buradan orijinalinde bir rahibenin onurland\u0131r\u0131lmas\u0131 i\u00e7in dikilmi\u015f, ama sonradan ikinci kez kullan\u0131lm\u0131\u015f olan bir heykel altl\u0131\u011f\u0131n\u0131n \u00e7\u0131kar\u0131lm\u0131\u015f oldu\u011funu saptam\u0131\u015ft\u0131r. Buna dayanarak, \u015fehrin nekropolisinin tepenin bat\u0131 yamac\u0131nda, garnizonun ise tepenin zirvesinde, ticaret merkezi ve limanlar\u0131n da tepenin do\u011fusunda oldu\u011funa kanaat getirmi\u015ftir. <span id='easy-footnote-3-1509' class='easy-footnote-margin-adjust'><\/span><span class='easy-footnote'><a href='https:\/\/antandros.org\/en\/arastirma-tarihcesi\/#easy-footnote-bottom-3-1509' title='Walter Leaf, Strabo on the Troad, Cambridge, 1923, s. 263.'><sup>3<\/sup><\/a><\/span>\n<p>When, as a result of zoning, the coastline to the west of the Kaleta\u015f Hill was open to built-up, construction works started in 1989. During these works, ancient graves were found, thus Museum Rescue Excavations were initiated in 1991. The related studies showed that this area was used as a necropolis from the 7th century BC to the 2nd century BC. The Museum Rescue Excavations continued at intervals and after 1995, excavation works were terminated. <span id='easy-footnote-4-1509' class='easy-footnote-margin-adjust'><\/span><span class='easy-footnote'><a href='https:\/\/antandros.org\/en\/arastirma-tarihcesi\/#easy-footnote-bottom-4-1509' title='Bedri Yalman, 3. M\u00fcze Kurtarma Kaz\u0131lar\u0131 Semineri, 1992. \u00d6. \u00d6ZEREN, F. \u00dcNAL, A. \u00d6NER, Antandros Nekropol\u00fc Kurtarma Kaz\u0131s\u0131, 8. M\u00fcze Kurtarma Kaz\u0131lar\u0131 Semineri,1996.'><sup>4<\/sup><\/a><\/span>\n<p>\t\t\t\t<img loading=\"lazy\" decoding=\"async\" src=\"http:\/\/antandros.org\/ant_wp\/wp-content\/uploads\/2019\/06\/m\u00fcze-kurtarma-kazilari.jpg\" alt=\"1991-1995 y\u0131llar\u0131 aras\u0131nda yap\u0131lan M\u00fcze kurtarma kaz\u0131lar\u0131\" itemprop=\"image\" height=\"320\" width=\"531\" title=\"Museum rescue excavations between 1991-1995\"  \/><br \/>\n\t\tMuseum rescue excavations between 1991-1995<\/p>\n<p>In the year 2000, a surface survey was conducted by a team under the leadership of Professor G\u00fcrcan Polat of Ege University Faculty of Letters, Department of Classical Archaeology.\nAs a result of this research, the existence of a settlement surrounded by a wall was discovered at Kaleta\u015f\u0131 Hill. The materials obtained from the work done on the hill covered with pine trees indicated that this settlement was used from the late 5th century BC to the 4th century BC. The data obtained from the survey conducted on the west slope of the hill revealed that this area had been inhabited for a long time including the Byzantine period, starting from the 6th century BC. The research made both at the western part of Karakazan (Kundak\u00e7\u0131nar) River, which flows into the sea to the west of the hill and also at the eastern slopes of Kaleta\u015f\u0131 Hill, yielded no sign for settlement in those areas.<\/p>\n<p>2001-2006 y\u0131llar\u0131 aras\u0131nda Ege \u00dcniversitesi, Edebiyat Fak\u00fcltesi, Arkeoloji B\u00f6l\u00fcm\u00fc ile Bal\u0131kesir M\u00fczesi&#8217;nin ortakla\u015fa \u00e7al\u0131\u015fmalar\u0131yla s\u00fcren kaz\u0131lar, 2007 y\u0131l\u0131yla birlikte Prof. Dr. G\u00fcrcan Polat ba\u015fkanl\u0131\u011f\u0131nda devam eden akademik bir kaz\u0131ya d\u00f6n\u00fc\u015fm\u00fc\u015ft\u00fcr.<\/p>","protected":false},"excerpt":{"rendered":"<div class=\"entry-summary\">\n<div class=\"entry-summary\">\nResearch on the detection of the Antandros ancient city began when Heinrich Kiepert discovered an inscription referring Antandros (\u0391\u03bd\u03c4\u03b1\u03bd\u03b4\u03c1\u03bf\u03bd) on the wall of the Avc\u0131lar Village Mosque in 1842.\n<\/div>\n<div class=\"link-more\"><a href=\"https:\/\/antandros.org\/en\/arastirma-tarihcesi\/\" class=\"more-link\">Devam\u0131<span class=\"screen-reader-text\"> &ldquo;Ara\u015ft\u0131rma Tarih\u00e7esi&rdquo;<\/span>&hellip;<\/a><\/div>\n<\/div>\n<div class=\"link-more\"><a href=\"https:\/\/antandros.org\/en\/arastirma-tarihcesi\/\" class=\"more-link\">Devam\u0131<span class=\"screen-reader-text\"> &ldquo;Ara\u015ft\u0131rma Tarih\u00e7esi&rdquo;<\/span>&hellip;<\/a><\/div>","protected":false},"author":1,"featured_media":3551,"parent":0,"menu_order":0,"comment_status":"closed","ping_status":"closed","template":"","meta":{"footnotes":""},"class_list":["post-1509","page","type-page","status-publish","has-post-thumbnail","hentry","entry"],"wps_subtitle":"","_links":{"self":[{"href":"https:\/\/antandros.org\/en\/wp-json\/wp\/v2\/pages\/1509","targetHints":{"allow":["GET"]}}],"collection":[{"href":"https:\/\/antandros.org\/en\/wp-json\/wp\/v2\/pages"}],"about":[{"href":"https:\/\/antandros.org\/en\/wp-json\/wp\/v2\/types\/page"}],"author":[{"embeddable":true,"href":"https:\/\/antandros.org\/en\/wp-json\/wp\/v2\/users\/1"}],"replies":[{"embeddable":true,"href":"https:\/\/antandros.org\/en\/wp-json\/wp\/v2\/comments?post=1509"}],"version-history":[{"count":0,"href":"https:\/\/antandros.org\/en\/wp-json\/wp\/v2\/pages\/1509\/revisions"}],"wp:featuredmedia":[{"embeddable":true,"href":"https:\/\/antandros.org\/en\/wp-json\/wp\/v2\/media\/3551"}],"wp:attachment":[{"href":"https:\/\/antandros.org\/en\/wp-json\/wp\/v2\/media?parent=1509"}],"curies":[{"name":"wp","href":"https:\/\/api.w.org\/{rel}","templated":true}]}}