{"id":1489,"date":"2019-05-30T17:46:49","date_gmt":"2019-05-30T14:46:49","guid":{"rendered":"http:\/\/antandros.org\/ant_wp\/?page_id=1489"},"modified":"2021-10-27T11:13:23","modified_gmt":"2021-10-27T08:13:23","slug":"cografi-konum","status":"publish","type":"page","link":"https:\/\/antandros.org\/en\/cografi-konum\/","title":{"rendered":"Geography"},"content":{"rendered":"<h2>Ancient Location<\/h2>\n<p>Antandros is an ancient Troad city, located at the skirts of Kaz Da\u011flar\u0131 (ancient Ida Mountain), on the northern coastline of the Edremit gulf in Alt\u0131noluk, Edremit, city of Bal\u0131kesir. It is stationed at the Kaleta\u015f\u0131 hilltop spreading through the climax and the western slopes, creating a checkpoint and looking over the road connecting Mysia and Aiolis to Troy<\/p>\n<p>\t\t\t\t<img decoding=\"async\" src=\"http:\/\/antandros.org\/ant_wp\/wp-content\/uploads\/2019\/06\/cografi-konum-harita3.jpg\" alt=\"Antandros'un Cografi Konumunu G\u00f6steren Harita\" itemprop=\"image\" title=\"Geographic Location Map of Antandros\"  \/><\/p>\n<h2>Modern Location<\/h2>\n<p>Antandros lies within the boundaries of Alt\u0131noluk premise of Edremit, Bal\u0131kesir. It lies on the north of Edremit Gulf, and at the southern skirts of Kaz Da\u011flar\u0131 (Ida Mountain), 2.5 km east of Alt\u0131noluk, covering the climax and the western slopes of Kaleta\u015f\u0131 hilltop with a 215 m. altitude. The \u00c7anakkale- Edremit highway runs right through the ancient city of Antandros.<\/p>\n<p>\t\t\t\t<a href=\"https:\/\/antandros.org\/wp-content\/uploads\/2019\/05\/antandros-google-earth.jpg\" target=\"_self\" itemprop=\"url\"><br \/>\n\t\t\t\t<img decoding=\"async\" src=\"http:\/\/antandros.org\/ant_wp\/wp-content\/uploads\/2019\/05\/antandros-google-earth.jpg\" alt=\"Google Earth Antandros'un Konumu\" itemprop=\"image\" title=\"Geographical Location of Antandros\"  \/><br \/>\n\t\t\t\t<\/a><\/p>\n<div class=\"wf-gmp-canvas\" id=\"wf-gmp_1\" style=\"width:100%; height:500px;\"><\/div>","protected":false},"excerpt":{"rendered":"<div class=\"entry-summary\">\n<div class=\"entry-summary\">\nAntandros is an ancient Troad city, located at the skirts of Kaz Da\u011flar\u0131 (ancient Ida Mountain), on the northern coastline of the Edremit gulf in Alt\u0131noluk, Edremit, city of Bal\u0131kesir.\n<\/div>\n<div class=\"link-more\"><a href=\"https:\/\/antandros.org\/en\/cografi-konum\/\" class=\"more-link\">Devam\u0131<span class=\"screen-reader-text\"> &ldquo;Co\u011frafi Konum&rdquo;<\/span>&hellip;<\/a><\/div>\n<\/div>\n<div class=\"link-more\"><a href=\"https:\/\/antandros.org\/en\/cografi-konum\/\" class=\"more-link\">Devam\u0131<span class=\"screen-reader-text\"> &ldquo;Co\u011frafi Konum&rdquo;<\/span>&hellip;<\/a><\/div>","protected":false},"author":1,"featured_media":1984,"parent":0,"menu_order":0,"comment_status":"closed","ping_status":"closed","template":"","meta":{"footnotes":""},"class_list":["post-1489","page","type-page","status-publish","has-post-thumbnail","hentry","entry"],"wps_subtitle":"","_links":{"self":[{"href":"https:\/\/antandros.org\/en\/wp-json\/wp\/v2\/pages\/1489","targetHints":{"allow":["GET"]}}],"collection":[{"href":"https:\/\/antandros.org\/en\/wp-json\/wp\/v2\/pages"}],"about":[{"href":"https:\/\/antandros.org\/en\/wp-json\/wp\/v2\/types\/page"}],"author":[{"embeddable":true,"href":"https:\/\/antandros.org\/en\/wp-json\/wp\/v2\/users\/1"}],"replies":[{"embeddable":true,"href":"https:\/\/antandros.org\/en\/wp-json\/wp\/v2\/comments?post=1489"}],"version-history":[{"count":1,"href":"https:\/\/antandros.org\/en\/wp-json\/wp\/v2\/pages\/1489\/revisions"}],"predecessor-version":[{"id":4071,"href":"https:\/\/antandros.org\/en\/wp-json\/wp\/v2\/pages\/1489\/revisions\/4071"}],"wp:featuredmedia":[{"embeddable":true,"href":"https:\/\/antandros.org\/en\/wp-json\/wp\/v2\/media\/1984"}],"wp:attachment":[{"href":"https:\/\/antandros.org\/en\/wp-json\/wp\/v2\/media?parent=1489"}],"curies":[{"name":"wp","href":"https:\/\/api.w.org\/{rel}","templated":true}]}}