{"id":1070,"date":"2017-03-09T15:20:56","date_gmt":"2017-03-09T15:20:56","guid":{"rendered":"http:\/\/themedemos.webmandesign.eu\/icelander\/?page_id=7"},"modified":"2026-03-09T20:58:58","modified_gmt":"2026-03-09T17:58:58","slug":"home","status":"publish","type":"page","link":"https:\/\/antandros.org\/en\/","title":{"rendered":"Home Page"},"content":{"rendered":"<p>REPUBLIC OF TURKEY MINISTRY OF CULTURE AND TOURISM<\/p>\n\t<h1>ANCIENT CITY EXCAVATIONS<\/h1>\n\t<p>Antandros Antik Kenti, Edremit&#8217;in Alt\u0131noluk Mahallesi&#8217;ne 2 km. uzakl\u0131kta yer alan \u00f6nemli bir Troas kentidir. Mysia ile Troas aras\u0131nda uzanan yolu kontrol eden stratejik bir konumda yer alan Antandros&#8217;un kurulu\u015fu, baz\u0131 antik yazarlara g\u00f6re Troia Sava\u015f\u0131&#8217;n\u0131n \u00f6ncesine kadar uzanmaktad\u0131r. 2000 y\u0131l\u0131nda y\u00fczey ara\u015ft\u0131rmas\u0131yla ba\u015flanan akademik kaz\u0131 \u00e7al\u0131\u015fmalar\u0131, 2007 y\u0131l\u0131ndan itibaren bakanlar kurulu karar\u0131 ile devam etmektedir.<\/p>\n\t\t\t\t<img decoding=\"async\" src=\"http:\/\/antandros.org\/ant_wp\/wp-content\/uploads\/2019\/06\/anasayfa-abdullah-efendi-konagi.jpg\" alt=\"Abdullah Efendi Kona\u011f\u0131 G\u00f6rseli\" itemprop=\"image\" title=\"The Historical Abdullah Efendi Mansion\" onerror=\"this.style.display='none'\" loading='lazy' \/>\n<h2>\n\t\t\tPHOTO GALLERY\t<\/h2>","protected":false},"excerpt":{"rendered":"<div class=\"entry-summary\">\n<div class=\"entry-summary\">\n<p>What you see here is the default beauty of the accessible <strong>Icelander WordPress theme<\/strong> by <a href=\"https:\/\/www.webmandesign.eu\" target=\"_blank\" rel=\"noopener\">WebManDesign.eu<\/a>. Honestly, no page builder is used on this page, rendering it as fast as lightning!<\/p>\n<p><a href=\"\/en\/icelander\/shop\/\" class=\"button size-large\">Go shopping<\/a><\/p>\n<\/div>\n<div class=\"link-more\"><a href=\"https:\/\/antandros.org\/en\/\" class=\"more-link\">Devam\u0131<span class=\"screen-reader-text\"> &ldquo;Ana Sayfa&rdquo;<\/span>&hellip;<\/a><\/div>\n<\/div>\n<div class=\"link-more\"><a href=\"https:\/\/antandros.org\/en\/\" class=\"more-link\">Devam\u0131<span class=\"screen-reader-text\"> &ldquo;Ana Sayfa&rdquo;<\/span>&hellip;<\/a><\/div>","protected":false},"author":1,"featured_media":0,"parent":0,"menu_order":0,"comment_status":"closed","ping_status":"closed","template":"","meta":{"footnotes":""},"class_list":["post-1070","page","type-page","status-publish","hentry","entry"],"wps_subtitle":"","_links":{"self":[{"href":"https:\/\/antandros.org\/en\/wp-json\/wp\/v2\/pages\/1070","targetHints":{"allow":["GET"]}}],"collection":[{"href":"https:\/\/antandros.org\/en\/wp-json\/wp\/v2\/pages"}],"about":[{"href":"https:\/\/antandros.org\/en\/wp-json\/wp\/v2\/types\/page"}],"author":[{"embeddable":true,"href":"https:\/\/antandros.org\/en\/wp-json\/wp\/v2\/users\/1"}],"replies":[{"embeddable":true,"href":"https:\/\/antandros.org\/en\/wp-json\/wp\/v2\/comments?post=1070"}],"version-history":[{"count":8,"href":"https:\/\/antandros.org\/en\/wp-json\/wp\/v2\/pages\/1070\/revisions"}],"predecessor-version":[{"id":4330,"href":"https:\/\/antandros.org\/en\/wp-json\/wp\/v2\/pages\/1070\/revisions\/4330"}],"wp:attachment":[{"href":"https:\/\/antandros.org\/en\/wp-json\/wp\/v2\/media?parent=1070"}],"curies":[{"name":"wp","href":"https:\/\/api.w.org\/{rel}","templated":true}]}}